{"id":18537,"date":"2022-05-06T08:42:33","date_gmt":"2022-05-06T06:42:33","guid":{"rendered":"https:\/\/ak47.nu\/produkt\/theta-optics-tva-delar-25-mm-siktesringar-for-ris-rals-hog-2\/"},"modified":"2025-12-03T20:32:20","modified_gmt":"2025-12-03T19:32:20","slug":"theta-optics-25mm-anneaux-de-lunette-hauts-rail-ris","status":"publish","type":"product","link":"https:\/\/ak47.nu\/fr\/produit\/tillbehor-2\/optik\/ovriga-riktmedel\/theta-optics-25mm-anneaux-de-lunette-hauts-rail-ris\/","title":{"rendered":"Theta Optics 25mm Anneaux de Lunette Hauts pour Rail RIS"},"content":{"rendered":"<h1>Theta Optics - Deux Parties 25 mm Anneaux de Lunette pour Rail RIS (Haut)<\/h1>\n<h2>S\u00e9curisez Votre Optique avec des Anneaux de Lunette Robustes<\/h2>\n<p>Ces <strong>anneaux de lunette Theta Optics de 25 mm<\/strong> sont enti\u00e8rement fabriqu\u00e9s en m\u00e9tal et con\u00e7us pour offrir un montage stable et s\u00e9curis\u00e9 de votre optique sur les r\u00e9pliques \u00e9quip\u00e9es d'un rail RIS standard de 22 mm. L'ensemble se compose de deux anneaux qui se vissent facilement avec des vis Allen, garantissant une installation sans tracas.<\/p>\n<h3>Caract\u00e9ristiques et Avantages :<\/h3>\n<ul>\n <li><strong>Construction M\u00e9tallique :<\/strong> Construction enti\u00e8rement m\u00e9tallique pour une durabilit\u00e9 et une stabilit\u00e9 maximales.<\/li>\n <li><strong>Diam\u00e8tre de 25 mm :<\/strong> Convient aux optiques d'un diam\u00e8tre de 25 mm.<\/li>\n <li><strong>Compatible Rail RIS :<\/strong> Montage universel pour rails RIS de 22 mm.<\/li>\n <li><strong>Inserts de Protection :<\/strong> Les inserts en tissu prot\u00e8gent l'optique des rayures et des dommages.<\/li>\n <li><strong>Installation Facile :<\/strong> Installation rapide et facile avec des vis Allen (cl\u00e9 Allen incluse).<\/li>\n<\/ul>\n<p>La cl\u00e9 Allen incluse rend l'assemblage encore plus facile. Les inserts en tissu \u00e0 l'int\u00e9rieur des anneaux garantissent que votre optique reste s\u00fbre et exempte de rayures pendant l'utilisation. Parfait pour ceux qui recherchent une solution fiable pour fixer leur optique. Vous cherchez d'autres options ? Consultez notre gamme d'<a href=\"https:\/\/ak47.nu\/fr\/butik\/\">anneaux de lunette similaires<\/a>.<\/p>\n<h3>Sp\u00e9cifications :<\/h3>\n<ul>\n <li>Mat\u00e9riau : M\u00e9tal<\/li>\n <li>Diam\u00e8tre : 25 mm<\/li>\n <li>Hauteur : 27 mm<\/li>\n <li>Poids : 120G<\/li>\n <li>Couleur : Noir<\/li>\n<\/ul>\n<p>Am\u00e9liorez votre \u00e9quipement avec ces <strong>anneaux de lunette de 25 mm de haute qualit\u00e9 de Theta Optics<\/strong>. Pour plus d'informations sur nos produits, visitez notre <a href=\"https:\/\/ak47.nu\/fr\/\">page d'accueil<\/a>. Consultez notre large gamme d'<a href=\"https:\/\/ak47.nu\/fr\/tillbehor-2\/optik\/\">accessoires optiques<\/a>.<\/p>","protected":false},"excerpt":{"rendered":"<p>Theta Optics &#8211; Tv\u00e5 delar 25 mm siktesringar f\u00f6r RIS-r\u00e4ls (H\u00f6g) &#8211; Hitta h\u00f6gkvalitativa 25 mm siktesringar f\u00f6r RIS-r\u00e4ls fr\u00e5n Theta Optics. Perfekt f\u00f6r att montera optik p\u00e5 ditt vapen med h\u00f6g precision och stabilitet. K\u00f6p nu f\u00f6r en optimal siktesupplevelse.<\/p>","protected":false},"featured_media":18535,"template":"","meta":[],"product_brand":[],"product_cat":[471],"product_tag":[],"class_list":{"0":"post-18537","1":"product","2":"type-product","3":"status-publish","4":"has-post-thumbnail","6":"product_cat-ovriga-riktmedel","7":"pa_brand-theta-optics","8":"pa_farg-svart","10":"first","11":"outofstock","12":"taxable","13":"shipping-taxable","14":"purchasable","15":"product-type-simple"},"_links":{"self":[{"href":"https:\/\/ak47.nu\/fr\/wp-json\/wp\/v2\/product\/18537","targetHints":{"allow":["GET"]}}],"collection":[{"href":"https:\/\/ak47.nu\/fr\/wp-json\/wp\/v2\/product"}],"about":[{"href":"https:\/\/ak47.nu\/fr\/wp-json\/wp\/v2\/types\/product"}],"wp:featuredmedia":[{"embeddable":true,"href":"https:\/\/ak47.nu\/fr\/wp-json\/wp\/v2\/media\/18535"}],"wp:attachment":[{"href":"https:\/\/ak47.nu\/fr\/wp-json\/wp\/v2\/media?parent=18537"}],"wp:term":[{"taxonomy":"product_brand","embeddable":true,"href":"https:\/\/ak47.nu\/fr\/wp-json\/wp\/v2\/product_brand?post=18537"},{"taxonomy":"product_cat","embeddable":true,"href":"https:\/\/ak47.nu\/fr\/wp-json\/wp\/v2\/product_cat?post=18537"},{"taxonomy":"product_tag","embeddable":true,"href":"https:\/\/ak47.nu\/fr\/wp-json\/wp\/v2\/product_tag?post=18537"}],"curies":[{"name":"wp","href":"https:\/\/api.w.org\/{rel}","templated":true}]}}