{"id":18567,"date":"2022-05-06T08:46:14","date_gmt":"2022-05-06T06:46:14","guid":{"rendered":"https:\/\/ak47.nu\/produkt\/rocky-full-size-binoculars-kikare-10-30x50mm\/"},"modified":"2025-12-03T19:25:48","modified_gmt":"2025-12-03T18:25:48","slug":"rocky-full-size-binoculars-kikare-10-30x50mm","status":"publish","type":"product","link":"https:\/\/ak47.nu\/fr\/produit\/tillbehor-2\/ovriga-tillbehor\/rocky-full-size-binoculars-kikare-10-30x50mm\/","title":{"rendered":"ROCKY Full Size Binoculars \/ Kikare 10-30x50mm"},"content":{"rendered":"<p>Rocky Kikare 10-30*50mm<\/p>\n<p>Zoombar kikare fr\u00e5n ROCKY till ett bra pris. Gummihinna f\u00f6r att hantera lite grovhet och zoombar fr\u00e5n 10 till 30 g\u00e5nger. Utrustad med hastighetsfokus och en n\u00e4ra gr\u00e4ns p\u00e5 10 m. Levereras med mjuk f\u00f6rvaringsv\u00e4ska.<br \/>Vikt: 1.040 g<br \/>Storlek: 20 x 20 x 8 cm<\/p>","protected":false},"excerpt":{"rendered":"<p>K\u00f6p ROCKY Full Size Binoculars \/ Kikare 10-30x50mm online &#8211; H\u00f6g kvalitet till b\u00e4sta pris. Utforska naturen med dessa kraftfulla kikare. Perfekt f\u00f6r f\u00e5gelsk\u00e5dning och andra utomhusaktiviteter. Best\u00e4ll nu och f\u00e5 snabb leverans.<\/p>","protected":false},"featured_media":18566,"template":"","meta":[],"product_brand":[],"product_cat":[475],"product_tag":[],"class_list":{"0":"post-18567","1":"product","2":"type-product","3":"status-publish","4":"has-post-thumbnail","6":"product_cat-ovriga-tillbehor","7":"pa_brand-rocky","8":"pa_farg-svart","10":"first","11":"outofstock","12":"sale","13":"taxable","14":"shipping-taxable","15":"purchasable","16":"product-type-simple"},"_links":{"self":[{"href":"https:\/\/ak47.nu\/fr\/wp-json\/wp\/v2\/product\/18567","targetHints":{"allow":["GET"]}}],"collection":[{"href":"https:\/\/ak47.nu\/fr\/wp-json\/wp\/v2\/product"}],"about":[{"href":"https:\/\/ak47.nu\/fr\/wp-json\/wp\/v2\/types\/product"}],"wp:featuredmedia":[{"embeddable":true,"href":"https:\/\/ak47.nu\/fr\/wp-json\/wp\/v2\/media\/18566"}],"wp:attachment":[{"href":"https:\/\/ak47.nu\/fr\/wp-json\/wp\/v2\/media?parent=18567"}],"wp:term":[{"taxonomy":"product_brand","embeddable":true,"href":"https:\/\/ak47.nu\/fr\/wp-json\/wp\/v2\/product_brand?post=18567"},{"taxonomy":"product_cat","embeddable":true,"href":"https:\/\/ak47.nu\/fr\/wp-json\/wp\/v2\/product_cat?post=18567"},{"taxonomy":"product_tag","embeddable":true,"href":"https:\/\/ak47.nu\/fr\/wp-json\/wp\/v2\/product_tag?post=18567"}],"curies":[{"name":"wp","href":"https:\/\/api.w.org\/{rel}","templated":true}]}}