{"id":18592,"date":"2022-05-06T12:17:33","date_gmt":"2022-05-06T10:17:33","guid":{"rendered":"https:\/\/ak47.nu\/produkt\/lct-airsoft-lck12-ebb-ak-6mm-v3-gearbox-ebb-airsoft-replica\/"},"modified":"2025-12-03T20:25:01","modified_gmt":"2025-12-03T19:25:01","slug":"lct-lck12-ebb-ak-replique-airsoft","status":"publish","type":"product","link":"https:\/\/ak47.nu\/fr\/produit\/airsoft\/el-drivna\/automatkarbiner\/lct-lck12-ebb-ak-replique-airsoft\/","title":{"rendered":"LCT LCK12 EBB AK R\u00e9plique Airsoft | 6mm & Gearbox v3"},"content":{"rendered":"<h1>LCT LCK12 EBB AK R\u00e9plique Airsoft<\/h1><h2>R\u00e9plique AK r\u00e9aliste avec Blowback<\/h2><p>D&eacute;couvrez l'authenticit&eacute; avec la r&eacute;plique Airsoft LCT LCK12 EBB AK. Ce mod&egrave;le est fabriqu&eacute; avec de l'acier &agrave; riveter estamp&eacute; pour imiter l'apparence et la sensation d'un v&eacute;ritable fusil AK. Parfait pour les passionn&eacute;s d'airsoft &agrave; la recherche de r&eacute;alisme et de performance.<\/p><h3>Caract&eacute;ristiques principales<\/h3><ul><li><strong>Construction r&eacute;aliste :<\/strong> Acier &agrave; riveter estamp&eacute; pour une sensation authentique.<\/li><li><strong>Personnalisable :<\/strong> Garde-main nouvellement con&ccedil;u avec un rail Picatinny de 20 mm pour les accessoires.<\/li><li><strong>Crosse r&eacute;glable :<\/strong> Crosse de style tube tampon r&eacute;glable et pliable sur le c&ocirc;t&eacute; avec point de fixation de sangle QD.<\/li><li><strong>Rail optique :<\/strong> Couvercle anti-poussi&egrave;re de rail sup&eacute;rieur pleine longueur pour un montage facile des optiques.<\/li><li><strong>Am&eacute;liorable :<\/strong> Gearbox standard ver.3 avec roulements de 9 mm pour des mises &agrave; niveau faciles.<\/li><\/ul><p>La plaque d'acier lourde, l'ensemble piston &agrave; gaz et le guidon contribuent &agrave; la sensation de robustesse de la r&eacute;plique. Avec la lame de vis&eacute;e arri&egrave;re r&eacute;glable, vous pouvez affiner votre pr&eacute;cision. L'acc&egrave;s facile au hop-up de style coulissant facilite le r&eacute;glage des param&egrave;tres selon les besoins. Veuillez noter que la batterie n'est pas incluse. Nous recommandons une <a href=\"https:\/\/ak47.nu\/fr\/butik\/\">batterie LiPo de 11,1 V<\/a> pour des performances optimales.<\/p><p><strong>Sp&eacute;cifications :<\/strong><\/p><ul><li>Longueur : 860 mm - 950 mm, 685 mm (R&eacute;glable, Pli&eacute;)<\/li><li>Poids : 3800 g ~<\/li><li>Canon int&eacute;rieur : ~ 430 mm<\/li><li>Capacit&eacute; du chargeur : 130 billes Mid-Capacity<\/li><li>Gearbox : Ver 3 Full Metal, enti&egrave;rement am&eacute;liorable<\/li><li>Moteur : Type court<\/li><li>Modes de tir : Semi \/ Full-Auto, S&eacute;curit&eacute;<\/li><li>Hopup : Oui, r&eacute;glable<\/li><\/ul><p>Achetez votre <a href=\"https:\/\/ak47.nu\/fr\/airsoft\/\">r&eacute;plique AK Airsoft<\/a> aujourd'hui et d&eacute;couvrez un nouveau niveau de r&eacute;alisme dans vos jeux d'airsoft. Consultez <a href=\"https:\/\/ak47.nu\/fr\/\">notre site web<\/a> pour plus de produits&nbsp;!<\/p>","protected":false},"excerpt":{"rendered":"<p>LCT LCK12 EBB AK R\u00e9plique AirsoftR\u00e9plique AK r\u00e9aliste avec BlowbackD&eacute;couvrez l&#8217;authenticit&eacute; avec la r&eacute;plique Airsoft LCT LCK12 EBB AK. Ce mod&egrave;le est fabriqu&eacute; avec de l&#8217;acier &agrave; riveter estamp&eacute; pour imiter l&#8217;apparence et la sensation d&#8217;un v&eacute;ritable fusil AK. Parfait pour les passionn&eacute;s d&#8217;airsoft &agrave; la recherche de r&eacute;alisme et de performance.Caract&eacute;ristiques principalesConstruction r&eacute;aliste : [&#8230;]","protected":false},"featured_media":18590,"template":"","meta":[],"product_brand":[],"product_cat":[400],"product_tag":[],"class_list":{"0":"post-18592","1":"product","2":"type-product","3":"status-publish","4":"has-post-thumbnail","6":"product_cat-automatkarbiner","7":"pa_brand-lct","9":"first","10":"outofstock","11":"sale","12":"taxable","13":"shipping-taxable","14":"purchasable","15":"product-type-simple"},"_links":{"self":[{"href":"https:\/\/ak47.nu\/fr\/wp-json\/wp\/v2\/product\/18592","targetHints":{"allow":["GET"]}}],"collection":[{"href":"https:\/\/ak47.nu\/fr\/wp-json\/wp\/v2\/product"}],"about":[{"href":"https:\/\/ak47.nu\/fr\/wp-json\/wp\/v2\/types\/product"}],"wp:featuredmedia":[{"embeddable":true,"href":"https:\/\/ak47.nu\/fr\/wp-json\/wp\/v2\/media\/18590"}],"wp:attachment":[{"href":"https:\/\/ak47.nu\/fr\/wp-json\/wp\/v2\/media?parent=18592"}],"wp:term":[{"taxonomy":"product_brand","embeddable":true,"href":"https:\/\/ak47.nu\/fr\/wp-json\/wp\/v2\/product_brand?post=18592"},{"taxonomy":"product_cat","embeddable":true,"href":"https:\/\/ak47.nu\/fr\/wp-json\/wp\/v2\/product_cat?post=18592"},{"taxonomy":"product_tag","embeddable":true,"href":"https:\/\/ak47.nu\/fr\/wp-json\/wp\/v2\/product_tag?post=18592"}],"curies":[{"name":"wp","href":"https:\/\/api.w.org\/{rel}","templated":true}]}}