{"id":18595,"date":"2022-05-06T12:17:39","date_gmt":"2022-05-06T10:17:39","guid":{"rendered":"https:\/\/ak47.nu\/produkt\/lct-airsoft-lck12-aeg-ak-6mm-v3-gearbox-aeg-airsoft-replica\/"},"modified":"2025-08-21T11:12:36","modified_gmt":"2025-08-21T09:12:36","slug":"lct-lck12-aeg-replique-airsoft-ak-6mm-gearbox-v3","status":"publish","type":"product","link":"https:\/\/ak47.nu\/fr\/produit\/airsoft\/el-drivna\/automatkarbiner\/lct-lck12-aeg-replique-airsoft-ak-6mm-gearbox-v3\/","title":{"rendered":"LCT LCK12 AEG R\u00e9plique Airsoft | AK 6mm | Gearbox V3"},"content":{"rendered":"<h1>LCT LCK12 AEG R\u00e9plique Airsoft - Exp\u00e9rience AK R\u00e9aliste<\/h1>\n<h2>Design Authentique et Construction Robuste<\/h2>\n<p>D\u00e9couvrez une r\u00e9plique airsoft qui imite un vrai fusil AK avec le LCT LCK12. Ce AEG est fabriqu\u00e9 avec un acier de r\u00e9cepteur rivet\u00e9 estamp\u00e9 ultra-r\u00e9aliste, offrant un aspect et une sensation authentiques. Le canon en acier lourd, l'ensemble de piston \u00e0 gaz et le guidon rehaussent encore le r\u00e9alisme. Pour voir plus de <a href=\"https:\/\/ak47.nu\/fr\/airsoft\/\">fusils airsoft de la s\u00e9rie AK<\/a>, visitez notre page de collection.<\/p>\n<h3>Personnalisable et Polyvalent<\/h3>\n<p>Le LCK12 est \u00e9quip\u00e9 d'un garde-main nouvellement con\u00e7u avec une interface de rail Picatinny de 20 mm. Cela permet de monter facilement des lampes, des poign\u00e9es et d'autres accessoires, vous donnant un contr\u00f4le total sur votre \u00e9quipement. Le tube de crosse pliable lat\u00e9ralement et r\u00e9glable en polym\u00e8re avec point d'attache de sangle QD offre \u00e0 la fois confort et fonctionnalit\u00e9. Besoin d'<a href=\"https:\/\/ak47.nu\/fr\/butik\/\">ajouter des accessoires airsoft<\/a> ? Retrouvez-les ici.<\/p>\n<h3>Optique et R\u00e9glabilit\u00e9<\/h3>\n<p>Avec un couvercle anti-poussi\u00e8re \u00e0 rail sup\u00e9rieur pleine longueur, vous pouvez facilement monter des optiques pour une pr\u00e9cision am\u00e9lior\u00e9e. Le cran de mire arri\u00e8re r\u00e9glable vous permet d'affiner votre ligne de mire pour une pr\u00e9cision optimale. Visitez <a href=\"https:\/\/ak47.nu\/fr\/\">notre page d'accueil<\/a> d\u00e8s aujourd'hui pour acheter votre LCK12 et d'autres produits de qualit\u00e9.<\/p>\n<h3>Gearbox Am\u00e9liorable et Hop-Up R\u00e9glable<\/h3>\n<p>Cette r\u00e9plique airsoft est \u00e9quip\u00e9e d'une gearbox Ver.3 standard avec des roulements de 9 mm, ce qui la rend compatible avec les pi\u00e8ces compatibles TM standard pour les mises \u00e0 niveau. L'acc\u00e8s facile au hop-up de style coulissant facilite le r\u00e9glage de la pr\u00e9cision.<\/p>\n<ul>\n<li>Longueur : 860mm-950mm, 685mm (r\u00e9glable, pli\u00e9)<\/li>\n<li>Poids : 3800 g<\/li>\n<li>Canon Interne : ~ 430mm<\/li>\n<li>Capacit\u00e9 du Chargeur : 130 billes Mid-Cap<\/li>\n<li>V\u00e9locit\u00e9 Initiale : 400-420 FPS (Mesur\u00e9 avec des billes de 0,20g)<\/li>\n<li>Direction du Filetage : Aucun, 24mm avec adaptateur PK404<\/li>\n<li>Gearbox : Ver 3 Full Metal, Enti\u00e8rement Am\u00e9liorable<\/li>\n<li>Moteur : Type Court<\/li>\n<li>Modes de Tir : Semi\/Full-Auto, S\u00e9curit\u00e9<\/li>\n<li>Batterie : Type B\u00e2ton Petit 9,6v ou LiPo B\u00e2ton 7,4v Recommand\u00e9 (Batterie non incluse)<\/li>\n<li>Hop-Up : Oui, R\u00e9glable<\/li>\n<\/ul>","protected":false},"excerpt":{"rendered":"<p>LCT LCK12 AEG R\u00e9plique Airsoft &#8211; Exp\u00e9rience AK R\u00e9aliste Design Authentique et Construction Robuste D\u00e9couvrez une r\u00e9plique airsoft qui imite un vrai fusil AK avec le LCT LCK12. Ce AEG est fabriqu\u00e9 avec un acier de r\u00e9cepteur rivet\u00e9 estamp\u00e9 ultra-r\u00e9aliste, offrant un aspect et une sensation authentiques. Le canon en acier lourd, l&#8217;ensemble de piston [&#8230;]","protected":false},"featured_media":16890,"template":"","meta":[],"product_brand":[],"product_cat":[368,400,398],"product_tag":[],"class_list":{"0":"post-18595","1":"product","2":"type-product","3":"status-publish","4":"has-post-thumbnail","6":"product_cat-airsoft","7":"product_cat-automatkarbiner","8":"product_cat-el-drivna","9":"pa_brand-lct","11":"first","12":"instock","13":"sale","14":"taxable","15":"shipping-taxable","16":"purchasable","17":"product-type-simple"},"_links":{"self":[{"href":"https:\/\/ak47.nu\/fr\/wp-json\/wp\/v2\/product\/18595","targetHints":{"allow":["GET"]}}],"collection":[{"href":"https:\/\/ak47.nu\/fr\/wp-json\/wp\/v2\/product"}],"about":[{"href":"https:\/\/ak47.nu\/fr\/wp-json\/wp\/v2\/types\/product"}],"wp:featuredmedia":[{"embeddable":true,"href":"https:\/\/ak47.nu\/fr\/wp-json\/wp\/v2\/media\/16890"}],"wp:attachment":[{"href":"https:\/\/ak47.nu\/fr\/wp-json\/wp\/v2\/media?parent=18595"}],"wp:term":[{"taxonomy":"product_brand","embeddable":true,"href":"https:\/\/ak47.nu\/fr\/wp-json\/wp\/v2\/product_brand?post=18595"},{"taxonomy":"product_cat","embeddable":true,"href":"https:\/\/ak47.nu\/fr\/wp-json\/wp\/v2\/product_cat?post=18595"},{"taxonomy":"product_tag","embeddable":true,"href":"https:\/\/ak47.nu\/fr\/wp-json\/wp\/v2\/product_tag?post=18595"}],"curies":[{"name":"wp","href":"https:\/\/api.w.org\/{rel}","templated":true}]}}