{"id":18613,"date":"2022-05-06T12:18:09","date_gmt":"2022-05-06T10:18:09","guid":{"rendered":"https:\/\/ak47.nu\/produkt\/kalashnikov-airsoft-replica-av-rumansk-ak47-akms-6mm-elektrisk\/"},"modified":"2025-12-03T20:24:54","modified_gmt":"2025-12-03T19:24:54","slug":"kalashnikov-airsoft-replica-av-rumansk-ak47-akms-6mm-elektrisk","status":"publish","type":"product","link":"https:\/\/ak47.nu\/fr\/produit\/airsoft\/el-drivna\/automatkarbiner\/kalashnikov-airsoft-replica-av-rumansk-ak47-akms-6mm-elektrisk\/","title":{"rendered":"Kalashnikov &#8211; Airsoft Replica av rum\u00e4nsk AK47 AKMS &#8211; 6mm Elektrisk"},"content":{"rendered":"<p>F\u00f6dd 1919 i Ryssland har Mikhail Timofeecivh Kalashnikov alltid varit ingenj\u00f6rsentusiast. N\u00e4r han var pojke arbetade han som mekaniker p\u00e5 en traktorstation och sedan som gev\u00e4rprovare i en vapenfabrik, tills han drogs in i R\u00f6da arm\u00e9n 1938 som en tankbes\u00e4ttning.<\/p>\n<p>Skadad 1941 satte Mikhail Kalashnikov i rekonvalescens och han h\u00f6rde ofta soldater klaga p\u00e5 tillf\u00f6rlitlighetsfr\u00e5gor p\u00e5 deras infanterivapen. Han skapade sedan en ny typ av kulspruta, vilket resulterade i att han skickades in i ett vapendesignbyr\u00e5. \u00e5r 1947 resulterade hans arbete i Avtomat Kalashnikova, f\u00f6rkortat AK. &#8221;Kalashnikov&#8221; f\u00f6ddes och antogs officiellt av Sovjetunionen 1949.<\/p>\n<p>M\u00e5nga modeller f\u00f6ljde, alla ber\u00f6mda f\u00f6r samma kvaliteter: dessa vapen \u00e4r dock p\u00e5litliga, l\u00e4tta att underh\u00e5lla och anv\u00e4nda, och viktigast av allt \u00e4r de billiga. Av dessa sk\u00e4l blev AK en favorit bland gerillakrigare och l\u00e4nder som beh\u00f6ver ett enkelt men effektivt anfallgev\u00e4r.<\/p>\n<p>Familjen Kalashnikov \u00e4r den st\u00f6rsta gev\u00e4rsgruppen i v\u00e4rlden, med mer \u00e4n 100 miljoner enheter producerade \u00f6ver hela v\u00e4rlden, alla varianter tillsammans.<\/p>\n<p><b>Riktigt v\u00e4lgjord replika av den legendariska rum\u00e4nska versionen av AK47:an &#8211; med f\u00e4llbar kolv och klassiska &#8221;dongen&#8221;.<\/p>\n<p>Gjort av metall och med detaljer i \u00e4kta tr\u00e4 med precis r\u00e4tta k\u00e4nslan.<\/p>\n<p>Levereras komplett med laddare och batteri f\u00f6r att kunna dra ig\u00e5ng direkt.<\/b><\/p>\n<p>-F\u00e4llbart axelst\u00f6d<br \/>-Semi och Full Auto<br \/>-Blowback<br \/>-Metallmagasin<br \/>-Justerbara sikten<br \/>-Metall och \u00e4kta tr\u00e4.<br \/>-BAXS Accuracy System<br \/>-NIMH batteri och laddare ing\u00e5r<\/p>","protected":false},"excerpt":{"rendered":"<p>Kalashnikov &#8211; Airsoft Replica av rum\u00e4nsk AK47 AKMS &#8211; 6mm Elektrisk \u00e4r en h\u00f6gkvalitativ airsoft-replika av den popul\u00e4ra rum\u00e4nska AK47 AKMS-modellen. Med sin elektriska drivmekanism och 6mm ammunition erbjuder den en realistisk och sp\u00e4nnande airsoft-upplevelse. K\u00f6p din Kalashnikov-replika idag och njut av autentiskt utseende och prestanda i dina airsoft-strider.<\/p>","protected":false},"featured_media":18608,"template":"","meta":[],"product_brand":[],"product_cat":[400],"product_tag":[],"class_list":{"0":"post-18613","1":"product","2":"type-product","3":"status-publish","4":"has-post-thumbnail","6":"product_cat-automatkarbiner","7":"pa_brand-kalashnikov","9":"first","10":"outofstock","11":"taxable","12":"shipping-taxable","13":"purchasable","14":"product-type-simple"},"_links":{"self":[{"href":"https:\/\/ak47.nu\/fr\/wp-json\/wp\/v2\/product\/18613","targetHints":{"allow":["GET"]}}],"collection":[{"href":"https:\/\/ak47.nu\/fr\/wp-json\/wp\/v2\/product"}],"about":[{"href":"https:\/\/ak47.nu\/fr\/wp-json\/wp\/v2\/types\/product"}],"wp:featuredmedia":[{"embeddable":true,"href":"https:\/\/ak47.nu\/fr\/wp-json\/wp\/v2\/media\/18608"}],"wp:attachment":[{"href":"https:\/\/ak47.nu\/fr\/wp-json\/wp\/v2\/media?parent=18613"}],"wp:term":[{"taxonomy":"product_brand","embeddable":true,"href":"https:\/\/ak47.nu\/fr\/wp-json\/wp\/v2\/product_brand?post=18613"},{"taxonomy":"product_cat","embeddable":true,"href":"https:\/\/ak47.nu\/fr\/wp-json\/wp\/v2\/product_cat?post=18613"},{"taxonomy":"product_tag","embeddable":true,"href":"https:\/\/ak47.nu\/fr\/wp-json\/wp\/v2\/product_tag?post=18613"}],"curies":[{"name":"wp","href":"https:\/\/api.w.org\/{rel}","templated":true}]}}