{"id":18650,"date":"2022-05-06T12:24:34","date_gmt":"2022-05-06T10:24:34","guid":{"rendered":"https:\/\/ak47.nu\/produkt\/kalashnikov-bio-airsoftkulor-6mm-2000-bbs-0-2g\/"},"modified":"2025-12-03T20:30:41","modified_gmt":"2025-12-03T19:30:41","slug":"kalashnikov-bio-airsoftkulor-6mm-2000-bbs-0-2g","status":"publish","type":"product","link":"https:\/\/ak47.nu\/fr\/produit\/tillbehor-2\/ammo\/6mm-airsoft\/kalashnikov-bio-airsoftkulor-6mm-2000-bbs-0-2g\/","title":{"rendered":"Kalashnikov &#8211; Bio Airsoftkulor &#8211; 6mm &#8211; ~2000 BBs &#8211; 0.2g"},"content":{"rendered":"<p><b>Kalashnikov quick loader med ~2000 Kulor 0.2gr<\/b><br \/>Dessa nya serier erbjuder dig kvalitets-BBs, standard och biologiskt nedbrytbara BBs. De erbjuder flera vikter inklusive 0,20, 0,23 och 0,25g. Dessa 6 mm BBs kommer att vara perfekta om du letar efter en exakt och polyvalent BBs.<br \/>Om du \u00e4r ett Kalashnikov-fan kommer dessa BB:s att vara dina b\u00e4sta partner f\u00f6r att tr\u00e4ffa dina m\u00e5l.<\/p>\n<p><b>Specifikationer<\/b><br \/>M\u00e4rke: Kalashnikov<br \/>Kaliber: 6 mm<br \/>F\u00e4rg: Vita<br \/>BB vikt: 0.2g<br \/>Biologiskt nedbrytbar: Ja<\/p>","protected":false},"excerpt":{"rendered":"<p>K\u00f6p Kalashnikov Bio Airsoftkulor i 6mm, ca 2000 BBs, med en vikt p\u00e5 0.2g. Perfekt f\u00f6r airsoftspel och tr\u00e4ning.<\/p>","protected":false},"featured_media":18649,"template":"","meta":[],"product_brand":[],"product_cat":[459],"product_tag":[],"class_list":{"0":"post-18650","1":"product","2":"type-product","3":"status-publish","4":"has-post-thumbnail","6":"product_cat-6mm-airsoft","7":"pa_brand-kalashnikov","9":"first","10":"outofstock","11":"taxable","12":"shipping-taxable","13":"purchasable","14":"product-type-simple"},"_links":{"self":[{"href":"https:\/\/ak47.nu\/fr\/wp-json\/wp\/v2\/product\/18650","targetHints":{"allow":["GET"]}}],"collection":[{"href":"https:\/\/ak47.nu\/fr\/wp-json\/wp\/v2\/product"}],"about":[{"href":"https:\/\/ak47.nu\/fr\/wp-json\/wp\/v2\/types\/product"}],"wp:featuredmedia":[{"embeddable":true,"href":"https:\/\/ak47.nu\/fr\/wp-json\/wp\/v2\/media\/18649"}],"wp:attachment":[{"href":"https:\/\/ak47.nu\/fr\/wp-json\/wp\/v2\/media?parent=18650"}],"wp:term":[{"taxonomy":"product_brand","embeddable":true,"href":"https:\/\/ak47.nu\/fr\/wp-json\/wp\/v2\/product_brand?post=18650"},{"taxonomy":"product_cat","embeddable":true,"href":"https:\/\/ak47.nu\/fr\/wp-json\/wp\/v2\/product_cat?post=18650"},{"taxonomy":"product_tag","embeddable":true,"href":"https:\/\/ak47.nu\/fr\/wp-json\/wp\/v2\/product_tag?post=18650"}],"curies":[{"name":"wp","href":"https:\/\/api.w.org\/{rel}","templated":true}]}}