{"id":18658,"date":"2022-05-06T12:24:54","date_gmt":"2022-05-06T10:24:54","guid":{"rendered":"https:\/\/ak47.nu\/produkt\/kalashnikov-bio-airsoftkulor-6mm-3200-bbs-0-23g\/"},"modified":"2025-12-03T20:30:43","modified_gmt":"2025-12-03T19:30:43","slug":"kalashnikov-bio-airsoftkulor-6mm-3200-bbs-0-23g","status":"publish","type":"product","link":"https:\/\/ak47.nu\/fr\/produit\/tillbehor-2\/ammo\/6mm-airsoft\/kalashnikov-bio-airsoftkulor-6mm-3200-bbs-0-23g\/","title":{"rendered":"Kalashnikov &#8211; Bio Airsoftkulor &#8211; 6mm &#8211; ~3200 BBs &#8211; 0.23g"},"content":{"rendered":"<p><b>Kalashnikov p\u00e5se med ~3200 Kulor 0.23gr<\/b><br \/>N\u00e4r du v\u00e4ljer vikten p\u00e5 dina BBs, kom ih\u00e5g att ju l\u00e4ttare en pellet \u00e4r, desto l\u00e4ngre f\u00e4rdas den, medan ju tyngre den \u00e4r, desto stabilare \u00e4r dess bana. Det \u00e4r d\u00e4rf\u00f6r viktigt att balansera vikten av dina BBs med prestanda av din replika.<br \/>De vita BBs inuti denna 1 kg p\u00e5se \u00e4r biologiskt nedbrytbara, Kalashnikov licensierade och v\u00e4ger vardera 0,23 g.<\/p>\n<p><b>Specifikationer<\/b><br \/>M\u00e4rke: Kalashnikov<br \/>Kaliber: 6 mm<br \/>F\u00e4rg: Vita<br \/>BB vikt: 0.23g<br \/>Biologiskt nedbrytbar: Ja<\/p>","protected":false},"excerpt":{"rendered":"<p>K\u00f6p Kalashnikov Bio Airsoftkulor i 6mm storlek med ca 3200 BBs och en vikt p\u00e5 0.23g. Perfekta f\u00f6r airsoftspel och tillverkade av biologiskt nedbrytbart material. Best\u00e4ll nu f\u00f6r en optimal airsoftupplevelse.<\/p>","protected":false},"featured_media":18657,"template":"","meta":[],"product_brand":[],"product_cat":[459],"product_tag":[],"class_list":{"0":"post-18658","1":"product","2":"type-product","3":"status-publish","4":"has-post-thumbnail","6":"product_cat-6mm-airsoft","7":"pa_brand-kalashnikov","9":"first","10":"outofstock","11":"taxable","12":"shipping-taxable","13":"purchasable","14":"product-type-simple"},"_links":{"self":[{"href":"https:\/\/ak47.nu\/fr\/wp-json\/wp\/v2\/product\/18658","targetHints":{"allow":["GET"]}}],"collection":[{"href":"https:\/\/ak47.nu\/fr\/wp-json\/wp\/v2\/product"}],"about":[{"href":"https:\/\/ak47.nu\/fr\/wp-json\/wp\/v2\/types\/product"}],"wp:featuredmedia":[{"embeddable":true,"href":"https:\/\/ak47.nu\/fr\/wp-json\/wp\/v2\/media\/18657"}],"wp:attachment":[{"href":"https:\/\/ak47.nu\/fr\/wp-json\/wp\/v2\/media?parent=18658"}],"wp:term":[{"taxonomy":"product_brand","embeddable":true,"href":"https:\/\/ak47.nu\/fr\/wp-json\/wp\/v2\/product_brand?post=18658"},{"taxonomy":"product_cat","embeddable":true,"href":"https:\/\/ak47.nu\/fr\/wp-json\/wp\/v2\/product_cat?post=18658"},{"taxonomy":"product_tag","embeddable":true,"href":"https:\/\/ak47.nu\/fr\/wp-json\/wp\/v2\/product_tag?post=18658"}],"curies":[{"name":"wp","href":"https:\/\/api.w.org\/{rel}","templated":true}]}}