{"id":18687,"date":"2022-05-06T13:29:35","date_gmt":"2022-05-06T11:29:35","guid":{"rendered":"https:\/\/ak47.nu\/produkt\/airsoft-mossberg-tactical-kit-shotgun-pistol-1000-bbs-012gr\/"},"modified":"2025-12-03T20:09:17","modified_gmt":"2025-12-03T19:09:17","slug":"airsoft-mossberg-tactical-kit-shotgun-pistol-1000-bbs-012gr","status":"publish","type":"product","link":"https:\/\/ak47.nu\/fr\/produit\/airsoft\/fjader\/hagelgevar-fjader\/airsoft-mossberg-tactical-kit-shotgun-pistol-1000-bbs-012gr\/","title":{"rendered":"Airsoft Mossberg Tactical Kit : Shotgun + pistol +1000 bb&#8217;s 0,12gr"},"content":{"rendered":"<p>Specifikationer:<br \/>&#8211; F\u00f6r AirSoft: Ja<br \/>&#8211; F\u00f6r luftvapen: Nej<br \/>&#8211; F\u00e4rg: Svart<br \/>&#8211; Energi (J): 0,15 J &#8211; 0,7 J<br \/>&#8211; Hastighet (testad med 0,12 g): 61 m \/ s 84 m \/ s<br \/>&#8211; Laddare (om ing\u00e5r): 70 BBs 180 BBs<br \/>&#8211; L\u00e4ngd: 169 mm 535 mm<br \/>&#8211; Material: abs<\/p>","protected":false},"excerpt":{"rendered":"<p>Specifikationer:&#8211; F\u00f6r AirSoft: Ja&#8211; F\u00f6r luftvapen: Nej&#8211; F\u00e4rg: Svart&#8211; Energi (J): 0,15 J &#8211; 0,7 J&#8211; Hastighet (testad med 0,12 g): 61 m \/ s 84 m \/ s&#8211; Laddare (om ing\u00e5r): 70 BBs 180 BBs&#8211; L\u00e4ngd: 169 mm 535 mm&#8211; Material: abs<\/p>","protected":false},"featured_media":18684,"template":"","meta":[],"product_brand":[],"product_cat":[498],"product_tag":[],"class_list":{"0":"post-18687","1":"product","2":"type-product","3":"status-publish","4":"has-post-thumbnail","6":"product_cat-hagelgevar-fjader","7":"pa_brand-mossberg","9":"first","10":"outofstock","11":"taxable","12":"shipping-taxable","13":"purchasable","14":"product-type-simple"},"_links":{"self":[{"href":"https:\/\/ak47.nu\/fr\/wp-json\/wp\/v2\/product\/18687","targetHints":{"allow":["GET"]}}],"collection":[{"href":"https:\/\/ak47.nu\/fr\/wp-json\/wp\/v2\/product"}],"about":[{"href":"https:\/\/ak47.nu\/fr\/wp-json\/wp\/v2\/types\/product"}],"wp:featuredmedia":[{"embeddable":true,"href":"https:\/\/ak47.nu\/fr\/wp-json\/wp\/v2\/media\/18684"}],"wp:attachment":[{"href":"https:\/\/ak47.nu\/fr\/wp-json\/wp\/v2\/media?parent=18687"}],"wp:term":[{"taxonomy":"product_brand","embeddable":true,"href":"https:\/\/ak47.nu\/fr\/wp-json\/wp\/v2\/product_brand?post=18687"},{"taxonomy":"product_cat","embeddable":true,"href":"https:\/\/ak47.nu\/fr\/wp-json\/wp\/v2\/product_cat?post=18687"},{"taxonomy":"product_tag","embeddable":true,"href":"https:\/\/ak47.nu\/fr\/wp-json\/wp\/v2\/product_tag?post=18687"}],"curies":[{"name":"wp","href":"https:\/\/api.w.org\/{rel}","templated":true}]}}