{"id":18727,"date":"2022-05-06T14:12:51","date_gmt":"2022-05-06T12:12:51","guid":{"rendered":"https:\/\/ak47.nu\/produkt\/umarex-co2-patron-12g-10-pack\/"},"modified":"2025-12-03T19:43:14","modified_gmt":"2025-12-03T18:43:14","slug":"umarex-cartouche-co2-12g-pack-de-10","status":"publish","type":"product","link":"https:\/\/ak47.nu\/fr\/produit\/tillbehor-2\/drivmedel-tillbehor-2\/co2-drivmedel-tillbehor-2\/umarex-cartouche-co2-12g-pack-de-10\/","title":{"rendered":"Umarex Cartouche Co2 12g - Pack de 10 | Haute Qualit\u00e9"},"content":{"rendered":"<h1>Umarex Cartouche Co2 12g - PACK de 10<\/h1>\n<h2>Cartouches de CO2 de haute qualit\u00e9 pour un fonctionnement s\u00fbr<\/h2>\n<p>Ce pack de 10 cartouches de Co2 de 12g garantit que votre \u00e9quipement fonctionne correctement et en toute s\u00e9curit\u00e9. Choisir des cartouches de CO2 de qualit\u00e9 est un d\u00e9tail crucial pour maintenir la performance et la s\u00e9curit\u00e9. Avec ces cartouches, vous pouvez \u00eatre s\u00fbr que votre \u00e9quipement re\u00e7oit la meilleure puissance et fonction possible. <a href=\"https:\/\/ak47.nu\/fr\/butik\/\">Achetez vos cartouches de Co2 ici<\/a> et constatez la diff\u00e9rence !<\/p>\n\n<h3>Qualit\u00e9 sup\u00e9rieure garantie<\/h3>\n<p>Pour garantir la plus haute qualit\u00e9, nous ne vendons que les cartouches de CO2 que nous utilisons nous-m\u00eames. Cela signifie que vous obtenez un produit test\u00e9 et approuv\u00e9 pour les meilleures performances et s\u00e9curit\u00e9 possibles. Nous d\u00e9fendons la qualit\u00e9 et la fiabilit\u00e9, afin que vous puissiez vous sentir en s\u00e9curit\u00e9 dans votre choix de cartouches de CO2. Vous voulez en savoir plus sur les cartouches de CO2 ? <a href=\"https:\/\/ak47.nu\/fr\/tillbehor-2\/drivmedel-tillbehor-2\/co2-drivmedel-tillbehor-2\/\">Visitez notre page de cat\u00e9gorie pour les cartouches de CO2<\/a>.<\/p>\n\n<h3>Pourquoi choisir nos cartouches de CO2 ?<\/h3>\n<ul>\n <li><strong>S\u00e9curit\u00e9 :<\/strong> Fonctionnement correct et utilisation s\u00fbre de votre \u00e9quipement.<\/li>\n <li><strong>Qualit\u00e9 :<\/strong> Qualit\u00e9 sup\u00e9rieure garantie gr\u00e2ce \u00e0 notre propre utilisation et \u00e0 nos tests.<\/li>\n <li><strong>Performance :<\/strong> Puissance et fonction optimales pour votre \u00e9quipement.<\/li>\n<\/ul>\n\n<p>Choisissez les cartouches de CO2 Umarex pour vous assurer que votre \u00e9quipement fonctionne toujours au mieux. <a href=\"https:\/\/ak47.nu\/fr\/\">Consultez notre autre gamme de produits<\/a>.<\/p>","protected":false},"excerpt":{"rendered":"<p>Umarex Cartouche Co2 12g &#8211; PACK de 10 Cartouches de CO2 de haute qualit\u00e9 pour un fonctionnement s\u00fbr Ce pack de 10 cartouches de Co2 de 12g garantit que votre \u00e9quipement fonctionne correctement et en toute s\u00e9curit\u00e9. Choisir des cartouches de CO2 de qualit\u00e9 est un d\u00e9tail crucial pour maintenir la performance et la s\u00e9curit\u00e9. [&#8230;]","protected":false},"featured_media":18726,"template":"","meta":[],"product_brand":[],"product_cat":[455],"product_tag":[],"class_list":{"0":"post-18727","1":"product","2":"type-product","3":"status-publish","4":"has-post-thumbnail","6":"product_cat-co2-drivmedel-tillbehor-2","7":"pa_brand-no-brand","9":"first","10":"outofstock","11":"sale","12":"taxable","13":"shipping-taxable","14":"purchasable","15":"product-type-simple"},"_links":{"self":[{"href":"https:\/\/ak47.nu\/fr\/wp-json\/wp\/v2\/product\/18727","targetHints":{"allow":["GET"]}}],"collection":[{"href":"https:\/\/ak47.nu\/fr\/wp-json\/wp\/v2\/product"}],"about":[{"href":"https:\/\/ak47.nu\/fr\/wp-json\/wp\/v2\/types\/product"}],"wp:featuredmedia":[{"embeddable":true,"href":"https:\/\/ak47.nu\/fr\/wp-json\/wp\/v2\/media\/18726"}],"wp:attachment":[{"href":"https:\/\/ak47.nu\/fr\/wp-json\/wp\/v2\/media?parent=18727"}],"wp:term":[{"taxonomy":"product_brand","embeddable":true,"href":"https:\/\/ak47.nu\/fr\/wp-json\/wp\/v2\/product_brand?post=18727"},{"taxonomy":"product_cat","embeddable":true,"href":"https:\/\/ak47.nu\/fr\/wp-json\/wp\/v2\/product_cat?post=18727"},{"taxonomy":"product_tag","embeddable":true,"href":"https:\/\/ak47.nu\/fr\/wp-json\/wp\/v2\/product_tag?post=18727"}],"curies":[{"name":"wp","href":"https:\/\/api.w.org\/{rel}","templated":true}]}}