{"id":18752,"date":"2022-05-06T14:13:12","date_gmt":"2022-05-06T12:13:12","guid":{"rendered":"https:\/\/ak47.nu\/produkt\/norica-hollow-point-250-pack-pellets-4-5mm\/"},"modified":"2025-12-03T20:32:07","modified_gmt":"2025-12-03T19:32:07","slug":"plombs-norica-hollow-point-4-5-mm-boite-de-250","status":"publish","type":"product","link":"https:\/\/ak47.nu\/fr\/produit\/tillbehor-2\/ammo\/45mm-airgun\/plombs-norica-hollow-point-4-5-mm-boite-de-250\/","title":{"rendered":"Plombs Norica Hollow Point 4,5 mm - Bo\u00eete de 250"},"content":{"rendered":"<h1>Plombs Norica Hollow Point 4,5 mm - Bo\u00eete de 250<\/h1>\n<h2>Plombs Con\u00e7us pour la lutte antiparasitaire et la chasse<\/h2>\n<p>Les plombs Norica Hollow Point sont con\u00e7us pour les chasseurs de petit gibier et les professionnels de la lutte antiparasitaire qui exigent un impact maximal. Ces plombs de 4,5 mm offrent une expansion importante \u00e0 l'impact, cr\u00e9ant des effets d\u00e9vastateurs sur la cible, en particulier \u00e0 courte et moyenne port\u00e9e. La conception sp\u00e9ciale assure des performances optimales lorsqu'ils sont utilis\u00e9s avec des carabines \u00e0 air comprim\u00e9 puissantes de type magnum.<\/p>\n<h3>Technologie allemande et contr\u00f4le qualit\u00e9<\/h3>\n<p>Les plombs Norica Hollow Point sont fabriqu\u00e9s \u00e0 l'aide de la technologie allemande et d'un alliage de plomb sp\u00e9cial. Chaque plomb subit un contr\u00f4le qualit\u00e9 strict \u00e0 l'aide de machines de pointe, suivi d'une inspection visuelle finale et d'un tri manuel pour garantir la plus haute qualit\u00e9.<\/p>\n<ul>\n<li>Calibre\u00a0: 4,5\u00a0mm (0,177)<\/li>\n<li>Poids\u00a0: 0,57\u00a0g \/ 8,70\u00a0grains<\/li>\n<li>Quantit\u00e9\u00a0: 250\u00a0plombs par bo\u00eete<\/li>\n<\/ul>\n<h3>Emballage<\/h3>\n<p>Les plombs sont emball\u00e9s dans une bo\u00eete \u00e0 couvercle viss\u00e9 avec un rev\u00eatement interne en \u00e9poxy, offrant une protection suppl\u00e9mentaire contre l'oxyde de plomb. Obtenez vos plombs Norica Hollow Point 4,5\u00a0mm d\u00e8s aujourd'hui et d\u00e9couvrez la pr\u00e9cision et la puissance \u00e0 chaque tir\u00a0! Consultez notre s\u00e9lection d'<a href=\"https:\/\/ak47.nu\/fr\/butik\/\">autres plombs Norica<\/a> pour trouver les munitions adapt\u00e9es \u00e0 vos besoins. Explorez \u00e9galement notre gamme d'<a href=\"https:\/\/ak47.nu\/fr\/tillbehor-2\/ammo\/45mm-airgun\/\">accessoires pour carabines \u00e0 air comprim\u00e9<\/a> afin d'optimiser votre exp\u00e9rience de tir. Visitez <a href=\"https:\/\/ak47.nu\/fr\/\">notre site Web<\/a> pour d\u00e9couvrir toute notre gamme de produits.<\/p>","protected":false},"excerpt":{"rendered":"<p>K\u00f6p Norica Hollow Point 250-pack pellets i 4.5MM &#8211; H\u00f6gkvalitativa och precisionstillverkade projektiler f\u00f6r ditt luftgev\u00e4r. Perfekta f\u00f6r tr\u00e4ning och jakt. Best\u00e4ll nu f\u00f6r snabb leverans.<\/p>","protected":false},"featured_media":18750,"template":"","meta":[],"product_brand":[],"product_cat":[461],"product_tag":[],"class_list":{"0":"post-18752","1":"product","2":"type-product","3":"status-publish","4":"has-post-thumbnail","6":"product_cat-45mm-airgun","7":"pa_brand-norica","9":"first","10":"outofstock","11":"taxable","12":"shipping-taxable","13":"purchasable","14":"product-type-simple"},"_links":{"self":[{"href":"https:\/\/ak47.nu\/fr\/wp-json\/wp\/v2\/product\/18752","targetHints":{"allow":["GET"]}}],"collection":[{"href":"https:\/\/ak47.nu\/fr\/wp-json\/wp\/v2\/product"}],"about":[{"href":"https:\/\/ak47.nu\/fr\/wp-json\/wp\/v2\/types\/product"}],"wp:featuredmedia":[{"embeddable":true,"href":"https:\/\/ak47.nu\/fr\/wp-json\/wp\/v2\/media\/18750"}],"wp:attachment":[{"href":"https:\/\/ak47.nu\/fr\/wp-json\/wp\/v2\/media?parent=18752"}],"wp:term":[{"taxonomy":"product_brand","embeddable":true,"href":"https:\/\/ak47.nu\/fr\/wp-json\/wp\/v2\/product_brand?post=18752"},{"taxonomy":"product_cat","embeddable":true,"href":"https:\/\/ak47.nu\/fr\/wp-json\/wp\/v2\/product_cat?post=18752"},{"taxonomy":"product_tag","embeddable":true,"href":"https:\/\/ak47.nu\/fr\/wp-json\/wp\/v2\/product_tag?post=18752"}],"curies":[{"name":"wp","href":"https:\/\/api.w.org\/{rel}","templated":true}]}}