{"id":18771,"date":"2022-05-06T14:13:29","date_gmt":"2022-05-06T12:13:29","guid":{"rendered":"https:\/\/ak47.nu\/produkt\/norica-domed-ft-500-pack-pellets-4-5mm\/"},"modified":"2026-01-21T15:00:35","modified_gmt":"2026-01-21T14:00:35","slug":"norica-domed-ft-4-5-mm-500-unites-plombs-premium","status":"publish","type":"product","link":"https:\/\/ak47.nu\/fr\/produit\/tillbehor-2\/ammo\/45mm-airgun\/norica-domed-ft-4-5-mm-500-unites-plombs-premium\/","title":{"rendered":"Norica Domed FT 4,5 mm - 500 unit\u00e9s | Plombs Premium"},"content":{"rendered":"<h1>Norica Domed FT 4,5 mm - Paquet de 500 Plombs<\/h1>\n<h2>Plombs de Haute Qualit\u00e9 pour Tir de Pr\u00e9cision<\/h2>\n<p>Les plombs Norica Domed FT de calibre 4,5 mm sont le choix parfait pour les tireurs recherchant une haute pr\u00e9cision et une performance fiable. Ces plombs sont fabriqu\u00e9s avec soin gr\u00e2ce \u00e0 la technologie allemande et \u00e0 un alliage de plomb sp\u00e9cial, assurant une trajectoire lisse et stable. <\/p>\n<h3>Excellente A\u00e9rodynamique et R\u00e9tention d'\u00c9nergie<\/h3>\n<p>Le Premium Domed FT est un mod\u00e8le polyvalent avec une excellente a\u00e9rodynamique, offrant une trajectoire plus plate et une meilleure pr\u00e9cision sur de plus longues distances. La r\u00e9tention d'\u00e9nergie \u00e9lev\u00e9e garantit que les plombs conservent leur puissance et leur impact sur la cible. \u00cates-vous int\u00e9ress\u00e9 par d'autres <a href=\"https:\/\/ak47.nu\/fr\/butik\/\">plombs pour armes \u00e0 air comprim\u00e9<\/a> ?<\/p>\n<h3>Emballage Protecteur<\/h3>\n<p>Les plombs sont emball\u00e9s dans un bocal pratique \u00e0 couvercle \u00e0 vis, recouvert d'\u00e9poxy \u00e0 l'int\u00e9rieur. Cela prot\u00e8ge les plombs contre l'oxyde de plomb et les maintient dans un \u00e9tat optimal pendant le stockage et le transport. N'h\u00e9sitez pas \u00e0 compl\u00e9ter avec <a href=\"https:\/\/ak47.nu\/fr\/tillbehor-2\/ammo\/45mm-airgun\/\">d'autres produits de notre gamme<\/a> !<\/p>\n<h3>D\u00e9tails :<\/h3>\n<ul>\n <li>Calibre : 4,5 mm (.177)<\/li>\n <li>Poids : 0,6 g \/ 9 gr<\/li>\n <li>Quantit\u00e9 : 500 unit\u00e9s<\/li>\n<\/ul>\n<h3>Qualit\u00e9 Certifi\u00e9e ISO 9001<\/h3>\n<p>Les plombs Norica Domed FT sont soumis \u00e0 un contr\u00f4le de qualit\u00e9 strict avec des machines de pointe ainsi qu'\u00e0 une inspection visuelle finale et une s\u00e9lection manuelle. Cela garantit que chaque plomb maintient la plus haute qualit\u00e9 et pr\u00e9cision possible. La plus haute qualit\u00e9 s'applique \u00e0 tous nos produits, consultez notre <a href=\"https:\/\/ak47.nu\/fr\/\">gamme de produits<\/a>.<\/p>","protected":false},"excerpt":{"rendered":"<p>Norica Domed FT 4,5 mm &#8211; Paquet de 500 Plombs Plombs de Haute Qualit\u00e9 pour Tir de Pr\u00e9cision Les plombs Norica Domed FT de calibre 4,5 mm sont le choix parfait pour les tireurs recherchant une haute pr\u00e9cision et une performance fiable. Ces plombs sont fabriqu\u00e9s avec soin gr\u00e2ce \u00e0 la technologie allemande et \u00e0 [&#8230;]","protected":false},"featured_media":18768,"template":"","meta":[],"product_brand":[],"product_cat":[461],"product_tag":[],"class_list":{"0":"post-18771","1":"product","2":"type-product","3":"status-publish","4":"has-post-thumbnail","6":"product_cat-45mm-airgun","7":"pa_brand-norica","9":"first","10":"outofstock","11":"sale","12":"taxable","13":"shipping-taxable","14":"purchasable","15":"product-type-simple"},"_links":{"self":[{"href":"https:\/\/ak47.nu\/fr\/wp-json\/wp\/v2\/product\/18771","targetHints":{"allow":["GET"]}}],"collection":[{"href":"https:\/\/ak47.nu\/fr\/wp-json\/wp\/v2\/product"}],"about":[{"href":"https:\/\/ak47.nu\/fr\/wp-json\/wp\/v2\/types\/product"}],"wp:featuredmedia":[{"embeddable":true,"href":"https:\/\/ak47.nu\/fr\/wp-json\/wp\/v2\/media\/18768"}],"wp:attachment":[{"href":"https:\/\/ak47.nu\/fr\/wp-json\/wp\/v2\/media?parent=18771"}],"wp:term":[{"taxonomy":"product_brand","embeddable":true,"href":"https:\/\/ak47.nu\/fr\/wp-json\/wp\/v2\/product_brand?post=18771"},{"taxonomy":"product_cat","embeddable":true,"href":"https:\/\/ak47.nu\/fr\/wp-json\/wp\/v2\/product_cat?post=18771"},{"taxonomy":"product_tag","embeddable":true,"href":"https:\/\/ak47.nu\/fr\/wp-json\/wp\/v2\/product_tag?post=18771"}],"curies":[{"name":"wp","href":"https:\/\/api.w.org\/{rel}","templated":true}]}}