{"id":18781,"date":"2022-05-06T14:13:35","date_gmt":"2022-05-06T12:13:35","guid":{"rendered":"https:\/\/ak47.nu\/produkt\/norica-hammer-500-pack-pellets-4-5mm\/"},"modified":"2025-08-21T11:08:50","modified_gmt":"2025-08-21T09:08:50","slug":"plombs-norica-hammer-4-5-mm-500-pieces","status":"publish","type":"product","link":"https:\/\/ak47.nu\/fr\/produit\/tillbehor-2\/ammo\/45mm-airgun\/plombs-norica-hammer-4-5-mm-500-pieces\/","title":{"rendered":"Plombs Norica Hammer 4,5 mm - 500 Pi&egrave;ces"},"content":{"rendered":"<h1>Plombs Norica Hammer 4,5 mm<\/h1>\n<h2>Plombs classiques pour le tir de loisir<\/h2>\n<p>Les plombs Norica Hammer sont le choix classique pour le tir de loisir et les pistolets CO2. Ces plombs r&eacute;pondent &agrave; toutes les exigences de base en mati&egrave;re de qualit&eacute; et de pr&eacute;cision, ce qui en fait un excellent choix pour les tireurs d&eacute;butants et exp&eacute;riment&eacute;s. Avec un rapport qualit&eacute;-prix imbattable, vous en avez pour votre argent. Parfait pour la pratique du tir et les activit&eacute;s r&eacute;cr&eacute;atives. Si vous recherchez <a href=\"https:\/\/ak47.nu\/fr\/butik\/\">d'autres types de munitions<\/a>, nous avons de nombreuses options.<\/p>\n<h3>Ray&eacute;s pour une pr&eacute;cision am&eacute;lior&eacute;e<\/h3>\n<p>Ces plombs ray&eacute;s sont con&ccedil;us pour offrir une meilleure pr&eacute;cision et stabilit&eacute; en vol. Le rayage aide &agrave; stabiliser le plomb, ce qui se traduit par des tirs plus pr&eacute;cis. Utilisez ces plombs pour am&eacute;liorer votre pr&eacute;cision et profiter d'une meilleure exp&eacute;rience de tir. Pour voir notre gamme compl&egrave;te de <a href=\"https:\/\/ak47.nu\/fr\/tillbehor-2\/ammo\/45mm-airgun\/\">plombs<\/a>, visitez notre site Web. Vous voulez en savoir plus sur Norica ? Visitez <a href=\"https:\/\/ak47.nu\/fr\/\">notre page d'accueil<\/a>.<\/p>\n\n<ul>\n<li>Calibre : 4,5 mm \/ .177 pouce<\/li>\n<li>Poids : 0,48 g \/ 7,48 gr<\/li>\n<li>Quantit&eacute; : 500 pi&egrave;ces<\/li>\n<\/ul>","protected":false},"excerpt":{"rendered":"<p>K\u00f6p Norica Hammer 500-pack pellets i 4.5MM &#8211; B\u00e4sta pris och kvalitet. Perfekt f\u00f6r jakt och tr\u00e4ning. Best\u00e4ll nu f\u00f6r snabb leverans.<\/p>","protected":false},"featured_media":18779,"template":"","meta":[],"product_brand":[],"product_cat":[461,458,450],"product_tag":[],"class_list":{"0":"post-18781","1":"product","2":"type-product","3":"status-publish","4":"has-post-thumbnail","6":"product_cat-45mm-airgun","7":"product_cat-ammo","8":"product_cat-tillbehor-2","9":"pa_brand-norica","11":"first","12":"outofstock","13":"sale","14":"taxable","15":"shipping-taxable","16":"purchasable","17":"product-type-simple"},"_links":{"self":[{"href":"https:\/\/ak47.nu\/fr\/wp-json\/wp\/v2\/product\/18781","targetHints":{"allow":["GET"]}}],"collection":[{"href":"https:\/\/ak47.nu\/fr\/wp-json\/wp\/v2\/product"}],"about":[{"href":"https:\/\/ak47.nu\/fr\/wp-json\/wp\/v2\/types\/product"}],"wp:featuredmedia":[{"embeddable":true,"href":"https:\/\/ak47.nu\/fr\/wp-json\/wp\/v2\/media\/18779"}],"wp:attachment":[{"href":"https:\/\/ak47.nu\/fr\/wp-json\/wp\/v2\/media?parent=18781"}],"wp:term":[{"taxonomy":"product_brand","embeddable":true,"href":"https:\/\/ak47.nu\/fr\/wp-json\/wp\/v2\/product_brand?post=18781"},{"taxonomy":"product_cat","embeddable":true,"href":"https:\/\/ak47.nu\/fr\/wp-json\/wp\/v2\/product_cat?post=18781"},{"taxonomy":"product_tag","embeddable":true,"href":"https:\/\/ak47.nu\/fr\/wp-json\/wp\/v2\/product_tag?post=18781"}],"curies":[{"name":"wp","href":"https:\/\/api.w.org\/{rel}","templated":true}]}}