{"id":18790,"date":"2022-05-06T14:13:40","date_gmt":"2022-05-06T12:13:40","guid":{"rendered":"https:\/\/ak47.nu\/produkt\/swiss-arms-stalrundkulor-45mm-177-cal-1500st\/"},"modified":"2026-04-12T02:47:36","modified_gmt":"2026-04-12T00:47:36","slug":"billes-acier-swiss-arms-4-5mm-177-cal-1500pcs","status":"publish","type":"product","link":"https:\/\/ak47.nu\/fr\/produit\/tillbehor-2\/ammo\/45mm-airgun\/billes-acier-swiss-arms-4-5mm-177-cal-1500pcs\/","title":{"rendered":"Billes Acier Swiss Arms 4,5mm .177 cal 1500pcs"},"content":{"rendered":"<h1>Billes Acier Swiss Arms 4,5mm .177 cal - 1500pcs<\/h1>\n<h2>Billes d'acier de haute qualit\u00e9 pour armes \u00e0 air comprim\u00e9<\/h2>\n<p>Ces billes d'acier de Swiss Arms sont parfaites pour ceux qui recherchent une haute pr\u00e9cision et fiabilit\u00e9 dans leur tir \u00e0 l'air comprim\u00e9. Avec un diam\u00e8tre de 4,5 mm (.177 cal) et un paquet de 1500, vous avez suffisamment de munitions pour de nombreuses s\u00e9ances d'entra\u00eenement et comp\u00e9titions.<\/p>\n<h3>Caract\u00e9ristiques :<\/h3>\n<ul>\n <li><strong>Calibre :<\/strong> 4,5 mm (.177 cal)<\/li>\n <li><strong>Mat\u00e9riau :<\/strong> Acier<\/li>\n <li><strong>Quantit\u00e9 :<\/strong> 1500 pcs<\/li>\n <li><strong>Marque :<\/strong> Swiss Arms<\/li>\n<\/ul>\n<p>Les billes d'acier sont fabriqu\u00e9es pour fournir un vol lisse et stable dans l'air, augmentant la pr\u00e9cision de votre tir. Convient \u00e0 la plupart des armes \u00e0 air comprim\u00e9 de calibre 4,5 mm. Explorez notre gamme d'<a href=\"https:\/\/ak47.nu\/fr\/butik\/\">autres types de munitions<\/a> pour trouver ce qui vous convient le mieux. Pour plus d'informations sur Swiss Arms et leurs produits, veuillez visiter notre <a href=\"https:\/\/ak47.nu\/fr\/tillbehor-2\/ammo\/45mm-airgun\/\">cat\u00e9gorie Swiss Arms<\/a>. Ne manquez pas nos autres offres sur la <a href=\"https:\/\/ak47.nu\/fr\/\">page d'accueil<\/a> !<\/p>","protected":false},"excerpt":{"rendered":"<p>K\u00f6p Swiss Arms st\u00e5lrundkulor i kaliber 4,5mm (.177 cal) &#8211; 1500st. H\u00f6gkvalitativa och p\u00e5litliga kulor f\u00f6r ditt luftvapen. K\u00f6p nu och f\u00e5 snabb leverans.<\/p>","protected":false},"featured_media":18784,"template":"","meta":[],"product_brand":[],"product_cat":[461],"product_tag":[],"class_list":{"0":"post-18790","1":"product","2":"type-product","3":"status-publish","4":"has-post-thumbnail","6":"product_cat-45mm-airgun","7":"pa_brand-swiss-arms","9":"first","10":"instock","11":"sale","12":"taxable","13":"shipping-taxable","14":"purchasable","15":"product-type-simple"},"_links":{"self":[{"href":"https:\/\/ak47.nu\/fr\/wp-json\/wp\/v2\/product\/18790","targetHints":{"allow":["GET"]}}],"collection":[{"href":"https:\/\/ak47.nu\/fr\/wp-json\/wp\/v2\/product"}],"about":[{"href":"https:\/\/ak47.nu\/fr\/wp-json\/wp\/v2\/types\/product"}],"wp:featuredmedia":[{"embeddable":true,"href":"https:\/\/ak47.nu\/fr\/wp-json\/wp\/v2\/media\/18784"}],"wp:attachment":[{"href":"https:\/\/ak47.nu\/fr\/wp-json\/wp\/v2\/media?parent=18790"}],"wp:term":[{"taxonomy":"product_brand","embeddable":true,"href":"https:\/\/ak47.nu\/fr\/wp-json\/wp\/v2\/product_brand?post=18790"},{"taxonomy":"product_cat","embeddable":true,"href":"https:\/\/ak47.nu\/fr\/wp-json\/wp\/v2\/product_cat?post=18790"},{"taxonomy":"product_tag","embeddable":true,"href":"https:\/\/ak47.nu\/fr\/wp-json\/wp\/v2\/product_tag?post=18790"}],"curies":[{"name":"wp","href":"https:\/\/api.w.org\/{rel}","templated":true}]}}