{"id":18800,"date":"2022-05-06T14:13:46","date_gmt":"2022-05-06T12:13:46","guid":{"rendered":"https:\/\/ak47.nu\/produkt\/gletcher-stal-bbs-for-luftvapen-kal-4-5mm-177-500-st\/"},"modified":"2025-12-03T20:08:56","modified_gmt":"2025-12-03T19:08:56","slug":"gletcher-stal-bbs-for-luftvapen-kal-4-5mm-177-500-st","status":"publish","type":"product","link":"https:\/\/ak47.nu\/fr\/produit\/tillbehor-2\/ammo\/45mm-airgun\/gletcher-stal-bbs-for-luftvapen-kal-4-5mm-177-500-st\/","title":{"rendered":"Gletcher St\u00e5l BBs f\u00f6r luftvapen kal 4.5mm \/ .177 &#8211; 500 st"},"content":{"rendered":"<p>GLETCHER<br \/>-Milit\u00e4ra precision-<\/p>\n<p>T\u00e4t tolerans + &#8211; 0,01 mm<br \/>Zink pl\u00e4terat st\u00e5l<\/p>","protected":false},"excerpt":{"rendered":"<p>GLETCHER-Milit\u00e4ra precision- T\u00e4t tolerans + &#8211; 0,01 mmZink pl\u00e4terat st\u00e5l<\/p>","protected":false},"featured_media":18797,"template":"","meta":[],"product_brand":[],"product_cat":[461],"product_tag":[],"class_list":{"0":"post-18800","1":"product","2":"type-product","3":"status-publish","4":"has-post-thumbnail","6":"product_cat-45mm-airgun","7":"pa_brand-gletcher","8":"pa_farg-silvergra","10":"first","11":"outofstock","12":"sale","13":"taxable","14":"shipping-taxable","15":"purchasable","16":"product-type-simple"},"_links":{"self":[{"href":"https:\/\/ak47.nu\/fr\/wp-json\/wp\/v2\/product\/18800","targetHints":{"allow":["GET"]}}],"collection":[{"href":"https:\/\/ak47.nu\/fr\/wp-json\/wp\/v2\/product"}],"about":[{"href":"https:\/\/ak47.nu\/fr\/wp-json\/wp\/v2\/types\/product"}],"wp:featuredmedia":[{"embeddable":true,"href":"https:\/\/ak47.nu\/fr\/wp-json\/wp\/v2\/media\/18797"}],"wp:attachment":[{"href":"https:\/\/ak47.nu\/fr\/wp-json\/wp\/v2\/media?parent=18800"}],"wp:term":[{"taxonomy":"product_brand","embeddable":true,"href":"https:\/\/ak47.nu\/fr\/wp-json\/wp\/v2\/product_brand?post=18800"},{"taxonomy":"product_cat","embeddable":true,"href":"https:\/\/ak47.nu\/fr\/wp-json\/wp\/v2\/product_cat?post=18800"},{"taxonomy":"product_tag","embeddable":true,"href":"https:\/\/ak47.nu\/fr\/wp-json\/wp\/v2\/product_tag?post=18800"}],"curies":[{"name":"wp","href":"https:\/\/api.w.org\/{rel}","templated":true}]}}