{"id":18824,"date":"2022-05-06T14:13:59","date_gmt":"2022-05-06T12:13:59","guid":{"rendered":"https:\/\/ak47.nu\/produkt\/luftgevarspilar-12-pack-45mm-blandadefarger\/"},"modified":"2025-12-03T12:50:39","modified_gmt":"2025-12-03T11:50:39","slug":"luftgevarspilar-12-pack-45mm-blandadefarger","status":"publish","type":"product","link":"https:\/\/ak47.nu\/fr\/produit\/tillbehor-2\/ammo\/45mm-airgun\/luftgevarspilar-12-pack-45mm-blandadefarger\/","title":{"rendered":"Luftgev\u00e4rspilar 12 pack 4,5mm Blandadef\u00e4rger"},"content":{"rendered":"<p>Luftgev\u00e4rspilar 12 pack 4,5mm<br \/>H\u00f6gkvalitativa luftgev\u00e4rspilar fr\u00e5n Umarex, h\u00e4r i mindre f\u00f6rpackning om 12 st. Luftgev\u00e4rspilar \u00e4r utm\u00e4rkt vid t\u00e4vlingar och femkamp d\u00e5 man l\u00e4tt kan se vem som skjuter b\u00e4st \ud83d\ude42<br \/>&#8221;4,5mm (.177&#8243;) Pilvikt 14,8grains 12st\/f\u00f6rp&#8221;, Blandade f\u00e4rger<\/p>","protected":false},"excerpt":{"rendered":"<p>Luftgev\u00e4rspilar 12 pack 4,5mmH\u00f6gkvalitativa luftgev\u00e4rspilar fr\u00e5n Umarex, h\u00e4r i mindre f\u00f6rpackning om 12 st. Luftgev\u00e4rspilar \u00e4r utm\u00e4rkt vid t\u00e4vlingar och femkamp d\u00e5 man l\u00e4tt kan se vem som skjuter b\u00e4st \ud83d\ude42&#8221;4,5mm (.177&#8243;) Pilvikt 14,8grains 12st\/f\u00f6rp&#8221;, Blandade f\u00e4rger<\/p>","protected":false},"featured_media":18822,"template":"","meta":[],"product_brand":[],"product_cat":[461],"product_tag":[],"class_list":{"0":"post-18824","1":"product","2":"type-product","3":"status-publish","4":"has-post-thumbnail","6":"product_cat-45mm-airgun","7":"pa_brand-no-brand","9":"first","10":"outofstock","11":"sale","12":"taxable","13":"shipping-taxable","14":"purchasable","15":"product-type-simple"},"_links":{"self":[{"href":"https:\/\/ak47.nu\/fr\/wp-json\/wp\/v2\/product\/18824","targetHints":{"allow":["GET"]}}],"collection":[{"href":"https:\/\/ak47.nu\/fr\/wp-json\/wp\/v2\/product"}],"about":[{"href":"https:\/\/ak47.nu\/fr\/wp-json\/wp\/v2\/types\/product"}],"wp:featuredmedia":[{"embeddable":true,"href":"https:\/\/ak47.nu\/fr\/wp-json\/wp\/v2\/media\/18822"}],"wp:attachment":[{"href":"https:\/\/ak47.nu\/fr\/wp-json\/wp\/v2\/media?parent=18824"}],"wp:term":[{"taxonomy":"product_brand","embeddable":true,"href":"https:\/\/ak47.nu\/fr\/wp-json\/wp\/v2\/product_brand?post=18824"},{"taxonomy":"product_cat","embeddable":true,"href":"https:\/\/ak47.nu\/fr\/wp-json\/wp\/v2\/product_cat?post=18824"},{"taxonomy":"product_tag","embeddable":true,"href":"https:\/\/ak47.nu\/fr\/wp-json\/wp\/v2\/product_tag?post=18824"}],"curies":[{"name":"wp","href":"https:\/\/api.w.org\/{rel}","templated":true}]}}