{"id":18864,"date":"2022-05-06T14:14:26","date_gmt":"2022-05-06T12:14:26","guid":{"rendered":"https:\/\/ak47.nu\/produkt\/dust-devil-1500pcs-blyfria-kulor-som-inte-rikoschetterar-lika-mycket\/"},"modified":"2026-03-26T15:27:38","modified_gmt":"2026-03-26T14:27:38","slug":"dust-devil-billes-sans-plomb-1500pcs","status":"publish","type":"product","link":"https:\/\/ak47.nu\/fr\/produit\/tillbehor-2\/ammo\/45mm-airgun\/dust-devil-billes-sans-plomb-1500pcs\/","title":{"rendered":"DUST DEVIL Billes Sans Plomb 1500pcs - Haute V\u00e9locit\u00e9"},"content":{"rendered":"<h1>DUST DEVIL - 1500pcs Billes Sans Plomb<\/h1>\n<h2>Tir Plus S\u00fbr et Plus Rapide avec les Billes Dust Devil<\/h2>\n<p>D\u00e9couvrez une nouvelle dimension de tir avec les billes sans plomb <strong>DUST DEVIL<\/strong>. Ce paquet contient 1500 billes con\u00e7ues pour une utilisation plus rapide et plus s\u00e9curis\u00e9e. Parfait pour les tireurs qui appr\u00e9cient la pr\u00e9cision et la s\u00e9curit\u00e9.<\/p>\n<h3>Caract\u00e9ristiques et Avantages :<\/h3>\n<ul>\n <li><strong>Tir Plus Rapide :<\/strong> Les billes sont 10 % plus rapides que les billes en acier standard, offrant un tir plus efficace.<\/li>\n <li><strong>Utilisation Plus S\u00fbre :<\/strong> Con\u00e7ues pour se briser \u00e0 l'impact, r\u00e9duisant ainsi le risque de ricochets.<\/li>\n <li><strong>Sans Plomb :<\/strong> Billes \u00e9cologiques qui respectent la nature.<\/li>\n <li><strong>Sp\u00e9cifications :<\/strong> .177cal 4,5mm, 4,35gr 0,29g.<\/li>\n<\/ul>\n<p>Avec les billes DUST DEVIL, vous b\u00e9n\u00e9ficiez non seulement d'un tir plus rapide, mais aussi d'une exp\u00e9rience plus s\u00fbre. Elles sont id\u00e9ales pour les utilisateurs \u00e0 la recherche d'alternatives de haute qualit\u00e9 et respectueuses de l'environnement. D\u00e9couvrez notre large gamme d'<a href=\"https:\/\/ak47.nu\/fr\/butik\/\">autres types de munitions<\/a> qui pourraient r\u00e9pondre \u00e0 vos besoins. Pour plus d'informations sur notre s\u00e9lection, veuillez consulter notre <a href=\"https:\/\/ak47.nu\/fr\/tillbehor-2\/ammo\/45mm-airgun\/\">page de cat\u00e9gorie de munitions<\/a> ou notre <a href=\"https:\/\/ak47.nu\/fr\/\">page d'accueil<\/a>.<\/p>","protected":false},"excerpt":{"rendered":"<p>DUST DEVIL &#8211; 1500pcs &#8211; blyfria kulor med minskad rikoschett &#8211; k\u00f6p nu f\u00f6r en s\u00e4krare och effektivare skjutupplevelse.<\/p>","protected":false},"featured_media":18863,"template":"","meta":[],"product_brand":[],"product_cat":[461],"product_tag":[],"class_list":{"0":"post-18864","1":"product","2":"type-product","3":"status-publish","4":"has-post-thumbnail","6":"product_cat-45mm-airgun","7":"pa_brand-dust-devil","9":"first","10":"instock","11":"sale","12":"taxable","13":"shipping-taxable","14":"purchasable","15":"product-type-simple"},"_links":{"self":[{"href":"https:\/\/ak47.nu\/fr\/wp-json\/wp\/v2\/product\/18864","targetHints":{"allow":["GET"]}}],"collection":[{"href":"https:\/\/ak47.nu\/fr\/wp-json\/wp\/v2\/product"}],"about":[{"href":"https:\/\/ak47.nu\/fr\/wp-json\/wp\/v2\/types\/product"}],"wp:featuredmedia":[{"embeddable":true,"href":"https:\/\/ak47.nu\/fr\/wp-json\/wp\/v2\/media\/18863"}],"wp:attachment":[{"href":"https:\/\/ak47.nu\/fr\/wp-json\/wp\/v2\/media?parent=18864"}],"wp:term":[{"taxonomy":"product_brand","embeddable":true,"href":"https:\/\/ak47.nu\/fr\/wp-json\/wp\/v2\/product_brand?post=18864"},{"taxonomy":"product_cat","embeddable":true,"href":"https:\/\/ak47.nu\/fr\/wp-json\/wp\/v2\/product_cat?post=18864"},{"taxonomy":"product_tag","embeddable":true,"href":"https:\/\/ak47.nu\/fr\/wp-json\/wp\/v2\/product_tag?post=18864"}],"curies":[{"name":"wp","href":"https:\/\/api.w.org\/{rel}","templated":true}]}}