{"id":18890,"date":"2022-05-06T14:14:39","date_gmt":"2022-05-06T12:14:39","guid":{"rendered":"https:\/\/ak47.nu\/produkt\/norica-hollow-point-250-pack-pellets-5-5mm\/"},"modified":"2025-12-03T20:32:30","modified_gmt":"2025-12-03T19:32:30","slug":"plombs-norica-hollow-point-5-5mm-250-unites","status":"publish","type":"product","link":"https:\/\/ak47.nu\/fr\/produit\/tillbehor-2\/ammo\/55mm-airgun\/plombs-norica-hollow-point-5-5mm-250-unites\/","title":{"rendered":"Plombs Norica Hollow Point 5.5mm - 250 Unit\u00e9s"},"content":{"rendered":"<h1>Plombs Norica Hollow Point 5.5mm - 250 Unit\u00e9s<\/h1>\n<h2>Plombs de haute qualit\u00e9 pour la lutte antiparasitaire et la chasse au petit gibier<\/h2>\n<p>Les plombs Norica Hollow Point sont con\u00e7us pour offrir un impact maximal pour la lutte antiparasitaire et la chasse au petit gibier. Ces plombs sont sp\u00e9cialement con\u00e7us pour fonctionner de mani\u00e8re optimale avec les carabines \u00e0 air comprim\u00e9 magnum, offrant une expansion importante lors de l'impact \u00e0 courte et moyenne port\u00e9e. Avec un effet d\u00e9vastateur sur la cible, ces plombs sont un excellent choix pour le tireur s\u00e9rieux. D\u00e9couvrez notre gamme de <a href=\"https:\/\/ak47.nu\/fr\/butik\/\">plombs Norica<\/a> adapt\u00e9s \u00e0 vos besoins.<\/p>\n<h3>Pr\u00e9cision allemande et contr\u00f4le qualit\u00e9<\/h3>\n<p>Fabriqu\u00e9s avec la technologie allemande et un alliage de plomb sp\u00e9cial, les plombs Norica Hollow Point garantissent une qualit\u00e9 et une pr\u00e9cision maximales. Un contr\u00f4le qualit\u00e9 strict est effectu\u00e9 avec des machines de pointe avant l'inspection visuelle finale et la s\u00e9lection manuelle. Cela garantit que chaque plomb r\u00e9pond aux normes \u00e9lev\u00e9es \u00e9tablies.<\/p>\n<h3>Emballage pratique<\/h3>\n<p>Les plombs sont emball\u00e9s dans un pot avec un bouchon \u00e0 vis, rev\u00eatu int\u00e9rieurement d'\u00e9poxy pour une protection contre l'oxyde de plomb. Cela maintient les plombs dans un \u00e9tat optimal et prolonge leur dur\u00e9e de vie.<\/p>\n<h3>Sp\u00e9cifications:<\/h3>\n<ul>\n <li><strong>Calibre:<\/strong> 5.5 mm (.22)<\/li>\n <li><strong>Poids:<\/strong> 0.97 g \/ 15.00 gr<\/li>\n <li><strong>Quantit\u00e9:<\/strong> 250 unit\u00e9s<\/li>\n<\/ul>\n<p>Pour plus d'informations sur les carabines \u00e0 air comprim\u00e9 et les accessoires, visitez notre <a href=\"https:\/\/ak47.nu\/fr\/tillbehor-2\/ammo\/55mm-airgun\/\">cat\u00e9gorie carabines \u00e0 air comprim\u00e9<\/a>. Ne manquez pas nos autres produits et offres sur <a href=\"https:\/\/ak47.nu\/fr\/\">notre page d'accueil<\/a>.<\/p>","protected":false},"excerpt":{"rendered":"<p>K\u00f6p Norica Hollow Point 250-pack pellets i 5.5MM &#8211; b\u00e4sta priser online. Utforska v\u00e5rt sortiment av h\u00f6gkvalitativa pellets f\u00f6r optimal precision och tr\u00e4ffs\u00e4kerhet. Best\u00e4ll idag och f\u00f6rb\u00e4ttra din skjutupplevelse med Norica Hollow Point pellets.<\/p>","protected":false},"featured_media":18889,"template":"","meta":[],"product_brand":[],"product_cat":[462],"product_tag":[],"class_list":{"0":"post-18890","1":"product","2":"type-product","3":"status-publish","4":"has-post-thumbnail","6":"product_cat-55mm-airgun","7":"pa_brand-norica","9":"first","10":"outofstock","11":"taxable","12":"shipping-taxable","13":"purchasable","14":"product-type-simple"},"_links":{"self":[{"href":"https:\/\/ak47.nu\/fr\/wp-json\/wp\/v2\/product\/18890","targetHints":{"allow":["GET"]}}],"collection":[{"href":"https:\/\/ak47.nu\/fr\/wp-json\/wp\/v2\/product"}],"about":[{"href":"https:\/\/ak47.nu\/fr\/wp-json\/wp\/v2\/types\/product"}],"wp:featuredmedia":[{"embeddable":true,"href":"https:\/\/ak47.nu\/fr\/wp-json\/wp\/v2\/media\/18889"}],"wp:attachment":[{"href":"https:\/\/ak47.nu\/fr\/wp-json\/wp\/v2\/media?parent=18890"}],"wp:term":[{"taxonomy":"product_brand","embeddable":true,"href":"https:\/\/ak47.nu\/fr\/wp-json\/wp\/v2\/product_brand?post=18890"},{"taxonomy":"product_cat","embeddable":true,"href":"https:\/\/ak47.nu\/fr\/wp-json\/wp\/v2\/product_cat?post=18890"},{"taxonomy":"product_tag","embeddable":true,"href":"https:\/\/ak47.nu\/fr\/wp-json\/wp\/v2\/product_tag?post=18890"}],"curies":[{"name":"wp","href":"https:\/\/api.w.org\/{rel}","templated":true}]}}