{"id":18902,"date":"2022-05-06T14:14:45","date_gmt":"2022-05-06T12:14:45","guid":{"rendered":"https:\/\/ak47.nu\/produkt\/norica-hammer-250-pack-pellets-5-5mm\/"},"modified":"2025-12-03T20:31:43","modified_gmt":"2025-12-03T19:31:43","slug":"norica-hammer-250-pack-pellets-5-5mm","status":"publish","type":"product","link":"https:\/\/ak47.nu\/fr\/produit\/tillbehor-2\/ammo\/55mm-airgun\/norica-hammer-250-pack-pellets-5-5mm\/","title":{"rendered":"Norica &#8211; Hammer &#8211; 250-pack Pellets &#8211; 5.5MM"},"content":{"rendered":"<p>Norica &#8211; Hammer<\/p>\n<p>Beskrivning<br \/>Det klassiska valet f\u00f6r hobbyskytte och CO2-pistol. Uppfyller alla grundl\u00e4ggande krav p\u00e5 kvalitet och precision. Oslagbart pris-prestanda-f\u00f6rh\u00e5llande.<br \/>R\u00e4fflade pellets.<\/p>\n<p>Detaljer<br \/>Kaliber (mm.\/tum): 5,5\/.22<br \/>Vikt (g\/gr): 0,84\/12,96<br \/>Antal: 250<\/p>","protected":false},"excerpt":{"rendered":"<p>Norica &#8211; Hammer BeskrivningDet klassiska valet f\u00f6r hobbyskytte och CO2-pistol. Uppfyller alla grundl\u00e4ggande krav p\u00e5 kvalitet och precision. Oslagbart pris-prestanda-f\u00f6rh\u00e5llande.R\u00e4fflade pellets. DetaljerKaliber (mm.\/tum): 5,5\/.22Vikt (g\/gr): 0,84\/12,96Antal: 250<\/p>","protected":false},"featured_media":18901,"template":"","meta":[],"product_brand":[],"product_cat":[462],"product_tag":[],"class_list":{"0":"post-18902","1":"product","2":"type-product","3":"status-publish","4":"has-post-thumbnail","6":"product_cat-55mm-airgun","7":"pa_brand-norica","9":"first","10":"outofstock","11":"taxable","12":"shipping-taxable","13":"purchasable","14":"product-type-simple"},"_links":{"self":[{"href":"https:\/\/ak47.nu\/fr\/wp-json\/wp\/v2\/product\/18902","targetHints":{"allow":["GET"]}}],"collection":[{"href":"https:\/\/ak47.nu\/fr\/wp-json\/wp\/v2\/product"}],"about":[{"href":"https:\/\/ak47.nu\/fr\/wp-json\/wp\/v2\/types\/product"}],"wp:featuredmedia":[{"embeddable":true,"href":"https:\/\/ak47.nu\/fr\/wp-json\/wp\/v2\/media\/18901"}],"wp:attachment":[{"href":"https:\/\/ak47.nu\/fr\/wp-json\/wp\/v2\/media?parent=18902"}],"wp:term":[{"taxonomy":"product_brand","embeddable":true,"href":"https:\/\/ak47.nu\/fr\/wp-json\/wp\/v2\/product_brand?post=18902"},{"taxonomy":"product_cat","embeddable":true,"href":"https:\/\/ak47.nu\/fr\/wp-json\/wp\/v2\/product_cat?post=18902"},{"taxonomy":"product_tag","embeddable":true,"href":"https:\/\/ak47.nu\/fr\/wp-json\/wp\/v2\/product_tag?post=18902"}],"curies":[{"name":"wp","href":"https:\/\/api.w.org\/{rel}","templated":true}]}}