{"id":18908,"date":"2022-05-06T14:14:48","date_gmt":"2022-05-06T12:14:48","guid":{"rendered":"https:\/\/ak47.nu\/produkt\/norica-domed-ft-250-pack-pellets-5-5mm\/"},"modified":"2026-04-07T13:17:44","modified_gmt":"2026-04-07T11:17:44","slug":"plombs-norica-domed-ft-5-5mm-250-unites","status":"publish","type":"product","link":"https:\/\/ak47.nu\/fr\/produit\/tillbehor-2\/ammo\/55mm-airgun\/plombs-norica-domed-ft-5-5mm-250-unites\/","title":{"rendered":"Plombs Norica Domed FT 5.5mm - 250 Unit\u00e9s | Norica"},"content":{"rendered":"<h1>Plombs Norica Domed FT 5.5mm - 250 Unit\u00e9s<\/h1>\n<h2>Plombs Premium pour une Utilisation Polyvalente<\/h2>\n<p>Les plombs Norica Domed FT en calibre 5.5 mm (.22) sont con\u00e7us avec pr\u00e9cision pour une excellente a\u00e9rodynamique et une r\u00e9tention d'\u00e9nergie sur de longues distances. Ces plombs sont livr\u00e9s dans un bocal \u00e0 couvercle viss\u00e9 pratique, rev\u00eatu int\u00e9rieurement d'\u00e9poxy pour une protection suppl\u00e9mentaire contre l'oxyde de plomb.<\/p>\n<h3>Caract\u00e9ristiques:<\/h3>\n<ul>\n <li><strong>Calibre:<\/strong> 5.5 mm (.22)<\/li>\n <li><strong>Poids:<\/strong> 1.15 g \/ 18 grains<\/li>\n <li><strong>Quantit\u00e9:<\/strong> 250 unit\u00e9s<\/li>\n <li><strong>Emballage:<\/strong> Bocal \u00e0 couvercle viss\u00e9 avec rev\u00eatement \u00e9poxy<\/li>\n <li><strong>Fabrication:<\/strong> Fabriqu\u00e9s avec soin gr\u00e2ce \u00e0 la technologie allemande et un alliage de plomb sp\u00e9cial<\/li>\n <li><strong>Contr\u00f4le Qualit\u00e9:<\/strong> Contr\u00f4le qualit\u00e9 strict avec des machines de pointe et une inspection manuelle<\/li>\n<\/ul>\n<p>Chaque plomb est soigneusement s\u00e9lectionn\u00e9 gr\u00e2ce \u00e0 des syst\u00e8mes de m\u00e9trologie et de mesure, garantissant une g\u00e9om\u00e9trie parfaite. Fabrication certifi\u00e9e ISO 9001. Le Premium Domed FT est un mod\u00e8le polyvalent qui fournit l'impact n\u00e9cessaire pour sa mission, id\u00e9al pour le tir sur cible et la lutte antiparasitaire. Obtenez vos <a href=\"https:\/\/ak47.nu\/fr\/butik\/\">plombs Norica<\/a> d\u00e8s aujourd'hui et d\u00e9couvrez la diff\u00e9rence. Visitez notre <a href=\"https:\/\/ak47.nu\/fr\/tillbehor-2\/ammo\/55mm-airgun\/\">cat\u00e9gorie de plombs<\/a> pour plus d'options ou consultez <a href=\"https:\/\/ak47.nu\/fr\/\">notre page d'accueil<\/a> pour voir toute notre gamme.<\/p>","protected":false},"excerpt":{"rendered":"<p>Plombs Norica Domed FT 5.5mm &#8211; 250 Unit\u00e9s Plombs Premium pour une Utilisation Polyvalente Les plombs Norica Domed FT en calibre 5.5 mm (.22) sont con\u00e7us avec pr\u00e9cision pour une excellente a\u00e9rodynamique et une r\u00e9tention d&#8217;\u00e9nergie sur de longues distances. Ces plombs sont livr\u00e9s dans un bocal \u00e0 couvercle viss\u00e9 pratique, rev\u00eatu int\u00e9rieurement d&#8217;\u00e9poxy pour [&#8230;]","protected":false},"featured_media":18907,"template":"","meta":[],"product_brand":[],"product_cat":[462],"product_tag":[],"class_list":{"0":"post-18908","1":"product","2":"type-product","3":"status-publish","4":"has-post-thumbnail","6":"product_cat-55mm-airgun","7":"pa_brand-norica","9":"first","10":"instock","11":"sale","12":"taxable","13":"shipping-taxable","14":"purchasable","15":"product-type-simple"},"_links":{"self":[{"href":"https:\/\/ak47.nu\/fr\/wp-json\/wp\/v2\/product\/18908","targetHints":{"allow":["GET"]}}],"collection":[{"href":"https:\/\/ak47.nu\/fr\/wp-json\/wp\/v2\/product"}],"about":[{"href":"https:\/\/ak47.nu\/fr\/wp-json\/wp\/v2\/types\/product"}],"wp:featuredmedia":[{"embeddable":true,"href":"https:\/\/ak47.nu\/fr\/wp-json\/wp\/v2\/media\/18907"}],"wp:attachment":[{"href":"https:\/\/ak47.nu\/fr\/wp-json\/wp\/v2\/media?parent=18908"}],"wp:term":[{"taxonomy":"product_brand","embeddable":true,"href":"https:\/\/ak47.nu\/fr\/wp-json\/wp\/v2\/product_brand?post=18908"},{"taxonomy":"product_cat","embeddable":true,"href":"https:\/\/ak47.nu\/fr\/wp-json\/wp\/v2\/product_cat?post=18908"},{"taxonomy":"product_tag","embeddable":true,"href":"https:\/\/ak47.nu\/fr\/wp-json\/wp\/v2\/product_tag?post=18908"}],"curies":[{"name":"wp","href":"https:\/\/api.w.org\/{rel}","templated":true}]}}