{"id":18949,"date":"2022-05-06T14:15:17","date_gmt":"2022-05-06T12:15:17","guid":{"rendered":"https:\/\/ak47.nu\/produkt\/swiss-arms-airsoftkulor-6mm-5000-bbs-02g\/"},"modified":"2025-12-03T20:22:46","modified_gmt":"2025-12-03T19:22:46","slug":"billes-airsoft-swiss-arms-6mm-0-2g","status":"publish","type":"product","link":"https:\/\/ak47.nu\/fr\/produit\/tillbehor-2\/ammo\/6mm-airsoft\/billes-airsoft-swiss-arms-6mm-0-2g\/","title":{"rendered":"Billes Airsoft Swiss Arms 6mm 0.2g - 5000 unit\u00e9s"},"content":{"rendered":"<h1>Billes Airsoft Swiss Arms 6mm 0.2g<\/h1>\n<h2>Billes Airsoft de Haute Qualit\u00e9 de Swiss Arms<\/h2>\n<p>Ces <strong>Billes Blanches Swiss Arms<\/strong> sont livr\u00e9es dans un sac pratique de 1 kg et sont parfaites pour les passionn\u00e9s d'airsoft. Pesant 0,2 g avec un calibre de 6 mm, ces billes offrent pr\u00e9cision et fiabilit\u00e9 \u00e0 chaque tir. Veuillez noter que ces billes <strong>ne sont pas<\/strong> biod\u00e9gradables.<\/p>\n\n<h3>Informations sur le Produit :<\/h3>\n<ul>\n  <li><strong>Marque :<\/strong> Swiss Arms<\/li>\n  <li><strong>Couleur :<\/strong> Blanc<\/li>\n  <li><strong>Calibre :<\/strong> 6 mm<\/li>\n  <li><strong>Poids des Billes :<\/strong> 0,2 g<\/li>\n  <li><strong>Biod\u00e9gradable :<\/strong> Non<\/li>\n<\/ul>\n\n<p>Am\u00e9liorez votre exp\u00e9rience d'airsoft avec ces billes de haute qualit\u00e9 de Swiss Arms. Pour plus d'options, visitez notre <a href=\"https:\/\/ak47.nu\/fr\/butik\/\">collection de billes airsoft<\/a>. \u00c9quipez-vous et dominez le terrain d'airsoft ! Vous pouvez \u00e9galement trouver d'autres <a href=\"https:\/\/ak47.nu\/fr\/tillbehor-2\/ammo\/6mm-airsoft\/\">accessoires d'airsoft<\/a> dans notre gamme. N'oubliez pas de consulter notre large s\u00e9lection de produits sur notre <a href=\"https:\/\/ak47.nu\/fr\/\">page d'accueil<\/a>.<\/p>","protected":false},"excerpt":{"rendered":"<p>Billes Airsoft Swiss Arms 6mm 0.2g Billes Airsoft de Haute Qualit\u00e9 de Swiss Arms Ces Billes Blanches Swiss Arms sont livr\u00e9es dans un sac pratique de 1 kg et sont parfaites pour les passionn\u00e9s d&#8217;airsoft. Pesant 0,2 g avec un calibre de 6 mm, ces billes offrent pr\u00e9cision et fiabilit\u00e9 \u00e0 chaque tir. Veuillez noter [&#8230;]","protected":false},"featured_media":18945,"template":"","meta":[],"product_brand":[],"product_cat":[459],"product_tag":[],"class_list":{"0":"post-18949","1":"product","2":"type-product","3":"status-publish","4":"has-post-thumbnail","6":"product_cat-6mm-airsoft","7":"pa_brand-swiss-arms","9":"first","10":"outofstock","11":"taxable","12":"shipping-taxable","13":"purchasable","14":"product-type-simple"},"_links":{"self":[{"href":"https:\/\/ak47.nu\/fr\/wp-json\/wp\/v2\/product\/18949","targetHints":{"allow":["GET"]}}],"collection":[{"href":"https:\/\/ak47.nu\/fr\/wp-json\/wp\/v2\/product"}],"about":[{"href":"https:\/\/ak47.nu\/fr\/wp-json\/wp\/v2\/types\/product"}],"wp:featuredmedia":[{"embeddable":true,"href":"https:\/\/ak47.nu\/fr\/wp-json\/wp\/v2\/media\/18945"}],"wp:attachment":[{"href":"https:\/\/ak47.nu\/fr\/wp-json\/wp\/v2\/media?parent=18949"}],"wp:term":[{"taxonomy":"product_brand","embeddable":true,"href":"https:\/\/ak47.nu\/fr\/wp-json\/wp\/v2\/product_brand?post=18949"},{"taxonomy":"product_cat","embeddable":true,"href":"https:\/\/ak47.nu\/fr\/wp-json\/wp\/v2\/product_cat?post=18949"},{"taxonomy":"product_tag","embeddable":true,"href":"https:\/\/ak47.nu\/fr\/wp-json\/wp\/v2\/product_tag?post=18949"}],"curies":[{"name":"wp","href":"https:\/\/api.w.org\/{rel}","templated":true}]}}