{"id":18988,"date":"2022-05-06T14:16:38","date_gmt":"2022-05-06T12:16:38","guid":{"rendered":"https:\/\/ak47.nu\/produkt\/swiss-arms-klistertavla-30-cm-airsoft\/"},"modified":"2026-02-22T13:23:34","modified_gmt":"2026-02-22T12:23:34","slug":"cible-collante-airsoft-30cm-swiss-arms","status":"publish","type":"product","link":"https:\/\/ak47.nu\/fr\/produit\/tillbehor-2\/maltavlor\/cible-collante-airsoft-30cm-swiss-arms\/","title":{"rendered":"Cible Collante Airsoft 30cm Swiss Arms | CYBERGUN"},"content":{"rendered":"<h1>Swiss Arms - Cible Collante 30 cm - Airsoft<\/h1>\n<h2>Cible collante pour airsoft avec r\u00e9ceptacle<\/h2>\n<p>Cette cible collante de Swiss Arms est sp\u00e9cialement con\u00e7ue pour les armes d'airsoft et offre une exp\u00e9rience de tir amusante et s\u00e9curis\u00e9e. La cible est adapt\u00e9e aux fusils d'airsoft d'une \u00e9nergie maximale de 0,5 joule ou d'une vitesse de 90 m\/s. Les billes adh\u00e8rent temporairement \u00e0 la surface, puis roulent dans le r\u00e9ceptacle, ce qui facilite le nettoyage.<\/p>\n<h3>Fonctionnalit\u00e9s et avantages:<\/h3>\n<ul>\n <li><b>Surface collante:<\/b> Les billes adh\u00e8rent temporairement \u00e0 la cible.<\/li>\n <li><b>R\u00e9ceptacle:<\/b> Les billes sont collect\u00e9es dans le r\u00e9ceptacle sous la cible.<\/li>\n <li><b>S\u00e9curit\u00e9:<\/b> Convient aux armes d'airsoft jusqu'\u00e0 0,5 joule ou 90 m\/s.<\/li>\n<\/ul>\n<p>Rendez votre entra\u00eenement \u00e0 l'airsoft plus amusant et organis\u00e9 avec cette cible collante pratique. Parfait pour les d\u00e9butants et les passionn\u00e9s d'airsoft exp\u00e9riment\u00e9s. D\u00e9couvrez notre gamme de <a href=\"https:\/\/ak47.nu\/fr\/butik\/\">Pistolets Airsoft<\/a> qui s'accordent parfaitement avec cette cible. Pour plus d'accessoires de tir, visitez notre <a href=\"https:\/\/ak47.nu\/fr\/tillbehor-2\/maltavlor\/\">cat\u00e9gorie Accessoires Airsoft<\/a>. D\u00e9couvrez-en davantage sur <a href=\"https:\/\/ak47.nu\/fr\/\">notre gamme compl\u00e8te<\/a> d\u00e8s aujourd'hui!<\/p>","protected":false},"excerpt":{"rendered":"<p>Swiss Arms &#8211; Cible Collante 30 cm &#8211; Airsoft Cible collante pour airsoft avec r\u00e9ceptacle Cette cible collante de Swiss Arms est sp\u00e9cialement con\u00e7ue pour les armes d&#8217;airsoft et offre une exp\u00e9rience de tir amusante et s\u00e9curis\u00e9e. La cible est adapt\u00e9e aux fusils d&#8217;airsoft d&#8217;une \u00e9nergie maximale de 0,5 joule ou d&#8217;une vitesse de 90 [&#8230;]","protected":false},"featured_media":18987,"template":"","meta":[],"product_brand":[],"product_cat":[474],"product_tag":[],"class_list":{"0":"post-18988","1":"product","2":"type-product","3":"status-publish","4":"has-post-thumbnail","6":"product_cat-maltavlor","7":"pa_brand-cybergun","8":"pa_farg-svart","10":"first","11":"instock","12":"sale","13":"taxable","14":"shipping-taxable","15":"purchasable","16":"product-type-simple"},"_links":{"self":[{"href":"https:\/\/ak47.nu\/fr\/wp-json\/wp\/v2\/product\/18988","targetHints":{"allow":["GET"]}}],"collection":[{"href":"https:\/\/ak47.nu\/fr\/wp-json\/wp\/v2\/product"}],"about":[{"href":"https:\/\/ak47.nu\/fr\/wp-json\/wp\/v2\/types\/product"}],"wp:featuredmedia":[{"embeddable":true,"href":"https:\/\/ak47.nu\/fr\/wp-json\/wp\/v2\/media\/18987"}],"wp:attachment":[{"href":"https:\/\/ak47.nu\/fr\/wp-json\/wp\/v2\/media?parent=18988"}],"wp:term":[{"taxonomy":"product_brand","embeddable":true,"href":"https:\/\/ak47.nu\/fr\/wp-json\/wp\/v2\/product_brand?post=18988"},{"taxonomy":"product_cat","embeddable":true,"href":"https:\/\/ak47.nu\/fr\/wp-json\/wp\/v2\/product_cat?post=18988"},{"taxonomy":"product_tag","embeddable":true,"href":"https:\/\/ak47.nu\/fr\/wp-json\/wp\/v2\/product_tag?post=18988"}],"curies":[{"name":"wp","href":"https:\/\/api.w.org\/{rel}","templated":true}]}}