{"id":18998,"date":"2022-05-06T14:16:59","date_gmt":"2022-05-06T12:16:59","guid":{"rendered":"https:\/\/ak47.nu\/produkt\/swiss-arms-luftgevars-tavla-sjalvaterstallande-tavla-41\/"},"modified":"2025-12-03T20:20:50","modified_gmt":"2025-12-03T19:20:50","slug":"swiss-arms-luftgevars-tavla-sjalvaterstallande-tavla-41","status":"publish","type":"product","link":"https:\/\/ak47.nu\/fr\/produit\/tillbehor-2\/maltavlor\/swiss-arms-luftgevars-tavla-sjalvaterstallande-tavla-41\/","title":{"rendered":"Swiss Arms &#8211; luftgev\u00e4rs tavla &#8211; sj\u00e4lv\u00e5terst\u00e4llande tavla 4+1"},"content":{"rendered":"<p>Swiss Arms &#8211; &aring;terst&auml;llande m&aring;ltavla<\/p>\n<p>l&auml;mplig f&ouml;r luftgev&auml;r.<\/p>\n<p>skjut de i botten och n&auml;r man skjuter den i toppen s&aring; &aring;terst&auml;lls m&aring;let.<\/p>\n<p>tillverkat av st&aring;l<br \/>39,5*34*53cm<\/p>","protected":false},"excerpt":{"rendered":"<p>K\u00f6p Swiss Arms sj\u00e4lv\u00e5terst\u00e4llande luftgev\u00e4rstavla 4+1 online &#8211; perfekt f\u00f6r tr\u00e4ning och precisionsskytte. V\u00e4lj Swiss Arms f\u00f6r h\u00f6g kvalitet och p\u00e5litlighet. Best\u00e4ll idag och f\u00e5 snabb leverans!<\/p>","protected":false},"featured_media":18997,"template":"","meta":[],"product_brand":[],"product_cat":[474],"product_tag":[],"class_list":{"0":"post-18998","1":"product","2":"type-product","3":"status-publish","4":"has-post-thumbnail","6":"product_cat-maltavlor","7":"pa_brand-cybergun","8":"pa_farg-svart","10":"first","11":"outofstock","12":"sale","13":"taxable","14":"shipping-taxable","15":"purchasable","16":"product-type-simple"},"_links":{"self":[{"href":"https:\/\/ak47.nu\/fr\/wp-json\/wp\/v2\/product\/18998","targetHints":{"allow":["GET"]}}],"collection":[{"href":"https:\/\/ak47.nu\/fr\/wp-json\/wp\/v2\/product"}],"about":[{"href":"https:\/\/ak47.nu\/fr\/wp-json\/wp\/v2\/types\/product"}],"wp:featuredmedia":[{"embeddable":true,"href":"https:\/\/ak47.nu\/fr\/wp-json\/wp\/v2\/media\/18997"}],"wp:attachment":[{"href":"https:\/\/ak47.nu\/fr\/wp-json\/wp\/v2\/media?parent=18998"}],"wp:term":[{"taxonomy":"product_brand","embeddable":true,"href":"https:\/\/ak47.nu\/fr\/wp-json\/wp\/v2\/product_brand?post=18998"},{"taxonomy":"product_cat","embeddable":true,"href":"https:\/\/ak47.nu\/fr\/wp-json\/wp\/v2\/product_cat?post=18998"},{"taxonomy":"product_tag","embeddable":true,"href":"https:\/\/ak47.nu\/fr\/wp-json\/wp\/v2\/product_tag?post=18998"}],"curies":[{"name":"wp","href":"https:\/\/api.w.org\/{rel}","templated":true}]}}