{"id":19006,"date":"2022-05-06T14:17:13","date_gmt":"2022-05-06T12:17:13","guid":{"rendered":"https:\/\/ak47.nu\/produkt\/range-solutions-paper-targets-100-pcs-ksp-sport-carbine-50m-targets\/"},"modified":"2025-12-03T20:25:10","modified_gmt":"2025-12-03T19:25:10","slug":"range-solutions-paper-targets-100-pcs-ksp-sport-carbine-50m-targets","status":"publish","type":"product","link":"https:\/\/ak47.nu\/fr\/produit\/tillbehor-2\/maltavlor\/range-solutions-paper-targets-100-pcs-ksp-sport-carbine-50m-targets\/","title":{"rendered":"RANGE SOLUTIONS &#8211; PAPER TARGETS &#8211; 100 PCS &#8211; KSP Sport carbine 50m targets"},"content":{"rendered":"<p>KSP Sports Carbine 50m Target &#8211; 100 Pcs<\/p>\n<p>A target for training shooting with a sports carbine at a distance of 50 meters.<\/p>\n<p>Packed &ldquo;flat&rdquo; &#8211; 100 targets in the set.<br \/>Target size is compliant with ISSF regulations.<\/p>\n<p>Sheet: 200 x 200 mm<br \/>Offset 80 g paper<\/p>","protected":false},"excerpt":{"rendered":"<p>K\u00f6p RANGE SOLUTIONS pappersm\u00e5l &#8211; 100 stycken &#8211; KSP Sport karbin 50m m\u00e5l. Perfekta m\u00e5l f\u00f6r skytte p\u00e5 avst\u00e5nd. Handla nu och f\u00f6rb\u00e4ttra din tr\u00e4ning!<\/p>","protected":false},"featured_media":19005,"template":"","meta":[],"product_brand":[],"product_cat":[474],"product_tag":[],"class_list":{"0":"post-19006","1":"product","2":"type-product","3":"status-publish","4":"has-post-thumbnail","6":"product_cat-maltavlor","7":"pa_brand-range-solutions","9":"first","10":"outofstock","11":"sale","12":"taxable","13":"shipping-taxable","14":"purchasable","15":"product-type-simple"},"_links":{"self":[{"href":"https:\/\/ak47.nu\/fr\/wp-json\/wp\/v2\/product\/19006","targetHints":{"allow":["GET"]}}],"collection":[{"href":"https:\/\/ak47.nu\/fr\/wp-json\/wp\/v2\/product"}],"about":[{"href":"https:\/\/ak47.nu\/fr\/wp-json\/wp\/v2\/types\/product"}],"wp:featuredmedia":[{"embeddable":true,"href":"https:\/\/ak47.nu\/fr\/wp-json\/wp\/v2\/media\/19005"}],"wp:attachment":[{"href":"https:\/\/ak47.nu\/fr\/wp-json\/wp\/v2\/media?parent=19006"}],"wp:term":[{"taxonomy":"product_brand","embeddable":true,"href":"https:\/\/ak47.nu\/fr\/wp-json\/wp\/v2\/product_brand?post=19006"},{"taxonomy":"product_cat","embeddable":true,"href":"https:\/\/ak47.nu\/fr\/wp-json\/wp\/v2\/product_cat?post=19006"},{"taxonomy":"product_tag","embeddable":true,"href":"https:\/\/ak47.nu\/fr\/wp-json\/wp\/v2\/product_tag?post=19006"}],"curies":[{"name":"wp","href":"https:\/\/api.w.org\/{rel}","templated":true}]}}