{"id":19018,"date":"2022-05-06T14:17:31","date_gmt":"2022-05-06T12:17:31","guid":{"rendered":"https:\/\/ak47.nu\/produkt\/range-solutions-paper-targets-50-pcs-nt23p-targets\/"},"modified":"2025-08-21T11:02:40","modified_gmt":"2025-08-21T09:02:40","slug":"range-solutions-nt23p-cibles-papier-50-pcs","status":"publish","type":"product","link":"https:\/\/ak47.nu\/fr\/produit\/tillbehor-2\/maltavlor\/range-solutions-nt23p-cibles-papier-50-pcs\/","title":{"rendered":"RANGE SOLUTIONS NT23P Cibles Papier | 50 Pcs"},"content":{"rendered":"<h1>RANGE SOLUTIONS - Cibles en Papier - 50 Pcs - Cibles NT23P<\/h1>\n<h2>Cibles de Tir NT23P, 50 pcs<\/h2>\n<p>Les cibles de tir NT-23P sont des cibles standard utilis\u00e9es dans l'arm\u00e9e polonaise, par exemple lors du tir scolaire 1 Buste d'un soldat. Les disques sont imprim\u00e9s sur du papier offset 80g et sont conformes aux exigences de WP.<\/p>\n<h3>Sp\u00e9cifications :<\/h3>\n<ul>\n <li>Papier offset 80g<\/li>\n <li>Dimensions : 50cm x 50cm<\/li>\n <li>Emball\u00e9 50pcs sur un rouleau<\/li>\n<\/ul>\n<p>Ces cibles en papier de RANGE SOLUTIONS sont parfaites pour la pratique et l'entra\u00eenement au tir. Elles sont conformes aux normes de l'arm\u00e9e polonaise et sont imprim\u00e9es sur du papier de qualit\u00e9 pour plus de clart\u00e9 et de durabilit\u00e9. Vous cherchez des produits similaires ? Consultez notre gamme de <a href=\"https:\/\/ak47.nu\/fr\/tillbehor-2\/maltavlor\/\">cibles de tir<\/a>. Pour voir toute notre s\u00e9lection, visitez notre <a href=\"https:\/\/ak47.nu\/fr\/\">page d'accueil<\/a>.<\/p>\n<p>Avec 50 pi\u00e8ces par paquet, vous aurez suffisamment de cibles pour de nombreuses sessions d'entra\u00eenement. Les cibles mesurent 50x50 cm. Vous cherchez d'autres <a href=\"https:\/\/ak47.nu\/fr\/butik\/\">produits RANGE SOLUTIONS<\/a> ? Explorez notre gamme !<\/p>","protected":false},"excerpt":{"rendered":"<p>RANGE SOLUTIONS &#8211; Cibles en Papier &#8211; 50 Pcs &#8211; Cibles NT23P Cibles de Tir NT23P, 50 pcs Les cibles de tir NT-23P sont des cibles standard utilis\u00e9es dans l&#8217;arm\u00e9e polonaise, par exemple lors du tir scolaire 1 Buste d&#8217;un soldat. Les disques sont imprim\u00e9s sur du papier offset 80g et sont conformes aux exigences [&#8230;]","protected":false},"featured_media":19016,"template":"","meta":[],"product_brand":[],"product_cat":[474,450],"product_tag":[],"class_list":{"0":"post-19018","1":"product","2":"type-product","3":"status-publish","4":"has-post-thumbnail","6":"product_cat-maltavlor","7":"product_cat-tillbehor-2","8":"pa_brand-range-solutions","10":"first","11":"instock","12":"sale","13":"taxable","14":"shipping-taxable","15":"purchasable","16":"product-type-simple"},"_links":{"self":[{"href":"https:\/\/ak47.nu\/fr\/wp-json\/wp\/v2\/product\/19018","targetHints":{"allow":["GET"]}}],"collection":[{"href":"https:\/\/ak47.nu\/fr\/wp-json\/wp\/v2\/product"}],"about":[{"href":"https:\/\/ak47.nu\/fr\/wp-json\/wp\/v2\/types\/product"}],"wp:featuredmedia":[{"embeddable":true,"href":"https:\/\/ak47.nu\/fr\/wp-json\/wp\/v2\/media\/19016"}],"wp:attachment":[{"href":"https:\/\/ak47.nu\/fr\/wp-json\/wp\/v2\/media?parent=19018"}],"wp:term":[{"taxonomy":"product_brand","embeddable":true,"href":"https:\/\/ak47.nu\/fr\/wp-json\/wp\/v2\/product_brand?post=19018"},{"taxonomy":"product_cat","embeddable":true,"href":"https:\/\/ak47.nu\/fr\/wp-json\/wp\/v2\/product_cat?post=19018"},{"taxonomy":"product_tag","embeddable":true,"href":"https:\/\/ak47.nu\/fr\/wp-json\/wp\/v2\/product_tag?post=19018"}],"curies":[{"name":"wp","href":"https:\/\/api.w.org\/{rel}","templated":true}]}}