{"id":19021,"date":"2022-05-06T14:17:35","date_gmt":"2022-05-06T12:17:35","guid":{"rendered":"https:\/\/ak47.nu\/produkt\/range-solutions-paper-targets-50-pcs-french-shooting-target\/"},"modified":"2025-12-03T20:25:09","modified_gmt":"2025-12-03T19:25:09","slug":"range-solutions-cibles-papier-50-unites-cible-francaise","status":"publish","type":"product","link":"https:\/\/ak47.nu\/fr\/produit\/tillbehor-2\/maltavlor\/range-solutions-cibles-papier-50-unites-cible-francaise\/","title":{"rendered":"RANGE SOLUTIONS Cibles Papier - 50 unit\u00e9s - Cible Fran\u00e7aise"},"content":{"rendered":"<h1>RANGE SOLUTIONS Cibles Papier - 50 unit\u00e9s - Cible Fran\u00e7aise<\/h1>\n<h2>Cibles en papier de haute qualit\u00e9 pour l'entra\u00eenement au tir<\/h2>\n<p>Ces cibles en papier de RANGE SOLUTIONS pr\u00e9sentent une figure noire sur fond blanc. La cible est divis\u00e9e en sections avec des scores distincts, ce qui les rend id\u00e9ales pour le tir de pr\u00e9cision. Gr\u00e2ce \u00e0 la haute qualit\u00e9 d'impression, elles sont claires et faciles \u00e0 utiliser.<\/p>\n\n<h3>Applications<\/h3>\n<p>Ces cibles sont utilis\u00e9es dans les minist\u00e8res en uniforme ainsi que dans le tir sportif et r\u00e9cr\u00e9atif. Elles sont parfaites pour l'entra\u00eenement et la comp\u00e9tition.<\/p>\n\n<h3>Sp\u00e9cifications<\/h3>\n<ul>\n <li><strong>Papier :<\/strong> Papier offset 80g<\/li>\n <li><strong>Emballage :<\/strong> Emball\u00e9 par 50 unit\u00e9s sur un rouleau<\/li>\n<\/ul>\n\n<p>Procurez-vous vos cibles en papier RANGE SOLUTIONS d\u00e8s aujourd'hui et am\u00e9liorez votre pr\u00e9cision de tir ! Visitez notre <a href=\"https:\/\/ak47.nu\/fr\/butik\/\">collection de produits de tir<\/a> pour d\u00e9couvrir d'autres options. Explorez \u00e9galement notre gamme de <a href=\"https:\/\/ak47.nu\/fr\/tillbehor-2\/maltavlor\/\">cibles et accessoires<\/a> pour compl\u00e9ter votre \u00e9quipement. Pour plus d'informations sur RANGE SOLUTIONS, visitez notre <a href=\"https:\/\/ak47.nu\/fr\/\">page d'accueil<\/a>.<\/p>","protected":false},"excerpt":{"rendered":"<p>RANGE SOLUTIONS Cibles Papier &#8211; 50 unit\u00e9s &#8211; Cible Fran\u00e7aise Cibles en papier de haute qualit\u00e9 pour l&#8217;entra\u00eenement au tir Ces cibles en papier de RANGE SOLUTIONS pr\u00e9sentent une figure noire sur fond blanc. La cible est divis\u00e9e en sections avec des scores distincts, ce qui les rend id\u00e9ales pour le tir de pr\u00e9cision. Gr\u00e2ce [&#8230;]","protected":false},"featured_media":19020,"template":"","meta":[],"product_brand":[],"product_cat":[474],"product_tag":[],"class_list":{"0":"post-19021","1":"product","2":"type-product","3":"status-publish","4":"has-post-thumbnail","6":"product_cat-maltavlor","7":"pa_brand-range-solutions","8":"pa_farg-svart","10":"first","11":"instock","12":"sale","13":"taxable","14":"shipping-taxable","15":"purchasable","16":"product-type-simple"},"_links":{"self":[{"href":"https:\/\/ak47.nu\/fr\/wp-json\/wp\/v2\/product\/19021","targetHints":{"allow":["GET"]}}],"collection":[{"href":"https:\/\/ak47.nu\/fr\/wp-json\/wp\/v2\/product"}],"about":[{"href":"https:\/\/ak47.nu\/fr\/wp-json\/wp\/v2\/types\/product"}],"wp:featuredmedia":[{"embeddable":true,"href":"https:\/\/ak47.nu\/fr\/wp-json\/wp\/v2\/media\/19020"}],"wp:attachment":[{"href":"https:\/\/ak47.nu\/fr\/wp-json\/wp\/v2\/media?parent=19021"}],"wp:term":[{"taxonomy":"product_brand","embeddable":true,"href":"https:\/\/ak47.nu\/fr\/wp-json\/wp\/v2\/product_brand?post=19021"},{"taxonomy":"product_cat","embeddable":true,"href":"https:\/\/ak47.nu\/fr\/wp-json\/wp\/v2\/product_cat?post=19021"},{"taxonomy":"product_tag","embeddable":true,"href":"https:\/\/ak47.nu\/fr\/wp-json\/wp\/v2\/product_tag?post=19021"}],"curies":[{"name":"wp","href":"https:\/\/api.w.org\/{rel}","templated":true}]}}