{"id":19069,"date":"2022-05-06T14:18:08","date_gmt":"2022-05-06T12:18:08","guid":{"rendered":"https:\/\/ak47.nu\/produkt\/webley-mk4-revolver-1923-replica\/"},"modified":"2025-12-03T19:24:37","modified_gmt":"2025-12-03T18:24:37","slug":"replique-revolver-webley-mk4-1923","status":"publish","type":"product","link":"https:\/\/ak47.nu\/fr\/produit\/repliques\/revolvrar-replikor\/replique-revolver-webley-mk4-1923\/","title":{"rendered":"R\u00e9plique Revolver Webley Mk4 1923"},"content":{"rendered":"<h1>R\u00e9plique Revolver Webley Mk4 1923<\/h1>\n<h2>R\u00e9plique Authentique d'un Revolver Britannique de 1923<\/h2>\n<p>Cette r\u00e9plique du revolver Mk 4, con\u00e7u par Webley au Royaume-Uni en 1923 (de l'\u00e9poque de la Seconde Guerre mondiale), est un excellent objet de collection. Le m\u00e9canisme du tambour est bloqu\u00e9 pour garantir qu'il ne puisse pas \u00eatre tir\u00e9, ce qui le rend s\u00fbr pour l'exposition et la collection.<\/p>\n<h3>Sp\u00e9cifications:<\/h3>\n<ul>\n <li>Mod\u00e8le: R\u00e9plique de revolver Mk 4<\/li>\n <li>Origine: Con\u00e7u par Webley, UK, 1923<\/li>\n <li>Utilisation: Objet de collection et \u00e0 des fins d\u00e9coratives<\/li>\n <li>M\u00e9canisme: Le tambour est bloqu\u00e9<\/li>\n<\/ul>\n<p>Cette r\u00e9plique soigneusement recr\u00e9\u00e9e capture l'essence de l'embl\u00e9matique revolver Webley Mk4. Parfait pour les passionn\u00e9s d'histoire et les collectionneurs qui souhaitent poss\u00e9der un morceau d'histoire sans manipuler une v\u00e9ritable arme \u00e0 feu. D\u00e9couvrez <a href=\"https:\/\/ak47.nu\/fr\/butik\/\">nos autres armes r\u00e9pliques<\/a> pour compl\u00e9ter votre collection. D\u00e9couvrez-en davantage sur les <a href=\"https:\/\/ak47.nu\/fr\/repliques\/revolvrar-replikor\/\">armes r\u00e9pliques<\/a> sur notre site Web. Vous pouvez \u00e9galement visiter notre <a href=\"https:\/\/ak47.nu\/fr\/\">page d'accueil<\/a> pour voir notre gamme compl\u00e8te.<\/p>","protected":false},"excerpt":{"rendered":"<p>K\u00f6p en h\u00f6gkvalitativ Webley Mk4 Revolver 1923 Replica online &#8211; Perfekt f\u00f6r samlare och vapenentusiaster. Utforska v\u00e5rt breda sortiment av autentiska repliker och hitta din perfekta Webley Mk4 Revolver 1923 Replica idag!<\/p>","protected":false},"featured_media":19063,"template":"","meta":[],"product_brand":[],"product_cat":[443],"product_tag":[],"class_list":{"0":"post-19069","1":"product","2":"type-product","3":"status-publish","4":"has-post-thumbnail","6":"product_cat-revolvrar-replikor","7":"pa_brand-denix","8":"pa_farg-svart","10":"first","11":"outofstock","12":"taxable","13":"shipping-taxable","14":"purchasable","15":"product-type-simple"},"_links":{"self":[{"href":"https:\/\/ak47.nu\/fr\/wp-json\/wp\/v2\/product\/19069","targetHints":{"allow":["GET"]}}],"collection":[{"href":"https:\/\/ak47.nu\/fr\/wp-json\/wp\/v2\/product"}],"about":[{"href":"https:\/\/ak47.nu\/fr\/wp-json\/wp\/v2\/types\/product"}],"wp:featuredmedia":[{"embeddable":true,"href":"https:\/\/ak47.nu\/fr\/wp-json\/wp\/v2\/media\/19063"}],"wp:attachment":[{"href":"https:\/\/ak47.nu\/fr\/wp-json\/wp\/v2\/media?parent=19069"}],"wp:term":[{"taxonomy":"product_brand","embeddable":true,"href":"https:\/\/ak47.nu\/fr\/wp-json\/wp\/v2\/product_brand?post=19069"},{"taxonomy":"product_cat","embeddable":true,"href":"https:\/\/ak47.nu\/fr\/wp-json\/wp\/v2\/product_cat?post=19069"},{"taxonomy":"product_tag","embeddable":true,"href":"https:\/\/ak47.nu\/fr\/wp-json\/wp\/v2\/product_tag?post=19069"}],"curies":[{"name":"wp","href":"https:\/\/api.w.org\/{rel}","templated":true}]}}