{"id":19086,"date":"2022-05-06T14:18:17","date_gmt":"2022-05-06T12:18:17","guid":{"rendered":"https:\/\/ak47.nu\/produkt\/replica-cal-45-cavalry-revolver-w-6-bullets-usa-1873-gift-set\/"},"modified":"2025-12-03T19:42:54","modified_gmt":"2025-12-03T18:42:54","slug":"replique-revolver-45-cavalerie-avec-6-balles-usa-1873","status":"publish","type":"product","link":"https:\/\/ak47.nu\/fr\/produit\/repliques\/revolvrar-replikor\/replique-revolver-45-cavalerie-avec-6-balles-usa-1873\/","title":{"rendered":"R\u00e9plique Revolver .45 Cavalerie + 6 Balles | DENIX"},"content":{"rendered":"<h1>R\u00e9plique Revolver .45 Cavalerie, avec 6 Balles, USA 1873 GIFT SET<\/h1>\n<h2>R\u00e9plique Iconique du Revolver du Far West<\/h2>\n<p>Revivez l'\u00e9poque du Far West avec cette r\u00e9plique d\u00e9taill\u00e9e d'un revolver de cavalerie de calibre .45. Cet ensemble cadeau comprend une r\u00e9plique de revolver r\u00e9aliste en m\u00e9tal et en bois, avec un m\u00e9canisme de chargement et de tir simul\u00e9, et un barillet rotatif avec 6 balles. Parfait pour les collectionneurs, les passionn\u00e9s d'histoire ou comme cadeau unique.<\/p>\n\n<h3>Design Authentique et Signification Historique<\/h3>\n\n<ul>\n  <li><strong>R\u00e9plique R\u00e9aliste :<\/strong> Fabriqu\u00e9e \u00e0 partir de mat\u00e9riaux de haute qualit\u00e9 pour reproduire l'original.<\/li>\n  <li><strong>M\u00e9canisme Simul\u00e9 :<\/strong> D\u00e9couvrez la sensation de charger et de tirer avec le revolver (veuillez noter qu'il s'agit d'une r\u00e9plique et qu'elle ne tire pas de projectiles r\u00e9els).<\/li>\n  <li><strong>Barillet Rotatif :<\/strong> Comprend un barillet rotatif avec de l'espace pour 6 balles r\u00e9pliques.<\/li>\n<\/ul>\n\n<p>Le revolver Peacemaker, \u00e9galement connu sous le nom de Single Action Army (SAA), a \u00e9t\u00e9 con\u00e7u par Samuel Colt en 1873 et fabriqu\u00e9 avec diff\u00e9rentes longueurs de canon : la version courte de 4,75 pouces, les versions plus longues de 5,5 et 7,5 pouces, ou l'imposant \"Buntline Special\" de 12 pouces. Cette arme a \u00e9t\u00e9 initialement utilis\u00e9e par l'arm\u00e9e am\u00e9ricaine ; cependant, en quelques ann\u00e9es, la plupart des citoyens am\u00e9ricains en ont poss\u00e9d\u00e9 un de ces revolvers. Le fait qu'il utilisait des munitions du m\u00eame calibre que la carabine Winchester M1873 a contribu\u00e9 \u00e0 sa popularisation en tant qu'arme courte dans le vieil ouest nord-am\u00e9ricain \u00e0 la fin du XIXe si\u00e8cle.<\/p>\n\n<p>Ce revolver a re\u00e7u de nombreux surnoms, dont Peacemaker, Frontier et Widowmaker. L'industrie cin\u00e9matographique a mythifi\u00e9 le \"Peacemaker\" dans les westerns des ann\u00e9es 40 et 50, l'associant \u00e0 de grandes stars comme John Wayne et Gary Cooper. M\u00eame Roosevelt en avait un avec ses initiales grav\u00e9es, et George S. Patton en utilisait deux. Sentez-vous comme faisant partie du Far West avec cette r\u00e9plique! Ne manquez pas la chance de poss\u00e9der un morceau d'histoire. <a href=\"https:\/\/ak47.nu\/fr\/butik\/\">D\u00e9couvrez notre gamme de r\u00e9pliques similaires<\/a> et compl\u00e9tez votre collection. Visitez notre <a href=\"https:\/\/ak47.nu\/fr\/repliques\/\">page de cat\u00e9gorie des armes r\u00e9pliques<\/a> pour trouver d'autres armes historiques. Explorez notre large assortiment et trouvez quelque chose pour chaque collectionneur sur notre <a href=\"https:\/\/ak47.nu\/fr\/\">page d'accueil<\/a>.<\/p>\n\n<p>R\u00e9f\u00e9rence : 1-1191\/NQ. Dimensions : 34 cm. Poids : 1 070 g<\/p>","protected":false},"excerpt":{"rendered":"<p>R\u00e9plique Revolver .45 Cavalerie, avec 6 Balles, USA 1873 GIFT SET R\u00e9plique Iconique du Revolver du Far West Revivez l&#8217;\u00e9poque du Far West avec cette r\u00e9plique d\u00e9taill\u00e9e d&#8217;un revolver de cavalerie de calibre .45. Cet ensemble cadeau comprend une r\u00e9plique de revolver r\u00e9aliste en m\u00e9tal et en bois, avec un m\u00e9canisme de chargement et de [&#8230;]","protected":false},"featured_media":19076,"template":"","meta":[],"product_brand":[],"product_cat":[443],"product_tag":[],"class_list":{"0":"post-19086","1":"product","2":"type-product","3":"status-publish","4":"has-post-thumbnail","6":"product_cat-revolvrar-replikor","7":"pa_brand-denix","9":"first","10":"outofstock","11":"sale","12":"taxable","13":"shipping-taxable","14":"purchasable","15":"product-type-simple"},"_links":{"self":[{"href":"https:\/\/ak47.nu\/fr\/wp-json\/wp\/v2\/product\/19086","targetHints":{"allow":["GET"]}}],"collection":[{"href":"https:\/\/ak47.nu\/fr\/wp-json\/wp\/v2\/product"}],"about":[{"href":"https:\/\/ak47.nu\/fr\/wp-json\/wp\/v2\/types\/product"}],"wp:featuredmedia":[{"embeddable":true,"href":"https:\/\/ak47.nu\/fr\/wp-json\/wp\/v2\/media\/19076"}],"wp:attachment":[{"href":"https:\/\/ak47.nu\/fr\/wp-json\/wp\/v2\/media?parent=19086"}],"wp:term":[{"taxonomy":"product_brand","embeddable":true,"href":"https:\/\/ak47.nu\/fr\/wp-json\/wp\/v2\/product_brand?post=19086"},{"taxonomy":"product_cat","embeddable":true,"href":"https:\/\/ak47.nu\/fr\/wp-json\/wp\/v2\/product_cat?post=19086"},{"taxonomy":"product_tag","embeddable":true,"href":"https:\/\/ak47.nu\/fr\/wp-json\/wp\/v2\/product_tag?post=19086"}],"curies":[{"name":"wp","href":"https:\/\/api.w.org\/{rel}","templated":true}]}}