{"id":19093,"date":"2022-05-06T14:18:20","date_gmt":"2022-05-06T12:18:20","guid":{"rendered":"https:\/\/ak47.nu\/produkt\/colt-45-peacemaker-replica-475-gift-set\/"},"modified":"2025-12-03T19:42:51","modified_gmt":"2025-12-03T18:42:51","slug":"colt-45-peacemaker-replique-475-coffret-cadeau","status":"publish","type":"product","link":"https:\/\/ak47.nu\/fr\/produit\/repliques\/revolvrar-replikor\/colt-45-peacemaker-replique-475-coffret-cadeau\/","title":{"rendered":"Colt .45 Peacemaker R\u00e9plique 4,75\" Coffret Cadeau | DENIX"},"content":{"rendered":"<h1>Colt .45 Peacemaker R\u00e9plique 4,75\" Coffret Cadeau<\/h1>\n<h2>R\u00e9plique Authentique du L\u00e9gendaire Colt Peacemaker<\/h2>\n<p>Version cadeau avec 6 balles et une belle bo\u00eete cadeau. Un excellent cadeau pour les collectionneurs et les passionn\u00e9s d'histoire de l'Ouest ! Cette r\u00e9plique est une reproduction d\u00e9taill\u00e9e du c\u00e9l\u00e8bre revolver Colt .45 Peacemaker, \u00e9galement connu sous le nom de Single Action Army (SAA). Cette version de 4,75\" est faite de m\u00e9tal et de bois et dispose d'un m\u00e9canisme simul\u00e9 de chargement et de tir, ainsi que d'un barillet rotatif.<\/p>\n<h3>Signification Historique<\/h3>\n<p>Le revolver Peacemaker a \u00e9t\u00e9 con\u00e7u par Samuel Colt en 1873 et fabriqu\u00e9 en diff\u00e9rentes longueurs de canon : la version courte de 4,75 pouces, les versions plus longues de 5,5 et 7,5 pouces, et l'impressionnant \"Buntline Special\" de 12 pouces. Initialement, cette arme \u00e9tait utilis\u00e9e par l'arm\u00e9e am\u00e9ricaine, mais en quelques ann\u00e9es, la plupart des citoyens am\u00e9ricains ont acquis l'un de ces revolvers. Le fait qu'il utilisait des munitions du m\u00eame calibre que la carabine Winchester M1873 a contribu\u00e9 \u00e0 sa popularisation en tant qu'arme courte dans le vieil ouest nord-am\u00e9ricain \u00e0 la fin du XIXe si\u00e8cle.<\/p>\n<h3>Surnoms et Mythisation<\/h3>\n<p>Ce revolver a re\u00e7u de nombreux surnoms, tels que Peacemaker, Frontier et Widowmaker, faisant r\u00e9f\u00e9rence \u00e0 la facilit\u00e9 avec laquelle ce revolver transformait les femmes en veuves \u00e0 cette \u00e9poque. L'industrie cin\u00e9matographique a mythifi\u00e9 le \"Peacemaker\" dans les films occidentaux des ann\u00e9es 40 et 50, l'associant \u00e0 de grandes stars comme John Wayne et Gary Cooper. M\u00eame Roosevelt en avait un avec ses initiales grav\u00e9es, et George S. Patton en utilisait deux. Sentez-vous comme un grand h\u00e9ros de l'Ouest avec cette r\u00e9plique DENIX pr\u00e9cise ! <a href=\"https:\/\/ak47.nu\/fr\/\">D\u00e9couvrez notre gamme de r\u00e9pliques<\/a> et trouvez votre pr\u00e9f\u00e9r\u00e9e d\u00e8s aujourd'hui.<\/p>\n<ul>\n    <li>R\u00e9plique du Colt .45 Peacemaker<\/li>\n    <li>Version de 4,75 pouces<\/li>\n    <li>Fabriqu\u00e9 en m\u00e9tal et en bois<\/li>\n    <li>M\u00e9canisme simul\u00e9 de chargement et de tir<\/li>\n    <li>Barillet rotatif<\/li>\n    <li>Comprend 6 balles de r\u00e9plique<\/li>\n    <li>Livr\u00e9 dans une bo\u00eete cadeau<\/li>\n<\/ul>\n<p>Compl\u00e9tez votre collection avec cette <a href=\"https:\/\/ak47.nu\/fr\/repliques\/\">r\u00e9plique d'arme<\/a> embl\u00e9matique. Parfait pour l'exposition ou comme cadeau unique. <a href=\"https:\/\/ak47.nu\/fr\/butik\/\">Achetez maintenant<\/a> et vivez une touche d'histoire !<\/p>","protected":false},"excerpt":{"rendered":"<p>K\u00f6p det exklusiva Colt .45 Peacemaker Replica 4,75&#8243; Gift set online. Perfekt som present eller samlarobjekt. F\u00e5 en autentisk k\u00e4nsla av det vilda v\u00e4stern med denna detaljerade replika. Best\u00e4ll nu f\u00f6r snabb leverans och njut av den historiska charm och kvalitet som detta gift set erbjuder.<\/p>","protected":false},"featured_media":19087,"template":"","meta":[],"product_brand":[],"product_cat":[443],"product_tag":[],"class_list":{"0":"post-19093","1":"product","2":"type-product","3":"status-publish","4":"has-post-thumbnail","6":"product_cat-revolvrar-replikor","7":"pa_brand-denix","9":"first","10":"outofstock","11":"sale","12":"taxable","13":"shipping-taxable","14":"purchasable","15":"product-type-simple"},"_links":{"self":[{"href":"https:\/\/ak47.nu\/fr\/wp-json\/wp\/v2\/product\/19093","targetHints":{"allow":["GET"]}}],"collection":[{"href":"https:\/\/ak47.nu\/fr\/wp-json\/wp\/v2\/product"}],"about":[{"href":"https:\/\/ak47.nu\/fr\/wp-json\/wp\/v2\/types\/product"}],"wp:featuredmedia":[{"embeddable":true,"href":"https:\/\/ak47.nu\/fr\/wp-json\/wp\/v2\/media\/19087"}],"wp:attachment":[{"href":"https:\/\/ak47.nu\/fr\/wp-json\/wp\/v2\/media?parent=19093"}],"wp:term":[{"taxonomy":"product_brand","embeddable":true,"href":"https:\/\/ak47.nu\/fr\/wp-json\/wp\/v2\/product_brand?post=19093"},{"taxonomy":"product_cat","embeddable":true,"href":"https:\/\/ak47.nu\/fr\/wp-json\/wp\/v2\/product_cat?post=19093"},{"taxonomy":"product_tag","embeddable":true,"href":"https:\/\/ak47.nu\/fr\/wp-json\/wp\/v2\/product_tag?post=19093"}],"curies":[{"name":"wp","href":"https:\/\/api.w.org\/{rel}","templated":true}]}}