{"id":19098,"date":"2022-05-06T14:18:24","date_gmt":"2022-05-06T12:18:24","guid":{"rendered":"https:\/\/ak47.nu\/produkt\/357-magnum-python-revolver-6-replica-2\/"},"modified":"2025-12-03T19:42:47","modified_gmt":"2025-12-03T18:42:47","slug":"replique-revolver-python-357-magnum-6","status":"publish","type":"product","link":"https:\/\/ak47.nu\/fr\/produit\/repliques\/revolvrar-replikor\/replique-revolver-python-357-magnum-6\/","title":{"rendered":"R\u00e9plique Revolver Python .357 Magnum 6\" | DENIX"},"content":{"rendered":"<h1>R\u00e9plique Revolver Python .357 Magnum 6\"<\/h1>\n<h2>R\u00e9plique authentique d'un revolver iconique<\/h2>\n<p>Cette r\u00e9plique d'un revolver Python .357 Magnum, fabriqu\u00e9e en m\u00e9tal et avec des poign\u00e9es en plastique, recr\u00e9e fid\u00e8lement l'apparence et la sensation de l'original. Avec un m\u00e9canisme de chargement et de tir simul\u00e9, ainsi qu'un barillet rotatif, ce mod\u00e8le offre une exp\u00e9rience r\u00e9aliste pour les collectionneurs et les passionn\u00e9s. Parfait pour l'exposition, la collection ou comme accessoire unique.<\/p>\n<h3>Importance Historique<\/h3>\n<p>Le revolver Python est connu comme un \"Combat Magnum\" et calibr\u00e9 pour la puissante cartouche .357 Magnum. Il a \u00e9t\u00e9 introduit en 1955 et visait le segment de luxe des revolvers. Reconnu pour sa pr\u00e9cision, son action fluide et sa construction robuste, le Python a conquis le c\u0153ur de nombreux admirateurs.<\/p>\n<h3>Lou\u00e9 par les experts<\/h3>\n<p>Les experts en armes \u00e0 feu et les \u00e9crivains tels que Jeff Cooper, Ian V. Hogg et Chuck Hawks ont d\u00e9crit le Python comme l'un des meilleurs revolvers jamais fabriqu\u00e9s. Sa popularit\u00e9 s'\u00e9tend \u00e0 la culture populaire, o\u00f9 il appara\u00eet dans des jeux comme Resident Evil et des s\u00e9ries comme The Walking Dead.<\/p>\n<h3>Un morceau de la culture pop<\/h3>\n<p>Profitez de notre r\u00e9plique d\u00e9taill\u00e9e pr\u00e9sent\u00e9e dans des jeux vid\u00e9o tels que Resident Evil, Grand Theft Auto, Naughty Dog ou la saga Half-Life et aussi dans des s\u00e9ries telles que The Walking Dead, o\u00f9 c'est l'arme principale de Rick Grimes! D\u00e9couvrez notre gamme de <a href=\"https:\/\/ak47.nu\/fr\/butik\/\">r\u00e9pliques authentiques<\/a> et d\u00e9couvrez des mod\u00e8les similaires dans notre <a href=\"https:\/\/ak47.nu\/fr\/repliques\/\">cat\u00e9gorie d'armes<\/a>. Visitez <a href=\"https:\/\/ak47.nu\/fr\/\">notre site web<\/a> pour voir toute notre gamme.<\/p>","protected":false},"excerpt":{"rendered":"<p>Hitta den perfekta .357 Magnum Python Revolver 6&#8243; Replica hos oss. Vi erbjuder h\u00f6gkvalitativa replikor f\u00f6r samlare och entusiaster. Utforska v\u00e5rt breda utbud och hitta din n\u00e4sta favorit revolver idag!<\/p>","protected":false},"featured_media":19092,"template":"","meta":[],"product_brand":[],"product_cat":[443],"product_tag":[],"class_list":{"0":"post-19098","1":"product","2":"type-product","3":"status-publish","4":"has-post-thumbnail","6":"product_cat-revolvrar-replikor","7":"pa_brand-denix","9":"first","10":"outofstock","11":"sale","12":"taxable","13":"shipping-taxable","14":"purchasable","15":"product-type-simple"},"_links":{"self":[{"href":"https:\/\/ak47.nu\/fr\/wp-json\/wp\/v2\/product\/19098","targetHints":{"allow":["GET"]}}],"collection":[{"href":"https:\/\/ak47.nu\/fr\/wp-json\/wp\/v2\/product"}],"about":[{"href":"https:\/\/ak47.nu\/fr\/wp-json\/wp\/v2\/types\/product"}],"wp:featuredmedia":[{"embeddable":true,"href":"https:\/\/ak47.nu\/fr\/wp-json\/wp\/v2\/media\/19092"}],"wp:attachment":[{"href":"https:\/\/ak47.nu\/fr\/wp-json\/wp\/v2\/media?parent=19098"}],"wp:term":[{"taxonomy":"product_brand","embeddable":true,"href":"https:\/\/ak47.nu\/fr\/wp-json\/wp\/v2\/product_brand?post=19098"},{"taxonomy":"product_cat","embeddable":true,"href":"https:\/\/ak47.nu\/fr\/wp-json\/wp\/v2\/product_cat?post=19098"},{"taxonomy":"product_tag","embeddable":true,"href":"https:\/\/ak47.nu\/fr\/wp-json\/wp\/v2\/product_tag?post=19098"}],"curies":[{"name":"wp","href":"https:\/\/api.w.org\/{rel}","templated":true}]}}