{"id":19115,"date":"2022-05-06T14:18:32","date_gmt":"2022-05-06T12:18:32","guid":{"rendered":"https:\/\/ak47.nu\/produkt\/walther-ppk-replica\/"},"modified":"2025-12-03T19:24:48","modified_gmt":"2025-12-03T18:24:48","slug":"replique-walther-ppk-2","status":"publish","type":"product","link":"https:\/\/ak47.nu\/fr\/produit\/repliques\/pistoler-replikor\/replique-walther-ppk-2\/","title":{"rendered":"R\u00e9plique Walther PPK | DENIX"},"content":{"rendered":"<h1>R\u00e9plique Walther PPK<\/h1>\n<h2>R\u00e9plique iconique d'un pistolet classique<\/h2>\n<p>R\u00e9plique du l\u00e9gendaire Walther PPK, un pistolet allemand classique. Cette r\u00e9plique rend hommage au c\u00e9l\u00e8bre Polizeipistole K, connu sous le nom de PPK. Ce mod\u00e8le est une r\u00e9plique bien connue du classique allemand de 7,65 mm.<\/p>\n<h3>Importance historique<\/h3>\n<p>Ce pistolet \u00e9tait populaire parmi les officiers allemands pendant la Seconde Guerre mondiale. Le Walther PPK a \u00e9t\u00e9 le premier pistolet semi-automatique fabriqu\u00e9 qui pouvait \u00eatre port\u00e9 avec une balle dans la chambre sans risque de tir accidentel, une caract\u00e9ristique de s\u00e9curit\u00e9 importante pour l'\u00e9poque. Le recul \u00ab doux \u00bb a contribu\u00e9 \u00e0 la popularit\u00e9 de l'arme dans la derni\u00e8re partie du XXe si\u00e8cle et \u00e9tait souvent pr\u00e9f\u00e9r\u00e9 par les services secrets occidentaux.<\/p>\n<h3>Le pistolet James Bond<\/h3>\n<p>Le pistolet est devenu c\u00e9l\u00e8bre gr\u00e2ce au monde du cin\u00e9ma, notamment en tant qu'arme de choix de James Bond 007. Cela lui a valu le surnom de pistolet \u00ab James Bond \u00bb. Cette r\u00e9plique est en m\u00e9tal et poss\u00e8de un m\u00e9canisme fonctionnel pour plus de r\u00e9alisme.<\/p>\n<ul>\n <li>R\u00e9plique de Walther PPK<\/li>\n <li>Fabriqu\u00e9 en m\u00e9tal<\/li>\n <li>M\u00e9canisme de travail<\/li>\n <li>Connu des films James Bond<\/li>\n<\/ul>\n<p>Explorez notre s\u00e9lection d'autres <a href=\"https:\/\/ak47.nu\/fr\/butik\/\">r\u00e9pliques d'armes<\/a> pour \u00e9largir votre collection. Visitez notre <a href=\"https:\/\/ak47.nu\/fr\/repliques\/pistoler-replikor\/\">cat\u00e9gorie d'armes<\/a> pour voir notre gamme compl\u00e8te. Pour plus d'informations sur nos produits, visitez <a href=\"https:\/\/ak47.nu\/fr\/\">notre site Web<\/a>.<\/p>","protected":false},"excerpt":{"rendered":"<p>K\u00f6p en autentisk Walther PPK-replika online &#8211; Perfekt f\u00f6r samlare och entusiaster. Utforska v\u00e5rt breda utbud av h\u00f6gkvalitativa och detaljerade Walther PPK-replikor till f\u00f6rm\u00e5nliga priser. Best\u00e4ll nu f\u00f6r att l\u00e4gga till en touch av elegans och autenticitet till din samling.<\/p>","protected":false},"featured_media":19114,"template":"","meta":[],"product_brand":[],"product_cat":[442],"product_tag":[],"class_list":{"0":"post-19115","1":"product","2":"type-product","3":"status-publish","4":"has-post-thumbnail","6":"product_cat-pistoler-replikor","7":"pa_brand-denix","9":"first","10":"outofstock","11":"taxable","12":"shipping-taxable","13":"purchasable","14":"product-type-simple"},"_links":{"self":[{"href":"https:\/\/ak47.nu\/fr\/wp-json\/wp\/v2\/product\/19115","targetHints":{"allow":["GET"]}}],"collection":[{"href":"https:\/\/ak47.nu\/fr\/wp-json\/wp\/v2\/product"}],"about":[{"href":"https:\/\/ak47.nu\/fr\/wp-json\/wp\/v2\/types\/product"}],"wp:featuredmedia":[{"embeddable":true,"href":"https:\/\/ak47.nu\/fr\/wp-json\/wp\/v2\/media\/19114"}],"wp:attachment":[{"href":"https:\/\/ak47.nu\/fr\/wp-json\/wp\/v2\/media?parent=19115"}],"wp:term":[{"taxonomy":"product_brand","embeddable":true,"href":"https:\/\/ak47.nu\/fr\/wp-json\/wp\/v2\/product_brand?post=19115"},{"taxonomy":"product_cat","embeddable":true,"href":"https:\/\/ak47.nu\/fr\/wp-json\/wp\/v2\/product_cat?post=19115"},{"taxonomy":"product_tag","embeddable":true,"href":"https:\/\/ak47.nu\/fr\/wp-json\/wp\/v2\/product_tag?post=19115"}],"curies":[{"name":"wp","href":"https:\/\/api.w.org\/{rel}","templated":true}]}}