{"id":19122,"date":"2022-05-06T14:18:36","date_gmt":"2022-05-06T12:18:36","guid":{"rendered":"https:\/\/ak47.nu\/produkt\/walther-p38-replica\/"},"modified":"2025-12-03T12:49:01","modified_gmt":"2025-12-03T11:49:01","slug":"replique-walther-p38","status":"publish","type":"product","link":"https:\/\/ak47.nu\/fr\/produit\/repliques\/pistoler-replikor\/replique-walther-p38\/","title":{"rendered":"R\u00e9plique Walther P38 | DENIX"},"content":{"rendered":"<h1>R\u00e9plique Walther P38<\/h1>\n<h2>R\u00e9plique historique du Walther P38<\/h2>\n<p>Le Walther P38, un pistolet de calibre 9 mm, a \u00e9t\u00e9 d\u00e9velopp\u00e9 par Walther au d\u00e9but de la Seconde Guerre mondiale comme arme de service pour la Wehrmacht allemande. La base du Walther P38 \u00e9tait le Walther MPP, fabriqu\u00e9 depuis 1929 pour la police allemande. Il a \u00e9t\u00e9 d\u00e9velopp\u00e9 en 1938 en partie pour remplacer l'arme de service pr\u00e9c\u00e9dente, le Luger P08, qui \u00e9tait trop co\u00fbteuse \u00e0 produire.<\/p>\n<h3>Informations sur le produit<\/h3>\n<ul>\n<li>Longueur : 25 cm<\/li>\n<li>Poids : 900 g<\/li>\n<\/ul>\n<p>Nos r\u00e9pliques sont libres de licence et ne peuvent pas \u00eatre rendues r\u00e9elles. \u00c9l\u00e9gant et cool comme d\u00e9coration !<\/p>\n<p>Cette r\u00e9plique du Walther P38 est parfaite pour les collectionneurs et les passionn\u00e9s d'histoire. <a href=\"https:\/\/ak47.nu\/fr\/butik\/\">Consultez notre gamme de r\u00e9pliques<\/a> pour trouver des mod\u00e8les plus int\u00e9ressants. <a href=\"https:\/\/ak47.nu\/fr\/repliques\/pistoler-replikor\/\">Explorez la cat\u00e9gorie des armes de r\u00e9plique<\/a> pour d\u00e9couvrir des produits similaires. Visitez notre <a href=\"https:\/\/ak47.nu\/fr\/\">page d'accueil<\/a> pour voir toute notre gamme.<\/p>","protected":false},"excerpt":{"rendered":"<p>Hitta den b\u00e4sta Walther P38 replikan &#8211; En detaljerad \u00f6versikt och recension f\u00f6r vapenentusiaster. Utforska v\u00e5rt sortiment av h\u00f6gkvalitativa Walther P38 replikor och f\u00e5 insikter om deras design, prestanda och tillg\u00e4ngliga alternativ. Vi erbjuder en omfattande guide f\u00f6r att hj\u00e4lpa dig att v\u00e4lja r\u00e4tt replika f\u00f6r dina behov. L\u00e4s mer nu!<\/p>","protected":false},"featured_media":19121,"template":"","meta":[],"product_brand":[],"product_cat":[442],"product_tag":[],"class_list":{"0":"post-19122","1":"product","2":"type-product","3":"status-publish","4":"has-post-thumbnail","6":"product_cat-pistoler-replikor","7":"pa_brand-denix","9":"first","10":"outofstock","11":"taxable","12":"shipping-taxable","13":"purchasable","14":"product-type-simple"},"_links":{"self":[{"href":"https:\/\/ak47.nu\/fr\/wp-json\/wp\/v2\/product\/19122","targetHints":{"allow":["GET"]}}],"collection":[{"href":"https:\/\/ak47.nu\/fr\/wp-json\/wp\/v2\/product"}],"about":[{"href":"https:\/\/ak47.nu\/fr\/wp-json\/wp\/v2\/types\/product"}],"wp:featuredmedia":[{"embeddable":true,"href":"https:\/\/ak47.nu\/fr\/wp-json\/wp\/v2\/media\/19121"}],"wp:attachment":[{"href":"https:\/\/ak47.nu\/fr\/wp-json\/wp\/v2\/media?parent=19122"}],"wp:term":[{"taxonomy":"product_brand","embeddable":true,"href":"https:\/\/ak47.nu\/fr\/wp-json\/wp\/v2\/product_brand?post=19122"},{"taxonomy":"product_cat","embeddable":true,"href":"https:\/\/ak47.nu\/fr\/wp-json\/wp\/v2\/product_cat?post=19122"},{"taxonomy":"product_tag","embeddable":true,"href":"https:\/\/ak47.nu\/fr\/wp-json\/wp\/v2\/product_tag?post=19122"}],"curies":[{"name":"wp","href":"https:\/\/api.w.org\/{rel}","templated":true}]}}