{"id":19133,"date":"2022-05-06T14:18:39","date_gmt":"2022-05-06T12:18:39","guid":{"rendered":"https:\/\/ak47.nu\/produkt\/luger-p08-l-replica\/"},"modified":"2025-12-03T12:48:58","modified_gmt":"2025-12-03T11:48:58","slug":"replique-luger-p08-l","status":"publish","type":"product","link":"https:\/\/ak47.nu\/fr\/produit\/repliques\/pistoler-replikor\/replique-luger-p08-l\/","title":{"rendered":"R\u00e9plique Luger P08 L | DENIX"},"content":{"rendered":"<h1>R\u00e9plique Luger P08 L<\/h1>\n<h2>R\u00e9plique Authentique du Pistolet Luger P08 L\u00e9gendaire<\/h2>\n<p>Reproduction d'un pistolet, faite de m\u00e9tal et de poign\u00e9es en plastique, avec un m\u00e9canisme simul\u00e9 de chargement et de tir et aussi avec un chargeur amovible. Cette r\u00e9plique est parfaite pour les collectionneurs et les passionn\u00e9s d'histoire qui veulent poss\u00e9der un morceau d'histoire militaire sans manipuler une arme r\u00e9elle. Le m\u00e9canisme simul\u00e9 procure une sensation r\u00e9aliste, le rendant id\u00e9al pour l'affichage et la reconstitution de sc\u00e8nes historiques.<\/p>\n<h3>Le Pistolet Parabellum : Un Design Iconique<\/h3>\n<p>Le pistolet Parabellum ou mod\u00e8le 1908 (P08), populairement connu sous le nom de Luger, est un pistolet semi-automatique entra\u00een\u00e9 par recul, qui a surv\u00e9cu aux restrictions du Trait\u00e9 de Versailles. Il utilise un curseur interne, actionn\u00e9 par un bras articul\u00e9, contrairement au curseur externe commun \u00e0 presque tous les autres pistolets semi-automatiques. Plongez dans l'histoire et la sensation derri\u00e8re ce mod\u00e8le d'arme embl\u00e9matique. Explorez notre gamme de r\u00e9pliques authentiques et <a href=\"https:\/\/ak47.nu\/fr\/butik\/\">compl\u00e9tez votre collection<\/a> avec des artefacts militaires intemporels.<\/p>\n<h3>L'Histoire Derri\u00e8re le Luger P08<\/h3>\n<p>Il a \u00e9t\u00e9 con\u00e7u par Georg Luger en 1898 et produit par la fabrique d'armes allemande Deutsche Waffenund Munitions fabriken (DWM) \u00e0 partir de l'ann\u00e9e 1900. Au cours de sa vie utile, le Luger P08 est pass\u00e9 entre les mains de plusieurs fabricants, qui \u00e9taient charg\u00e9s de produire plus d'un million d'unit\u00e9s de ce pistolet mythique qui a marqu\u00e9 un avant et un apr\u00e8s dans l'histoire des armes courtes. Vous cherchez \u00e0 en savoir plus sur d'autres <a href=\"https:\/\/ak47.nu\/fr\/repliques\/pistoler-replikor\/\">armes historiques<\/a> ? Explorez notre large s\u00e9lection et d\u00e9couvrez des faits fascinants sur l'histoire militaire !<\/p>\n<h3>La Cartouche Parabellum<\/h3>\n<p>Bien que les premiers mod\u00e8les aient \u00e9t\u00e9 fabriqu\u00e9s en calibre 7.65x21 Parabellum, son mod\u00e8le de 1908 est c\u00e9l\u00e8bre pour \u00eatre le pistolet pour lequel la cartouche 9x19 Parabellum a \u00e9t\u00e9 d\u00e9velopp\u00e9e. La d\u00e9nomination Parabellum vient d'un vieux dicton latin &quot;Su vis pacem, para bellum&quot; (&quot;Si tu veux la paix, pr\u00e9pare la guerre&quot;). Ce lien avec des \u00e9v\u00e9nements historiques fait du Luger P08 une partie importante de l'histoire militaire et un artefact pr\u00e9cieux pour les collectionneurs. Ne manquez pas la chance <a href=\"https:\/\/ak47.nu\/fr\/\">d'explorer notre gamme compl\u00e8te<\/a> d'objets de collection et de r\u00e9pliques historiques !<\/p>\n<h3>Le Luger Pendant les Guerres Mondiales<\/h3>\n<p>Le pistolet Parabellum Luger est devenu tr\u00e8s populaire gr\u00e2ce \u00e0 son utilisation par l'Allemagne pendant la Premi\u00e8re et la Seconde Guerre mondiale et \u00e9tait un pistolet tr\u00e8s recherch\u00e9 par les soldats tout au long du 20\u00e8me si\u00e8cle.<\/p>\n<p>Recr\u00e9ez les batailles les plus c\u00e9l\u00e8bres de la Premi\u00e8re et de la Seconde Guerre mondiale avec cette r\u00e9plique Denix du pistolet Luger !<\/p>","protected":false},"excerpt":{"rendered":"<p>Luger P08 L Replica &#8211; En h\u00f6gkvalitativ replika av den ikoniska Luger P08 pistolen. Perfekt f\u00f6r samlare och entusiaster. Uppt\u00e4ck en autentisk och detaljerad replika som levererar en imponerande prestanda. K\u00f6p din Luger P08 L Replica idag och njut av den historiska sk\u00f6nheten och precisionen.<\/p>","protected":false},"featured_media":19126,"template":"","meta":[],"product_brand":[],"product_cat":[442],"product_tag":[],"class_list":{"0":"post-19133","1":"product","2":"type-product","3":"status-publish","4":"has-post-thumbnail","6":"product_cat-pistoler-replikor","7":"pa_brand-denix","9":"first","10":"outofstock","11":"sale","12":"featured","13":"taxable","14":"shipping-taxable","15":"purchasable","16":"product-type-simple"},"_links":{"self":[{"href":"https:\/\/ak47.nu\/fr\/wp-json\/wp\/v2\/product\/19133","targetHints":{"allow":["GET"]}}],"collection":[{"href":"https:\/\/ak47.nu\/fr\/wp-json\/wp\/v2\/product"}],"about":[{"href":"https:\/\/ak47.nu\/fr\/wp-json\/wp\/v2\/types\/product"}],"wp:featuredmedia":[{"embeddable":true,"href":"https:\/\/ak47.nu\/fr\/wp-json\/wp\/v2\/media\/19126"}],"wp:attachment":[{"href":"https:\/\/ak47.nu\/fr\/wp-json\/wp\/v2\/media?parent=19133"}],"wp:term":[{"taxonomy":"product_brand","embeddable":true,"href":"https:\/\/ak47.nu\/fr\/wp-json\/wp\/v2\/product_brand?post=19133"},{"taxonomy":"product_cat","embeddable":true,"href":"https:\/\/ak47.nu\/fr\/wp-json\/wp\/v2\/product_cat?post=19133"},{"taxonomy":"product_tag","embeddable":true,"href":"https:\/\/ak47.nu\/fr\/wp-json\/wp\/v2\/product_tag?post=19133"}],"curies":[{"name":"wp","href":"https:\/\/api.w.org\/{rel}","templated":true}]}}