{"id":19140,"date":"2022-05-06T14:18:41","date_gmt":"2022-05-06T12:18:41","guid":{"rendered":"https:\/\/ak47.nu\/produkt\/replica-pistol-m1911-a1-svart-trakolv\/"},"modified":"2025-12-03T19:24:03","modified_gmt":"2025-12-03T18:24:03","slug":"replique-pistolet-m1911-a1-noir-bois","status":"publish","type":"product","link":"https:\/\/ak47.nu\/fr\/produit\/repliques\/pistoler-replikor\/replique-pistolet-m1911-a1-noir-bois\/","title":{"rendered":"R\u00e9plique Pistolet M1911 A1 Noir\/Bois | DENIX"},"content":{"rendered":"<h1>R\u00e9plique Pistolet M1911 A1 Noir \/ Crosse en Bois<\/h1>\n<h2>R\u00e9plique Authentique d'un Pistolet Iconique<\/h2>\n<p>Revivez les plus grandes batailles de l'histoire avec cette r\u00e9plique d\u00e9taill\u00e9e du pistolet M1911 A1 de DENIX. Cette reproduction est faite de m\u00e9tal et est dot\u00e9e de crosses en bois, lui conf\u00e9rant un aspect et une sensation r\u00e9alistes. La r\u00e9plique poss\u00e8de un m\u00e9canisme simul\u00e9 de chargement et de tir, des boutons de s\u00e9curit\u00e9 fonctionnels, un canon amovible et un chargeur amovible.<\/p>\n<h3>Caract\u00e9ristiques et Propri\u00e9t\u00e9s<\/h3>\n<ul>\n <li><strong>Design R\u00e9aliste :<\/strong> Fabriqu\u00e9 en m\u00e9tal et avec des crosses en bois pour un look authentique.<\/li>\n <li><strong>M\u00e9canisme Simul\u00e9 :<\/strong> La r\u00e9plique poss\u00e8de un m\u00e9canisme simul\u00e9 de chargement et de tir, offrant une exp\u00e9rience r\u00e9aliste.<\/li>\n <li><strong>Boutons de S\u00e9curit\u00e9 Fonctionnels :<\/strong> Les boutons de s\u00e9curit\u00e9 fonctionnent comme sur l'original.<\/li>\n <li><strong>Canon et Chargeur Amovibles :<\/strong> Le canon et le chargeur sont amovibles pour plus de r\u00e9alisme.<\/li>\n<\/ul>\n<p>Le M1911 est un pistolet semi-automatique robuste et fiable \u00e0 action simple, aliment\u00e9 par une cartouche .45 ACP. Il a \u00e9t\u00e9 con\u00e7u pour un usage militaire par John M. Browning, qui a \u00e9galement con\u00e7u la cartouche appropri\u00e9e pour l'arme, la .45 ACP.<\/p>\n<p>Le 29 mars 1911, il a \u00e9t\u00e9 officiellement accept\u00e9 comme arme statutaire des forces arm\u00e9es am\u00e9ricaines, recevant initialement la d\u00e9signation de pistolet semi-automatique .45, M1911. Par la suite, \u00e0 partir de 1924, sa d\u00e9signation a \u00e9t\u00e9 modifi\u00e9e en Pistolet Auto Calibre .45, M1911A1. Au total, l'arm\u00e9e a acquis environ 2,7 millions de pistolets au cours de sa dur\u00e9e de vie.<\/p>\n<p>Il a \u00e9t\u00e9 largement utilis\u00e9 pendant la Premi\u00e8re Guerre mondiale, la Seconde Guerre mondiale, la guerre de Cor\u00e9e et la guerre du Vietnam. Il est rest\u00e9 en service continu dans l'arm\u00e9e am\u00e9ricaine jusqu'en 1985, date \u00e0 laquelle il a \u00e9t\u00e9 remplac\u00e9 par le pistolet Beretta. Certaines variantes sont encore en production et, compte tenu de leur popularit\u00e9, elles sont toujours actives dans certaines unit\u00e9s des forces sp\u00e9ciales, des forces navales et du corps des Marines.<\/p>\n<p><strong>Sp\u00e9cifications :<\/strong><\/p>\n<ul>\n <li>Longueur : 24 cm<\/li>\n <li>Poids : 920 g<\/li>\n<\/ul>\n<p>D\u00e9couvrez d'autres <a href=\"https:\/\/ak47.nu\/fr\/butik\/\">r\u00e9pliques d'armes<\/a> dans notre gamme et compl\u00e9tez votre collection. Visitez notre <a href=\"https:\/\/ak47.nu\/fr\/repliques\/pistoler-replikor\/\">cat\u00e9gorie de r\u00e9pliques d'armes<\/a> pour voir toute la gamme. Ne manquez pas la chance de poss\u00e9der un morceau d'histoire - explorez notre gamme sur la <a href=\"https:\/\/ak47.nu\/fr\/\">page d'accueil<\/a> d\u00e8s aujourd'hui !<\/p>","protected":false},"excerpt":{"rendered":"<p>K\u00f6p en h\u00f6gkvalitativ replika av M1911 A1-pistolen med svart finish och tr\u00e4kolv. Perfekt f\u00f6r samlare och entusiaster. Best\u00e4ll idag f\u00f6r att f\u00e5 den b\u00e4sta priset och snabb leverans.<\/p>","protected":false},"featured_media":19135,"template":"","meta":[],"product_brand":[],"product_cat":[442],"product_tag":[],"class_list":{"0":"post-19140","1":"product","2":"type-product","3":"status-publish","4":"has-post-thumbnail","6":"product_cat-pistoler-replikor","7":"pa_brand-denix","9":"first","10":"outofstock","11":"taxable","12":"shipping-taxable","13":"purchasable","14":"product-type-simple"},"_links":{"self":[{"href":"https:\/\/ak47.nu\/fr\/wp-json\/wp\/v2\/product\/19140","targetHints":{"allow":["GET"]}}],"collection":[{"href":"https:\/\/ak47.nu\/fr\/wp-json\/wp\/v2\/product"}],"about":[{"href":"https:\/\/ak47.nu\/fr\/wp-json\/wp\/v2\/types\/product"}],"wp:featuredmedia":[{"embeddable":true,"href":"https:\/\/ak47.nu\/fr\/wp-json\/wp\/v2\/media\/19135"}],"wp:attachment":[{"href":"https:\/\/ak47.nu\/fr\/wp-json\/wp\/v2\/media?parent=19140"}],"wp:term":[{"taxonomy":"product_brand","embeddable":true,"href":"https:\/\/ak47.nu\/fr\/wp-json\/wp\/v2\/product_brand?post=19140"},{"taxonomy":"product_cat","embeddable":true,"href":"https:\/\/ak47.nu\/fr\/wp-json\/wp\/v2\/product_cat?post=19140"},{"taxonomy":"product_tag","embeddable":true,"href":"https:\/\/ak47.nu\/fr\/wp-json\/wp\/v2\/product_tag?post=19140"}],"curies":[{"name":"wp","href":"https:\/\/api.w.org\/{rel}","templated":true}]}}