{"id":19168,"date":"2022-05-06T14:18:51","date_gmt":"2022-05-06T12:18:51","guid":{"rendered":"https:\/\/ak47.nu\/produkt\/mauser-c96-replica\/"},"modified":"2025-12-03T12:48:55","modified_gmt":"2025-12-03T11:48:55","slug":"replique-mauser-c96","status":"publish","type":"product","link":"https:\/\/ak47.nu\/fr\/produit\/repliques\/pistoler-replikor\/replique-mauser-c96\/","title":{"rendered":"R\u00e9plique Mauser C96 | DENIX"},"content":{"rendered":"<h1>R\u00e9plique Mauser C96<\/h1>\n<h2>R\u00e9plique historique du Mauser C96<\/h2>\n<p>Le Mauser C96 (Construktion 96) a \u00e9t\u00e9 fabriqu\u00e9 par le fabricant allemand Mauser entre 1896 et 1937. Cette r\u00e9plique capture l'essence de l'original, qui a \u00e9t\u00e9 principalement utilis\u00e9 pendant la Premi\u00e8re Guerre mondiale et aussi pendant la Seconde Guerre mondiale. Parfait pour les collectionneurs et les passionn\u00e9s d'histoire.<\/p>\n<h3>Sp\u00e9cifications<\/h3>\n<ul>\n<li><strong>Longueur :<\/strong> 32 cm<\/li>\n<li><strong>Poids :<\/strong> 1120 g<\/li>\n<\/ul>\n<h3>R\u00e9plique d\u00e9corative<\/h3>\n<p>Nos r\u00e9pliques sont sans licence et ne peuvent pas \u00eatre aff\u00fbt\u00e9es, ce qui les rend s\u00fbres pour l'exposition. Elles sont \u00e9l\u00e9gantes et cool comme d\u00e9coration dans la maison, le bureau ou le mus\u00e9e. <a href=\"https:\/\/ak47.nu\/fr\/butik\/\">D\u00e9couvrez d'autres r\u00e9pliques authentiques<\/a> dans notre collection. Cette r\u00e9plique de Mauser C96 est un excellent ajout aux <a href=\"https:\/\/ak47.nu\/fr\/repliques\/pistoler-replikor\/\">r\u00e9pliques d'armes<\/a> et ajoute une touche historique \u00e0 votre environnement.<\/p>\n<p>Parfait comme cadeau ou pour compl\u00e9ter votre propre collection. Commandez votre r\u00e9plique de Mauser C96 d\u00e8s aujourd'hui et d\u00e9couvrez un morceau d'histoire. Visitez notre <a href=\"https:\/\/ak47.nu\/fr\/\">page d'accueil<\/a> pour explorer toute notre gamme de r\u00e9pliques historiques !<\/p>","protected":false},"excerpt":{"rendered":"<p>K\u00f6p en h\u00f6gkvalitativ Mauser C96-replika online &#8211; Perfekt f\u00f6r samlare och entusiaster. Uppt\u00e4ck v\u00e5rt breda utbud av autentiska replikor till konkurrenskraftiga priser. Best\u00e4ll din Mauser C96-replika idag och njut av den historiska sk\u00f6nheten och precisionen hos detta ikoniska vapen.<\/p>","protected":false},"featured_media":19165,"template":"","meta":[],"product_brand":[],"product_cat":[442],"product_tag":[],"class_list":{"0":"post-19168","1":"product","2":"type-product","3":"status-publish","4":"has-post-thumbnail","6":"product_cat-pistoler-replikor","7":"pa_brand-denix","8":"pa_farg-svart","10":"first","11":"outofstock","12":"taxable","13":"shipping-taxable","14":"purchasable","15":"product-type-simple"},"_links":{"self":[{"href":"https:\/\/ak47.nu\/fr\/wp-json\/wp\/v2\/product\/19168","targetHints":{"allow":["GET"]}}],"collection":[{"href":"https:\/\/ak47.nu\/fr\/wp-json\/wp\/v2\/product"}],"about":[{"href":"https:\/\/ak47.nu\/fr\/wp-json\/wp\/v2\/types\/product"}],"wp:featuredmedia":[{"embeddable":true,"href":"https:\/\/ak47.nu\/fr\/wp-json\/wp\/v2\/media\/19165"}],"wp:attachment":[{"href":"https:\/\/ak47.nu\/fr\/wp-json\/wp\/v2\/media?parent=19168"}],"wp:term":[{"taxonomy":"product_brand","embeddable":true,"href":"https:\/\/ak47.nu\/fr\/wp-json\/wp\/v2\/product_brand?post=19168"},{"taxonomy":"product_cat","embeddable":true,"href":"https:\/\/ak47.nu\/fr\/wp-json\/wp\/v2\/product_cat?post=19168"},{"taxonomy":"product_tag","embeddable":true,"href":"https:\/\/ak47.nu\/fr\/wp-json\/wp\/v2\/product_tag?post=19168"}],"curies":[{"name":"wp","href":"https:\/\/api.w.org\/{rel}","templated":true}]}}