{"id":19217,"date":"2022-05-06T14:19:09","date_gmt":"2022-05-06T12:19:09","guid":{"rendered":"https:\/\/ak47.nu\/produkt\/pistol-browning-high-power-hp-35-belgium-usa-replica\/"},"modified":"2025-12-03T19:24:08","modified_gmt":"2025-12-03T18:24:08","slug":"replique-pistolet-browning-hp-35-belgique-usa","status":"publish","type":"product","link":"https:\/\/ak47.nu\/fr\/produit\/repliques\/pistoler-replikor\/replique-pistolet-browning-hp-35-belgique-usa\/","title":{"rendered":"R\u00e9plique Pistolet Browning HP-35 Belgique\/USA | DENIX"},"content":{"rendered":"<h1>R\u00e9plique de Pistolet Browning High Power HP-35<\/h1>\n<h2>R\u00e9plique historique d'un pistolet classique<\/h2>\n<p>R\u00e9plique du c\u00e9l\u00e8bre pistolet am\u00e9ricain\/belge HP ou HP-35 (Hi-Power). Historiquement, ce mod\u00e8le a \u00e9t\u00e9 le plus largement distribu\u00e9 et utilis\u00e9 comme arme de poing de l'arm\u00e9e dans le monde entier, ayant \u00e9t\u00e9 utilis\u00e9 activement dans plus de 50 pays. L'original \u00e9tait un semi-automatique avec un chargeur de 13 cartouches, ce qui l'a rendu extr\u00eamement populaire par rapport, par exemple, au Luger.<\/p>\n<h3>R\u00e9plique authentique pour les collectionneurs<\/h3>\n<p>Cette r\u00e9plique permet le mouvement de la culasse et la simulation de tir. Parfait pour ceux qui aiment la Seconde Guerre mondiale et veulent une r\u00e9plique dans leur collection ! Cette r\u00e9plique d\u00e9taill\u00e9e capture la sensation de l'original tout en offrant un mod\u00e8le s\u00fbr et non fonctionnel pour les collectionneurs et les passionn\u00e9s d'histoire. Avec son poids impressionnant et sa taille r\u00e9aliste, c'est un excellent ajout \u00e0 toute collection. Si vous aimez les r\u00e9pliques d'armes historiques, cette r\u00e9plique est un incontournable !<\/p>\n<ul>\n <li>Longueur totale : 19 cm<\/li>\n <li>Poids : 912 g<\/li>\n <li>Taille : 22 x 15 x 4 cm<\/li>\n<\/ul>\n<p>Num\u00e9ro d'article Denix : 1235. Compl\u00e9tez votre collection avec cette r\u00e9plique historique. <a href=\"https:\/\/ak47.nu\/fr\/butik\/\">D\u00e9couvrez nos autres r\u00e9pliques<\/a> pour trouver d'autres articles int\u00e9ressants. Explorez notre gamme de <a href=\"https:\/\/ak47.nu\/fr\/repliques\/pistoler-replikor\/\">r\u00e9pliques d'armes<\/a> et trouvez vos pr\u00e9f\u00e9r\u00e9es. Visitez <a href=\"https:\/\/ak47.nu\/fr\/\">notre page d'accueil<\/a> pour voir notre gamme compl\u00e8te.<\/p>","protected":false},"excerpt":{"rendered":"<p>K\u00f6p en exakt kopia av Browning High Power &#8211; HP-35 pistolen tillverkad i Belgien och USA. Perfekt f\u00f6r samlare och vapenentusiaster. Best\u00e4ll din replika idag!<\/p>","protected":false},"featured_media":19211,"template":"","meta":[],"product_brand":[],"product_cat":[442],"product_tag":[],"class_list":{"0":"post-19217","1":"product","2":"type-product","3":"status-publish","4":"has-post-thumbnail","6":"product_cat-pistoler-replikor","7":"pa_brand-denix","8":"pa_farg-svart","10":"first","11":"outofstock","12":"sale","13":"taxable","14":"shipping-taxable","15":"purchasable","16":"product-type-simple"},"_links":{"self":[{"href":"https:\/\/ak47.nu\/fr\/wp-json\/wp\/v2\/product\/19217","targetHints":{"allow":["GET"]}}],"collection":[{"href":"https:\/\/ak47.nu\/fr\/wp-json\/wp\/v2\/product"}],"about":[{"href":"https:\/\/ak47.nu\/fr\/wp-json\/wp\/v2\/types\/product"}],"wp:featuredmedia":[{"embeddable":true,"href":"https:\/\/ak47.nu\/fr\/wp-json\/wp\/v2\/media\/19211"}],"wp:attachment":[{"href":"https:\/\/ak47.nu\/fr\/wp-json\/wp\/v2\/media?parent=19217"}],"wp:term":[{"taxonomy":"product_brand","embeddable":true,"href":"https:\/\/ak47.nu\/fr\/wp-json\/wp\/v2\/product_brand?post=19217"},{"taxonomy":"product_cat","embeddable":true,"href":"https:\/\/ak47.nu\/fr\/wp-json\/wp\/v2\/product_cat?post=19217"},{"taxonomy":"product_tag","embeddable":true,"href":"https:\/\/ak47.nu\/fr\/wp-json\/wp\/v2\/product_tag?post=19217"}],"curies":[{"name":"wp","href":"https:\/\/api.w.org\/{rel}","templated":true}]}}