{"id":19263,"date":"2022-05-06T14:20:14","date_gmt":"2022-05-06T12:20:14","guid":{"rendered":"https:\/\/ak47.nu\/produkt\/flintlock-carbine-france-1806-replica-rifle\/"},"modified":"2025-12-03T19:48:16","modified_gmt":"2025-12-03T18:48:16","slug":"carabine-a-silex-france-1806-replique-fusil","status":"publish","type":"product","link":"https:\/\/ak47.nu\/fr\/produit\/repliques\/gevar-replikor\/carabine-a-silex-france-1806-replique-fusil\/","title":{"rendered":"CARABINE \u00c0 SILEX France 1806 R\u00e9plique | DENIX"},"content":{"rendered":"<h1>CARABINE \u00c0 SILEX, FRANCE 1806 R\u00e9plique de Fusil<\/h1>\n<h2>Revivez l'histoire avec cette r\u00e9plique de carabine \u00e0 silex de 1806<\/h2>\n<p>Cette r\u00e9plique d\u00e9taill\u00e9e d'une carabine \u00e0 silex de l'\u00e9poque napol\u00e9onienne est fabriqu\u00e9e en m\u00e9tal et en bois, avec un m\u00e9canisme de chargement et de tir simul\u00e9. Parfait pour les collectionneurs et les passionn\u00e9s d'histoire qui souhaitent d\u00e9couvrir un morceau du pass\u00e9.<\/p>\n<h3>Le m\u00e9canisme \u00e0 silex<\/h3>\n<p>Les carabines \u00e0 silex utilisaient un silex ou une pierre \u00e0 silex pour cr\u00e9er une \u00e9tincelle qui enflammait la poudre lorsque le chien \u00e9tait d\u00e9clench\u00e9. Apr\u00e8s chaque tir, le rechargement manuel des munitions \u00e9tait n\u00e9cessaire. Les munitions \u00e9taient constitu\u00e9es de poudre \u00e0 canon, d'un projectile et d'une bourre en papier utilis\u00e9e comme bouchon pour maintenir les deux pr\u00e9c\u00e9dents comprim\u00e9s \u00e0 l'int\u00e9rieur du canon.<\/p>\n<ul>\n<li>R\u00e9plique d'une carabine \u00e0 silex de 1806<\/li>\n<li>Fabriqu\u00e9e en m\u00e9tal et en bois<\/li>\n<li>M\u00e9canisme de chargement et de tir simul\u00e9<\/li>\n<\/ul>\n<h3>Avantages et limites de la carabine<\/h3>\n<p>Les carabines \u00e9taient plus pr\u00e9cises que les pistolets et avaient une port\u00e9e effective plus longue. La s\u00e9quence de chargement et de tir \u00e9tait complexe et n\u00e9cessitait des exercices r\u00e9p\u00e9t\u00e9s pour que les recrues puissent effectuer instinctivement dans le feu de l'action. Un soldat bien entra\u00een\u00e9 pouvait th\u00e9oriquement tirer cinq coups par minute, mais en combat normal, il s'agissait plut\u00f4t de deux ou trois coups par minute, voire moins si la confrontation durait longtemps. La trajectoire de la balle \u00e9tait impr\u00e9cise et il \u00e9tait difficile de bien viser pendant le combat. Pour assurer l'efficacit\u00e9, une densit\u00e9 \u00e9lev\u00e9e d'armes \u00e9tait regroup\u00e9e sur un petit front et tir\u00e9e \u00e0 la distance la plus courte possible. Malgr\u00e9 cela, les soldats \u00e9taient souvent oblig\u00e9s d'utiliser la ba\u00efonnette apr\u00e8s avoir tir\u00e9.<\/p>\n<p>Napol\u00e9on Bonaparte (1769-1821), empereur de France entre 1804 et 1815, consolida et institua de nombreuses r\u00e9formes de la R\u00e9volution fran\u00e7aise. Il est consid\u00e9r\u00e9 comme l'un des plus grands g\u00e9nies militaires de l'histoire et conquit la majeure partie de l'Europe. Sentez-vous comme faisant partie des conqu\u00eates de Napol\u00e9on avec cette r\u00e9plique de <a href=\"https:\/\/ak47.nu\/fr\/butik\/\">DENIX<\/a>.<\/p>\n<p><b>R\u00e9f\u00e9rence\u00a0:<\/b> 1037<br><b>Dimensions\u00a0:<\/b> 113\u00a0cm<br><b>Poids\u00a0:<\/b> 1,850\u00a0g<\/p>\n<p>D\u00e9couvrez d'autres <a href=\"https:\/\/ak47.nu\/fr\/repliques\/gevar-replikor\/\">r\u00e9pliques d'armes<\/a> dans notre assortiment. Visitez notre <a href=\"https:\/\/ak47.nu\/fr\/\">page d'accueil<\/a> pour voir toute notre s\u00e9lection.<\/p>","protected":false},"excerpt":{"rendered":"<p>FLINTLOCK CARBINE, FRANCE 1806 \u00e4r en replikavapen av en karbin fr\u00e5n Frankrike \u00e5r 1806. Utforska denna autentiska replika f\u00f6r att uppleva den historiska k\u00e4nslan av ett flintl\u00e5sgev\u00e4r fr\u00e5n den tiden. Perfekt f\u00f6r samlare och historieentusiaster. Best\u00e4ll din egen replika idag och njut av den detaljerade designen och kvaliteten hos detta klassiska vapen.<\/p>","protected":false},"featured_media":19261,"template":"","meta":[],"product_brand":[],"product_cat":[446],"product_tag":[],"class_list":{"0":"post-19263","1":"product","2":"type-product","3":"status-publish","4":"has-post-thumbnail","6":"product_cat-gevar-replikor","7":"pa_brand-denix","9":"first","10":"outofstock","11":"sale","12":"taxable","13":"shipping-taxable","14":"purchasable","15":"product-type-simple"},"_links":{"self":[{"href":"https:\/\/ak47.nu\/fr\/wp-json\/wp\/v2\/product\/19263","targetHints":{"allow":["GET"]}}],"collection":[{"href":"https:\/\/ak47.nu\/fr\/wp-json\/wp\/v2\/product"}],"about":[{"href":"https:\/\/ak47.nu\/fr\/wp-json\/wp\/v2\/types\/product"}],"wp:featuredmedia":[{"embeddable":true,"href":"https:\/\/ak47.nu\/fr\/wp-json\/wp\/v2\/media\/19261"}],"wp:attachment":[{"href":"https:\/\/ak47.nu\/fr\/wp-json\/wp\/v2\/media?parent=19263"}],"wp:term":[{"taxonomy":"product_brand","embeddable":true,"href":"https:\/\/ak47.nu\/fr\/wp-json\/wp\/v2\/product_brand?post=19263"},{"taxonomy":"product_cat","embeddable":true,"href":"https:\/\/ak47.nu\/fr\/wp-json\/wp\/v2\/product_cat?post=19263"},{"taxonomy":"product_tag","embeddable":true,"href":"https:\/\/ak47.nu\/fr\/wp-json\/wp\/v2\/product_tag?post=19263"}],"curies":[{"name":"wp","href":"https:\/\/api.w.org\/{rel}","templated":true}]}}