{"id":19283,"date":"2022-05-06T14:20:32","date_gmt":"2022-05-06T12:20:32","guid":{"rendered":"https:\/\/ak47.nu\/produkt\/mod-66-carbine-usa-1866-replica\/"},"modified":"2025-08-21T11:00:11","modified_gmt":"2025-08-21T09:00:11","slug":"mod-66-carbine-usa-1866-replica","status":"publish","type":"product","link":"https:\/\/ak47.nu\/fr\/produit\/repliques\/gevar-replikor\/mod-66-carbine-usa-1866-replica\/","title":{"rendered":"Mod. 66 Carabine, r\u00e9plique USA 1866 | DENIX"},"content":{"rendered":"<h1>Mod. 66 Carabine, r\u00e9plique USA 1866<\/h1>\n<h2>R\u00e9plique de carabine Winchester<\/h2>\n<p>Mod. 66 carabine, con\u00e7ue par Winchester, USA 1866. Cette r\u00e9plique recr\u00e9e fid\u00e8lement l'original, vous donnant une id\u00e9e de l'histoire du Far West. Il est id\u00e9al pour les collectionneurs, les passionn\u00e9s d'histoire ou comme pi\u00e8ce d\u00e9corative.<\/p>\n<h3>Importance historique<\/h3>\n<p>La carabine Winchester originale \u2013 le mod\u00e8le Winchester 1866 \u2013 \u00e9tait c\u00e9l\u00e8bre pour sa construction robuste et son m\u00e9canisme \u00e0 levier. Cela permettait au tireur de tirer plusieurs coups avant de devoir recharger : d'o\u00f9 le terme \"carabine \u00e0 r\u00e9p\u00e9tition\". Le nouveau brevet am\u00e9lior\u00e9 de Nelson King a rem\u00e9di\u00e9 aux d\u00e9fauts de la carabine Henry en incorporant une porte de chargement sur le c\u00f4t\u00e9 du cadre et en int\u00e9grant un magasin rond scell\u00e9 recouvert d'un f\u00fbt.<\/p>\n<h3>Surnom \"Yellow Boy\"<\/h3>\n<p>Initialement chambr\u00e9 en .44 Henry \u00e0 percussion annulaire, le mod\u00e8le 1866 a \u00e9t\u00e9 surnomm\u00e9 le \"Yellow Boy\" en raison de son r\u00e9cepteur en \"laiton\" (en r\u00e9alit\u00e9 un alliage de bronze appel\u00e9 bronze de canon). D\u00e9couvrez-en davantage sur les <a href=\"https:\/\/ak47.nu\/fr\/repliques\/gevar-replikor\/\">armes r\u00e9pliques<\/a> et autres <a href=\"https:\/\/ak47.nu\/fr\/butik\/\">r\u00e9pliques historiques<\/a> dans notre assortiment. Visitez <a href=\"https:\/\/ak47.nu\/fr\/\">notre site web<\/a> pour explorer toute notre gamme.<\/p>\n<ul>\n <li>R\u00e9f\u00e9rence : 1140\/G<\/li>\n <li>Dimensions : 100 cm<\/li>\n <li>Poids : 3 000 g<\/li>\n<\/ul>","protected":false},"excerpt":{"rendered":"<p>Mod. 66 Carabine, r\u00e9plique USA 1866 R\u00e9plique de carabine Winchester Mod. 66 carabine, con\u00e7ue par Winchester, USA 1866. Cette r\u00e9plique recr\u00e9e fid\u00e8lement l&#8217;original, vous donnant une id\u00e9e de l&#8217;histoire du Far West. Il est id\u00e9al pour les collectionneurs, les passionn\u00e9s d&#8217;histoire ou comme pi\u00e8ce d\u00e9corative. Importance historique La carabine Winchester originale \u2013 le mod\u00e8le Winchester [&#8230;]","protected":false},"featured_media":19274,"template":"","meta":[],"product_brand":[],"product_cat":[446,441],"product_tag":[],"class_list":{"0":"post-19283","1":"product","2":"type-product","3":"status-publish","4":"has-post-thumbnail","6":"product_cat-gevar-replikor","7":"product_cat-replikor","8":"pa_brand-denix","10":"first","11":"outofstock","12":"sale","13":"taxable","14":"shipping-taxable","15":"purchasable","16":"product-type-simple"},"_links":{"self":[{"href":"https:\/\/ak47.nu\/fr\/wp-json\/wp\/v2\/product\/19283","targetHints":{"allow":["GET"]}}],"collection":[{"href":"https:\/\/ak47.nu\/fr\/wp-json\/wp\/v2\/product"}],"about":[{"href":"https:\/\/ak47.nu\/fr\/wp-json\/wp\/v2\/types\/product"}],"wp:featuredmedia":[{"embeddable":true,"href":"https:\/\/ak47.nu\/fr\/wp-json\/wp\/v2\/media\/19274"}],"wp:attachment":[{"href":"https:\/\/ak47.nu\/fr\/wp-json\/wp\/v2\/media?parent=19283"}],"wp:term":[{"taxonomy":"product_brand","embeddable":true,"href":"https:\/\/ak47.nu\/fr\/wp-json\/wp\/v2\/product_brand?post=19283"},{"taxonomy":"product_cat","embeddable":true,"href":"https:\/\/ak47.nu\/fr\/wp-json\/wp\/v2\/product_cat?post=19283"},{"taxonomy":"product_tag","embeddable":true,"href":"https:\/\/ak47.nu\/fr\/wp-json\/wp\/v2\/product_tag?post=19283"}],"curies":[{"name":"wp","href":"https:\/\/api.w.org\/{rel}","templated":true}]}}