{"id":19285,"date":"2022-05-06T14:20:33","date_gmt":"2022-05-06T12:20:33","guid":{"rendered":"https:\/\/ak47.nu\/produkt\/carbine-model-1892-winchester-repeting-rifle-replica\/"},"modified":"2025-12-03T19:24:42","modified_gmt":"2025-12-03T18:24:42","slug":"replique-carabine-winchester-1892","status":"publish","type":"product","link":"https:\/\/ak47.nu\/fr\/produit\/repliques\/gevar-replikor\/replique-carabine-winchester-1892\/","title":{"rendered":"R\u00e9plique Carabine Winchester 1892 | DENIX"},"content":{"rendered":"<h1>R\u00e9plique de la carabine Winchester \u00e0 r\u00e9p\u00e9tition mod\u00e8le 1892<\/h1>\n<h2>R\u00e9plique authentique de la carabine Winchester 1892<\/h2>\n<p>Reproduction d'une carabine, version cowboy, en m\u00e9tal et bois, avec m\u00e9canisme de chargement et de tir simul\u00e9. Plongez dans l'Ouest am\u00e9ricain avec la reproduction historique de cette carabine DENIX. <a href=\"https:\/\/ak47.nu\/fr\/\">Explorez notre gamme<\/a> de r\u00e9pliques d'armes pour collectionneurs et reconstitueurs.<\/p>\n<h3>M\u00e9canisme de r\u00e9p\u00e9tition<\/h3>\n<p>Le mod\u00e8le 1892 \u00e9tait une carabine \u00e0 r\u00e9p\u00e9tition \u00e0 levier, c'est-\u00e0-dire qu'elle permettait de tirer plusieurs coups avant de recharger, en \u00e9jectant la douille usag\u00e9e et en la rempla\u00e7ant par une nouvelle balle gr\u00e2ce \u00e0 l'action d'un levier fix\u00e9 au pontet ; d'o\u00f9 le terme \"carabine \u00e0 r\u00e9p\u00e9tition\".<\/p>\n<h3>Principe de fonctionnement<\/h3>\n<p>Son fonctionnement consiste en une fermeture \u00e0 mouvement horizontal qui a l'aiguille align\u00e9e \u00e0 l'int\u00e9rieur ; le levier inf\u00e9rieur, lorsqu'il est activ\u00e9, d\u00e9verrouille la fermeture, puis la d\u00e9place vers l'arri\u00e8re, d\u00e9couvrant la culasse, donnant de l'espace \u00e0 une tuile de levage et armant le chien par derri\u00e8re. \u00c0 la fin de sa course vers l'arri\u00e8re, la fermeture fait passer une balle du chargeur \u00e0 la tuile de levage, puis le mouvement r\u00e9ciproque vers l'avant du levier fait monter la tuile, pla\u00e7ant la balle devant la culasse, o\u00f9 elle est pouss\u00e9e en batterie par la fermeture. Le dernier coup de levier vers le haut bloque \u00e0 nouveau le verrou en position de tir. Compl\u00e9tez votre collection avec les <a href=\"https:\/\/ak47.nu\/fr\/butik\/\">r\u00e9pliques authentiques<\/a> de DENIX.<\/p>\n<h3>Importance historique<\/h3>\n<p>La conception de ce mod\u00e8le \u00e9tait un retour \u00e0 ses origines, utilisant les cartouches de revolver plus courtes qui produisaient moins de pression. Il incorporait \u00e9galement une action Browning, qui \u00e9tait beaucoup plus r\u00e9sistante que les premiers fusils d\u00e9riv\u00e9s du Henry. Plus de 1 000 000 d'unit\u00e9s ont \u00e9t\u00e9 fabriqu\u00e9es. La plupart des fusils \u00e0 levier vus dans les films \"western\" classiques sont des carabines mod\u00e8le 1892. John Wayne a utilis\u00e9 ces fusils dans des douzaines de films sur la p\u00e9riode western entre les ann\u00e9es 1830 et 1880. D\u00e9couvrez-en davantage sur les <a href=\"https:\/\/ak47.nu\/fr\/repliques\/gevar-replikor\/\">armes historiques<\/a> dans notre collection.<\/p>\n<h3>Parfait pour les collectionneurs<\/h3>\n<p>Plongez dans l'Ouest am\u00e9ricain avec la reproduction historique de cette carabine DENIX, une arme tr\u00e8s pris\u00e9e par les reconstitueurs historiques et les collectionneurs d'armes \u00e0 feu !<\/p>","protected":false},"excerpt":{"rendered":"<p>K\u00f6p Carbine Model 1892 Winchester Repeting Rifle Replica &#8211; H\u00f6gkvalitativ replika f\u00f6r samlare och entusiaster. Utforska v\u00e5rt breda utbud av autentiska och detaljerade replikavapen. Best\u00e4ll nu f\u00f6r att l\u00e4gga till denna historiska karbin till din samling!<\/p>","protected":false},"featured_media":19275,"template":"","meta":[],"product_brand":[],"product_cat":[446],"product_tag":[],"class_list":{"0":"post-19285","1":"product","2":"type-product","3":"status-publish","4":"has-post-thumbnail","6":"product_cat-gevar-replikor","7":"pa_brand-denix","9":"first","10":"outofstock","11":"taxable","12":"shipping-taxable","13":"purchasable","14":"product-type-simple"},"_links":{"self":[{"href":"https:\/\/ak47.nu\/fr\/wp-json\/wp\/v2\/product\/19285","targetHints":{"allow":["GET"]}}],"collection":[{"href":"https:\/\/ak47.nu\/fr\/wp-json\/wp\/v2\/product"}],"about":[{"href":"https:\/\/ak47.nu\/fr\/wp-json\/wp\/v2\/types\/product"}],"wp:featuredmedia":[{"embeddable":true,"href":"https:\/\/ak47.nu\/fr\/wp-json\/wp\/v2\/media\/19275"}],"wp:attachment":[{"href":"https:\/\/ak47.nu\/fr\/wp-json\/wp\/v2\/media?parent=19285"}],"wp:term":[{"taxonomy":"product_brand","embeddable":true,"href":"https:\/\/ak47.nu\/fr\/wp-json\/wp\/v2\/product_brand?post=19285"},{"taxonomy":"product_cat","embeddable":true,"href":"https:\/\/ak47.nu\/fr\/wp-json\/wp\/v2\/product_cat?post=19285"},{"taxonomy":"product_tag","embeddable":true,"href":"https:\/\/ak47.nu\/fr\/wp-json\/wp\/v2\/product_tag?post=19285"}],"curies":[{"name":"wp","href":"https:\/\/api.w.org\/{rel}","templated":true}]}}