{"id":19349,"date":"2022-05-06T14:21:33","date_gmt":"2022-05-06T12:21:33","guid":{"rendered":"https:\/\/ak47.nu\/produkt\/replica-of-flintlock-pistol-england-18th-c\/"},"modified":"2025-12-03T19:25:35","modified_gmt":"2025-12-03T18:25:35","slug":"replique-du-pistolet-a-silex-england-18eme-c","status":"publish","type":"product","link":"https:\/\/ak47.nu\/fr\/produit\/repliques\/armes-anciennes\/replique-du-pistolet-a-silex-england-18eme-c\/","title":{"rendered":"R\u00e9plique Pistolet \u00e0 Silex, Angleterre 18\u00e8me Si\u00e8cle | DENIX"},"content":{"rendered":"<h1>R\u00e9plique de Pistolet \u00e0 Silex, Angleterre 18\u00e8me Si\u00e8cle<\/h1>\n<h2>Reproduction Authentique d'un Pistolet Historique<\/h2>\n<p>Revivez l'excitation des duels historiques avec cette r\u00e9plique d\u00e9taill\u00e9e d'un pistolet \u00e0 silex anglais du 18\u00e8me si\u00e8cle. Cette reproduction de <a href=\"https:\/\/ak47.nu\/fr\/butik\/\">DENIX armes de collection<\/a> est fabriqu\u00e9e en m\u00e9tal et en bois et dispose d'un m\u00e9canisme de chargement et de tir simul\u00e9, offrant une sensation r\u00e9aliste sans \u00eatre une arme \u00e0 feu fonctionnelle.<\/p>\n<h3>Le M\u00e9canisme du Pistolet \u00e0 Silex<\/h3>\n<p>Les pistolets \u00e0 silex utilisaient un silex qui, lorsque le chien \u00e9tait actionn\u00e9, cr\u00e9ait une \u00e9tincelle qui enflammait la poudre. Chaque tir n\u00e9cessitait un rechargement manuel des munitions, constitu\u00e9es de poudre, d'un projectile et d'une bourre en papier pour maintenir le tout comprim\u00e9 \u00e0 l'int\u00e9rieur du canon.<\/p>\n<ul>\n <li>Fabriqu\u00e9 en m\u00e9tal et en bois<\/li>\n <li>M\u00e9canisme de chargement et de tir simul\u00e9<\/li>\n <li>Conception r\u00e9aliste bas\u00e9e sur les mod\u00e8les du 18\u00e8me si\u00e8cle<\/li>\n<\/ul>\n<h3>Duels et Honneur<\/h3>\n<p>Contrairement aux duels \u00e0 l'\u00e9p\u00e9e, l'utilisation de ces armes uniformisait les r\u00e8gles du jeu. Ces duels d\u00e9coulaient souvent d'un d\u00e9sir de laver une insulte \u00e0 son honneur. Le but n'\u00e9tait g\u00e9n\u00e9ralement pas de tuer, mais d'obtenir une \u00absatisfaction\u00bb en restaurant l'honneur, m\u00eame au risque de sa vie. Ce <a href=\"https:\/\/ak47.nu\/fr\/repliques\/armes-anciennes\/\">pistolet r\u00e9plique<\/a> est une pi\u00e8ce embl\u00e9matique. Dans de nombreux pays, les duels n'\u00e9taient pas un moyen l\u00e9gal de restaurer l'honneur, ce qui obligeait les duellistes \u00e0 se rencontrer dans des endroits isol\u00e9s, g\u00e9n\u00e9ralement \u00e0 l'aube.<\/p>\n<h3>Informations sur le Produit<\/h3>\n<ul>\n <li>Dimensions : 37 cm<\/li>\n <li>Poids : 570 g<\/li>\n<\/ul>\n<p>Revivez les duels d'honneur les plus palpitants avec cette reproduction historique. Explorez notre large s\u00e9lection de reproductions historiques et <a href=\"https:\/\/ak47.nu\/fr\/\">d\u00e9couvrez votre prochain tr\u00e9sor d\u00e8s aujourd'hui<\/a>!<\/p>","protected":false},"excerpt":{"rendered":"<p>R\u00e9plique de Pistolet \u00e0 Silex, Angleterre 18\u00e8me Si\u00e8cle Reproduction Authentique d&#8217;un Pistolet Historique Revivez l&#8217;excitation des duels historiques avec cette r\u00e9plique d\u00e9taill\u00e9e d&#8217;un pistolet \u00e0 silex anglais du 18\u00e8me si\u00e8cle. Cette reproduction de DENIX armes de collection est fabriqu\u00e9e en m\u00e9tal et en bois et dispose d&#8217;un m\u00e9canisme de chargement et de tir simul\u00e9, offrant [&#8230;]","protected":false},"featured_media":19348,"template":"","meta":[],"product_brand":[],"product_cat":[447],"product_tag":[],"class_list":{"0":"post-19349","1":"product","2":"type-product","3":"status-publish","4":"has-post-thumbnail","6":"product_cat-aldre-vapen","7":"pa_brand-denix","8":"pa_farg-brun","10":"first","11":"outofstock","12":"taxable","13":"shipping-taxable","14":"purchasable","15":"product-type-simple"},"_links":{"self":[{"href":"https:\/\/ak47.nu\/fr\/wp-json\/wp\/v2\/product\/19349","targetHints":{"allow":["GET"]}}],"collection":[{"href":"https:\/\/ak47.nu\/fr\/wp-json\/wp\/v2\/product"}],"about":[{"href":"https:\/\/ak47.nu\/fr\/wp-json\/wp\/v2\/types\/product"}],"wp:featuredmedia":[{"embeddable":true,"href":"https:\/\/ak47.nu\/fr\/wp-json\/wp\/v2\/media\/19348"}],"wp:attachment":[{"href":"https:\/\/ak47.nu\/fr\/wp-json\/wp\/v2\/media?parent=19349"}],"wp:term":[{"taxonomy":"product_brand","embeddable":true,"href":"https:\/\/ak47.nu\/fr\/wp-json\/wp\/v2\/product_brand?post=19349"},{"taxonomy":"product_cat","embeddable":true,"href":"https:\/\/ak47.nu\/fr\/wp-json\/wp\/v2\/product_cat?post=19349"},{"taxonomy":"product_tag","embeddable":true,"href":"https:\/\/ak47.nu\/fr\/wp-json\/wp\/v2\/product_tag?post=19349"}],"curies":[{"name":"wp","href":"https:\/\/api.w.org\/{rel}","templated":true}]}}