{"id":19414,"date":"2022-05-06T14:22:39","date_gmt":"2022-05-06T12:22:39","guid":{"rendered":"https:\/\/ak47.nu\/produkt\/replica-of-kentucky-pistol-usa-19th-c-2\/"},"modified":"2025-08-21T10:59:09","modified_gmt":"2025-08-21T08:59:09","slug":"replique-pistolet-kentucky-usa-19eme-siecle-2","status":"publish","type":"product","link":"https:\/\/ak47.nu\/fr\/produit\/repliques\/armes-anciennes\/replique-pistolet-kentucky-usa-19eme-siecle-2\/","title":{"rendered":"R\u00e9plique Pistolet Kentucky | USA 19\u00e8me | DENIX"},"content":{"rendered":"<h1>R\u00e9plique du Pistolet Kentucky, USA 19\u00e8me Si\u00e8cle<\/h1>\n<h2>R\u00e9plique de Pistolet \u00e0 Silex avec M\u00e9canisme Simul\u00e9<\/h2>\n<p>Reproduction d'un pistolet \u00e0 silex en m\u00e9tal et en bois, dot\u00e9 d'un m\u00e9canisme de chargement et de tir simul\u00e9. Les pistolets \u00e0 silex utilisaient un morceau de silex pour cr\u00e9er une \u00e9tincelle lorsque le chien \u00e9tait actionn\u00e9, enflammant ainsi la poudre \u00e0 canon. Tous ces pistolets n\u00e9cessitaient un rechargement manuel apr\u00e8s chaque tir. Les munitions, charg\u00e9es par la gueule du canon, \u00e9taient constitu\u00e9es de poudre \u00e0 canon, d'un projectile et d'une bourre en papier pour maintenir le tout comprim\u00e9.\n<br><br>Au combat, ces pistolets \u00e9taient g\u00e9n\u00e9ralement utilis\u00e9s pour un seul tir en raison de la lenteur du processus de rechargement. Apr\u00e8s avoir tir\u00e9, les combattants avaient souvent recours \u00e0 des sabres, des \u00e9p\u00e9es ou utilisaient le pistolet comme une matraque.\n<br><br>Le pistolet Kentucky \u00e9tait une arme am\u00e9ricaine classique utilis\u00e9e par les premiers explorateurs pendant la guerre d'Ind\u00e9pendance am\u00e9ricaine (1775-1783) et la guerre de S\u00e9cession (1861-1865). Il \u00e9tait souvent associ\u00e9 \u00e0 une carabine du m\u00eame calibre, ce qui permettait \u00e0 l'utilisateur de tirer la m\u00eame balle de plomb.\n<br><br>Revivez la guerre d'Ind\u00e9pendance am\u00e9ricaine et la guerre de S\u00e9cession avec cette reproduction historique DENIX du pistolet Kentucky ! D\u00e9couvrez ceci et d'autres <a href=\"https:\/\/ak47.nu\/fr\/butik\/\">r\u00e9pliques d'armes historiques<\/a>. Visitez notre <a href=\"https:\/\/ak47.nu\/fr\/repliques\/armes-anciennes\/\">cat\u00e9gorie d'armes<\/a> pour trouver des articles correspondants. Explorez toute notre s\u00e9lection sur la <a href=\"https:\/\/ak47.nu\/fr\/\">boutique en ligne DENIX<\/a>.<\/p>\n<h3>Caract\u00e9ristiques et utilisations de la r\u00e9plique du pistolet Kentucky<\/h3>\n<ul>\n <li>R\u00e9plique d'un pistolet \u00e0 silex du 19e si\u00e8cle<\/li>\n <li>Fabriqu\u00e9 en m\u00e9tal et en bois<\/li>\n <li>M\u00e9canisme de chargement et de tir simul\u00e9<\/li>\n <li>Utilis\u00e9 pendant les guerres d'Ind\u00e9pendance et de S\u00e9cession am\u00e9ricaines<\/li>\n<\/ul>","protected":false},"excerpt":{"rendered":"<p>R\u00e9plique du Pistolet Kentucky, USA 19\u00e8me Si\u00e8cle R\u00e9plique de Pistolet \u00e0 Silex avec M\u00e9canisme Simul\u00e9 Reproduction d&#8217;un pistolet \u00e0 silex en m\u00e9tal et en bois, dot\u00e9 d&#8217;un m\u00e9canisme de chargement et de tir simul\u00e9. Les pistolets \u00e0 silex utilisaient un morceau de silex pour cr\u00e9er une \u00e9tincelle lorsque le chien \u00e9tait actionn\u00e9, enflammant ainsi la [&#8230;]","protected":false},"featured_media":19408,"template":"","meta":[],"product_brand":[],"product_cat":[447,441],"product_tag":[],"class_list":{"0":"post-19414","1":"product","2":"type-product","3":"status-publish","4":"has-post-thumbnail","6":"product_cat-aldre-vapen","7":"product_cat-replikor","8":"pa_brand-denix","10":"first","11":"outofstock","12":"taxable","13":"shipping-taxable","14":"purchasable","15":"product-type-simple"},"_links":{"self":[{"href":"https:\/\/ak47.nu\/fr\/wp-json\/wp\/v2\/product\/19414","targetHints":{"allow":["GET"]}}],"collection":[{"href":"https:\/\/ak47.nu\/fr\/wp-json\/wp\/v2\/product"}],"about":[{"href":"https:\/\/ak47.nu\/fr\/wp-json\/wp\/v2\/types\/product"}],"wp:featuredmedia":[{"embeddable":true,"href":"https:\/\/ak47.nu\/fr\/wp-json\/wp\/v2\/media\/19408"}],"wp:attachment":[{"href":"https:\/\/ak47.nu\/fr\/wp-json\/wp\/v2\/media?parent=19414"}],"wp:term":[{"taxonomy":"product_brand","embeddable":true,"href":"https:\/\/ak47.nu\/fr\/wp-json\/wp\/v2\/product_brand?post=19414"},{"taxonomy":"product_cat","embeddable":true,"href":"https:\/\/ak47.nu\/fr\/wp-json\/wp\/v2\/product_cat?post=19414"},{"taxonomy":"product_tag","embeddable":true,"href":"https:\/\/ak47.nu\/fr\/wp-json\/wp\/v2\/product_tag?post=19414"}],"curies":[{"name":"wp","href":"https:\/\/api.w.org\/{rel}","templated":true}]}}