{"id":19443,"date":"2022-05-06T14:22:53","date_gmt":"2022-05-06T12:22:53","guid":{"rendered":"https:\/\/ak47.nu\/produkt\/replica-of-cavalry-pistol-france-1806\/"},"modified":"2025-12-03T19:25:23","modified_gmt":"2025-12-03T18:25:23","slug":"replique-pistolet-cavalerie-france-1806","status":"publish","type":"product","link":"https:\/\/ak47.nu\/fr\/produit\/repliques\/armes-anciennes\/replique-pistolet-cavalerie-france-1806\/","title":{"rendered":"R\u00e9plique Pistolet Cavalerie, France 1806 | DENIX"},"content":{"rendered":"<h1>R\u00e9plique du Pistolet de Cavalerie, France 1806<\/h1>\n<h2>Reproduction d'un pistolet de cavalerie de l'\u00e9poque napol\u00e9onienne<\/h2>\n<p>Il s'agit d'une reproduction d'un pistolet de cavalerie de l'\u00e9poque napol\u00e9onienne, fabriqu\u00e9 en bois et en m\u00e9tal avec un m\u00e9canisme de chargement et de tir simul\u00e9. Vivez un morceau d'histoire avec cette r\u00e9plique d\u00e9taill\u00e9e !<\/p>\n<h3>Fonction et utilisation des pistolets \u00e0 silex<\/h3>\n<p>Les pistolets \u00e0 silex utilisaient un silex qui, lorsque le chien \u00e9tait actionn\u00e9, produisait une \u00e9tincelle qui enflammait la poudre \u00e0 canon. Chaque tir n\u00e9cessitait un rechargement manuel des munitions. Les munitions, qui \u00e9taient introduites par la bouche du canon, \u00e9taient constitu\u00e9es de poudre \u00e0 canon, d'un projectile et d'une bourre en papier qui maintenait les deux pr\u00e9c\u00e9dents comprim\u00e9s \u00e0 l'int\u00e9rieur du canon.<\/p>\n<ul>\n <li>Rechargement manuel n\u00e9cessaire apr\u00e8s chaque tir.<\/li>\n <li>Munitions compos\u00e9es de poudre \u00e0 canon, d'un projectile et d'une bourre en papier.<\/li>\n<\/ul>\n<p>Ces pistolets ont \u00e9t\u00e9 utilis\u00e9s comme armes d'autod\u00e9fense jusqu'au milieu du XIXe si\u00e8cle. Leur port\u00e9e effective \u00e9tait courte et ils \u00e9taient souvent utilis\u00e9s en compl\u00e9ment d'une \u00e9p\u00e9e ou d'un couteau. <a href=\"https:\/\/ak47.nu\/fr\/butik\/\">\u00c9largissez votre collection avec d'autres r\u00e9pliques authentiques<\/a>. Les pistolets \u00e0 silex \u00e9taient sujets \u00e0 de nombreux probl\u00e8mes par rapport aux armes modernes, en raison de l'humidit\u00e9 ou des tirs accidentels.<\/p>\n<h3>Utilisation au combat<\/h3>\n<p>Au combat, ces armes \u00e9taient g\u00e9n\u00e9ralement utilis\u00e9es pour un seul coup, car le rechargement \u00e9tait lent. Apr\u00e8s avoir tir\u00e9, les soldats \u00e9taient oblig\u00e9s de d\u00e9gainer leurs sabres ou leurs \u00e9p\u00e9es, ou d'utiliser le pistolet comme une matraque, car les circonstances permettaient rarement de recharger \u00e0 temps. Visitez notre <a href=\"https:\/\/ak47.nu\/fr\/repliques\/armes-anciennes\/\">cat\u00e9gorie d'armes historiques<\/a> pour voir d'autres r\u00e9pliques.<\/p>\n<p>Napol\u00e9on Bonaparte (1769-1821), empereur de France (1804-1815), a consolid\u00e9 et institu\u00e9 de nombreuses r\u00e9formes de la R\u00e9volution fran\u00e7aise. Il est consid\u00e9r\u00e9 comme l'un des plus grands g\u00e9nies militaires de l'histoire et a conquis une grande partie de l'Europe. Ses guerres de conqu\u00eate agressives ont \u00e9t\u00e9 les plus grandes op\u00e9rations militaires que l'Europe ait connues jusqu'alors, impliquant un nombre de soldats jamais vu auparavant dans les arm\u00e9es. <a href=\"https:\/\/ak47.nu\/fr\/\">D\u00e9couvrez davantage de notre gamme ici<\/a>.<\/p>\n<p>Sentez-vous comme un protagoniste des conqu\u00eates napol\u00e9oniennes du d\u00e9but du XIXe si\u00e8cle avec cette reproduction d\u00e9taill\u00e9e de Denix !<\/p>","protected":false},"excerpt":{"rendered":"<p>R\u00e9plique du Pistolet de Cavalerie, France 1806 Reproduction d&#8217;un pistolet de cavalerie de l&#8217;\u00e9poque napol\u00e9onienne Il s&#8217;agit d&#8217;une reproduction d&#8217;un pistolet de cavalerie de l&#8217;\u00e9poque napol\u00e9onienne, fabriqu\u00e9 en bois et en m\u00e9tal avec un m\u00e9canisme de chargement et de tir simul\u00e9. Vivez un morceau d&#8217;histoire avec cette r\u00e9plique d\u00e9taill\u00e9e ! Fonction et utilisation des pistolets [&#8230;]","protected":false},"featured_media":19436,"template":"","meta":[],"product_brand":[],"product_cat":[447],"product_tag":[],"class_list":{"0":"post-19443","1":"product","2":"type-product","3":"status-publish","4":"has-post-thumbnail","6":"product_cat-aldre-vapen","7":"pa_brand-denix","8":"pa_farg-guld","10":"first","11":"outofstock","12":"taxable","13":"shipping-taxable","14":"purchasable","15":"product-type-simple"},"_links":{"self":[{"href":"https:\/\/ak47.nu\/fr\/wp-json\/wp\/v2\/product\/19443","targetHints":{"allow":["GET"]}}],"collection":[{"href":"https:\/\/ak47.nu\/fr\/wp-json\/wp\/v2\/product"}],"about":[{"href":"https:\/\/ak47.nu\/fr\/wp-json\/wp\/v2\/types\/product"}],"wp:featuredmedia":[{"embeddable":true,"href":"https:\/\/ak47.nu\/fr\/wp-json\/wp\/v2\/media\/19436"}],"wp:attachment":[{"href":"https:\/\/ak47.nu\/fr\/wp-json\/wp\/v2\/media?parent=19443"}],"wp:term":[{"taxonomy":"product_brand","embeddable":true,"href":"https:\/\/ak47.nu\/fr\/wp-json\/wp\/v2\/product_brand?post=19443"},{"taxonomy":"product_cat","embeddable":true,"href":"https:\/\/ak47.nu\/fr\/wp-json\/wp\/v2\/product_cat?post=19443"},{"taxonomy":"product_tag","embeddable":true,"href":"https:\/\/ak47.nu\/fr\/wp-json\/wp\/v2\/product_tag?post=19443"}],"curies":[{"name":"wp","href":"https:\/\/api.w.org\/{rel}","templated":true}]}}