{"id":19448,"date":"2022-05-06T14:22:57","date_gmt":"2022-05-06T12:22:57","guid":{"rendered":"https:\/\/ak47.nu\/produkt\/replica-of-flintlock-pirate-pistol-18th-c\/"},"modified":"2026-02-24T11:28:35","modified_gmt":"2026-02-24T10:28:35","slug":"replique-pistolet-a-silex-pirate-18eme","status":"publish","type":"product","link":"https:\/\/ak47.nu\/fr\/produit\/repliques\/armes-anciennes\/replique-pistolet-a-silex-pirate-18eme\/","title":{"rendered":"R\u00e9plique Pistolet \u00e0 Silex Pirate, 18\u00e8me | DENIX"},"content":{"rendered":"<h1>R\u00e9plique de Pistolet \u00e0 Silex Pirate du 18\u00e8me Si\u00e8cle<\/h1>\n<h2>Reproduction Authentique d'un Pistolet de Pirate<\/h2>\n<p>Ce pistolet \u00e0 silex est une reproduction faite de bois et de m\u00e9tal, avec un m\u00e9canisme simul\u00e9 de chargement et de tir. Vivez le frisson des mers des Cara\u00efbes avec cette r\u00e9plique historique de Denix ! <a href=\"https:\/\/ak47.nu\/fr\/\">Explorez notre gamme<\/a> d'armes r\u00e9pliques et trouvez vos pr\u00e9f\u00e9r\u00e9es.<\/p>\n\n<h3>Fonctionnement du Pistolet \u00e0 Silex<\/h3>\n<p>Les pistolets \u00e0 silex \u00e9taient parmi les armes \u00e0 feu les plus courantes utilis\u00e9es par les pirates au 18\u00e8me si\u00e8cle. Ils avaient un silex qui, lorsqu'il \u00e9tait d\u00e9clench\u00e9 par le chien, cr\u00e9ait une \u00e9tincelle qui enflammait la poudre \u00e0 canon. Chaque tir n\u00e9cessitait un rechargement manuel. La cartouche \u00e9tait charg\u00e9e par la gueule et se composait de poudre \u00e0 canon, d'un projectile et d'une bourre en papier qui maintenait les deux mat\u00e9riaux comprim\u00e9s \u00e0 l'int\u00e9rieur du canon.<\/p>\n\n<h3>Utilisation au Combat<\/h3>\n<p>Au combat, ces armes \u00e9taient g\u00e9n\u00e9ralement utilis\u00e9es pour un seul coup, car le rechargement \u00e9tait lent. Apr\u00e8s avoir tir\u00e9 un coup, les pirates \u00e9taient oblig\u00e9s de d\u00e9gainer leurs sabres ou \u00e9p\u00e9es, ou d'utiliser le pistolet comme une massue s'ils n'avaient pas le temps de le recharger. Compl\u00e9tez votre <a href=\"https:\/\/ak47.nu\/fr\/repliques\/armes-anciennes\/\">\u00e9quipement de pirate<\/a> avec cette r\u00e9plique d\u00e9taill\u00e9e.<\/p>\n\n<ul>\n  <li><strong>Mat\u00e9riau :<\/strong> Bois et m\u00e9tal<\/li>\n  <li><strong>M\u00e9canisme :<\/strong> Chargement et tir simul\u00e9s<\/li>\n<\/ul>\n\n<h3>Dimensions et Poids<\/h3>\n<ul>\n  <li><strong>Longueur :<\/strong> 36 cm<\/li>\n  <li><strong>Poids :<\/strong> 550 g<\/li>\n<\/ul>\n\n<p>Revivez les aventures de pirates des Cara\u00efbes avec cette r\u00e9plique historique de Denix. Cette <a href=\"https:\/\/ak47.nu\/fr\/butik\/\">r\u00e9plique de pistolet \u00e0 silex<\/a> est parfaite pour les collectionneurs et les passionn\u00e9s d'histoire !<\/p>","protected":false},"excerpt":{"rendered":"<p>R\u00e9plique de Pistolet \u00e0 Silex Pirate du 18\u00e8me Si\u00e8cle Reproduction Authentique d&#8217;un Pistolet de Pirate Ce pistolet \u00e0 silex est une reproduction faite de bois et de m\u00e9tal, avec un m\u00e9canisme simul\u00e9 de chargement et de tir. Vivez le frisson des mers des Cara\u00efbes avec cette r\u00e9plique historique de Denix ! Explorez notre gamme d&#8217;armes [&#8230;]","protected":false},"featured_media":19446,"template":"","meta":[],"product_brand":[],"product_cat":[447],"product_tag":[],"class_list":{"0":"post-19448","1":"product","2":"type-product","3":"status-publish","4":"has-post-thumbnail","6":"product_cat-aldre-vapen","7":"pa_brand-denix","8":"pa_farg-guld","10":"first","11":"outofstock","12":"taxable","13":"shipping-taxable","14":"purchasable","15":"product-type-simple"},"_links":{"self":[{"href":"https:\/\/ak47.nu\/fr\/wp-json\/wp\/v2\/product\/19448","targetHints":{"allow":["GET"]}}],"collection":[{"href":"https:\/\/ak47.nu\/fr\/wp-json\/wp\/v2\/product"}],"about":[{"href":"https:\/\/ak47.nu\/fr\/wp-json\/wp\/v2\/types\/product"}],"wp:featuredmedia":[{"embeddable":true,"href":"https:\/\/ak47.nu\/fr\/wp-json\/wp\/v2\/media\/19446"}],"wp:attachment":[{"href":"https:\/\/ak47.nu\/fr\/wp-json\/wp\/v2\/media?parent=19448"}],"wp:term":[{"taxonomy":"product_brand","embeddable":true,"href":"https:\/\/ak47.nu\/fr\/wp-json\/wp\/v2\/product_brand?post=19448"},{"taxonomy":"product_cat","embeddable":true,"href":"https:\/\/ak47.nu\/fr\/wp-json\/wp\/v2\/product_cat?post=19448"},{"taxonomy":"product_tag","embeddable":true,"href":"https:\/\/ak47.nu\/fr\/wp-json\/wp\/v2\/product_tag?post=19448"}],"curies":[{"name":"wp","href":"https:\/\/api.w.org\/{rel}","templated":true}]}}