{"id":19450,"date":"2022-05-06T14:22:57","date_gmt":"2022-05-06T12:22:57","guid":{"rendered":"https:\/\/ak47.nu\/produkt\/replica-of-washingtons-pistol-england-18th-c\/"},"modified":"2026-04-05T11:17:35","modified_gmt":"2026-04-05T09:17:35","slug":"replique-du-pistolet-de-washington-angleterre-18e-siecle","status":"publish","type":"product","link":"https:\/\/ak47.nu\/fr\/produit\/repliques\/armes-anciennes\/replique-du-pistolet-de-washington-angleterre-18e-siecle\/","title":{"rendered":"R\u00e9plique du pistolet de Washington | DENIX"},"content":{"rendered":"<h1>R\u00e9plique du pistolet de Washington, Angleterre 18e si\u00e8cle<\/h1>\n<h2>Revivez l'histoire avec une r\u00e9plique du pistolet de George Washington<\/h2>\n<p>Cette r\u00e9plique d'un pistolet \u00e0 silex est faite de m\u00e9tal et de bois, avec un m\u00e9canisme simul\u00e9 de chargement et de tir. C'est une belle repr\u00e9sentation d'un pistolet du 18\u00e8me si\u00e8cle.<\/p>\n<p>Ce pistolet \u00e0 silex en bois, fabriqu\u00e9 artistiquement, a \u00e9t\u00e9 fabriqu\u00e9 en Angleterre sur ordre expr\u00e8s de George Washington (1732-1799), commandant en chef de l'arm\u00e9e continentale des forces r\u00e9volutionnaires pendant la guerre d'ind\u00e9pendance am\u00e9ricaine (1775-1783) et premier pr\u00e9sident des \u00c9tats-Unis d'Am\u00e9rique (1789-1797). Avec <a href=\"https:\/\/ak47.nu\/fr\/butik\/\">cette r\u00e9plique de pistolet<\/a>, vous pouvez revivre un moment important de l'histoire.<\/p>\n<p>La guerre d'ind\u00e9pendance des \u00c9tats-Unis a \u00e9t\u00e9 un long conflit, qui a oppos\u00e9 les treize colonies britanniques d'Am\u00e9rique du Nord au Royaume de Grande-Bretagne pendant huit ans et demi, se terminant par la d\u00e9faite britannique \u00e0 la bataille de Yorktown et la signature du trait\u00e9 de Paris. Compte tenu de ce sc\u00e9nario, les Am\u00e9ricains ont r\u00e9ussi \u00e0 \u00e9lire leur commandant en chef, George Washington, en raison de son temp\u00e9rament et de ses capacit\u00e9s ; il \u00e9tait l'homme id\u00e9al pour ce type de campagne. Plus d'informations sur <a href=\"https:\/\/ak47.nu\/fr\/repliques\/armes-anciennes\/\">les armes r\u00e9pliques<\/a> ici.<\/p>\n<p>Revivez l'un des \u00e9pisodes les plus importants de l'histoire du monde avec la r\u00e9plique Denix de ce pistolet George Washington. Le cadeau parfait ou l'objet de collection id\u00e9al pour les passionn\u00e9s d'histoire. <a href=\"https:\/\/ak47.nu\/fr\/\">Visitez notre site web<\/a> pour d\u00e9couvrir toute notre gamme.<\/p>\n<h3>D\u00e9tails du produit :<\/h3>\n<ul>\n <li>Dimensions : 36 cm<\/li>\n <li>Poids : 680 g<\/li>\n<\/ul>","protected":false},"excerpt":{"rendered":"<p>R\u00e9plique du pistolet de Washington, Angleterre 18e si\u00e8cle Revivez l&#8217;histoire avec une r\u00e9plique du pistolet de George Washington Cette r\u00e9plique d&#8217;un pistolet \u00e0 silex est faite de m\u00e9tal et de bois, avec un m\u00e9canisme simul\u00e9 de chargement et de tir. C&#8217;est une belle repr\u00e9sentation d&#8217;un pistolet du 18\u00e8me si\u00e8cle. Ce pistolet \u00e0 silex en bois, [&#8230;]","protected":false},"featured_media":19444,"template":"","meta":[],"product_brand":[],"product_cat":[447],"product_tag":[],"class_list":{"0":"post-19450","1":"product","2":"type-product","3":"status-publish","4":"has-post-thumbnail","6":"product_cat-aldre-vapen","7":"pa_brand-denix","8":"pa_farg-gra","10":"first","11":"outofstock","12":"taxable","13":"shipping-taxable","14":"purchasable","15":"product-type-simple"},"_links":{"self":[{"href":"https:\/\/ak47.nu\/fr\/wp-json\/wp\/v2\/product\/19450","targetHints":{"allow":["GET"]}}],"collection":[{"href":"https:\/\/ak47.nu\/fr\/wp-json\/wp\/v2\/product"}],"about":[{"href":"https:\/\/ak47.nu\/fr\/wp-json\/wp\/v2\/types\/product"}],"wp:featuredmedia":[{"embeddable":true,"href":"https:\/\/ak47.nu\/fr\/wp-json\/wp\/v2\/media\/19444"}],"wp:attachment":[{"href":"https:\/\/ak47.nu\/fr\/wp-json\/wp\/v2\/media?parent=19450"}],"wp:term":[{"taxonomy":"product_brand","embeddable":true,"href":"https:\/\/ak47.nu\/fr\/wp-json\/wp\/v2\/product_brand?post=19450"},{"taxonomy":"product_cat","embeddable":true,"href":"https:\/\/ak47.nu\/fr\/wp-json\/wp\/v2\/product_cat?post=19450"},{"taxonomy":"product_tag","embeddable":true,"href":"https:\/\/ak47.nu\/fr\/wp-json\/wp\/v2\/product_tag?post=19450"}],"curies":[{"name":"wp","href":"https:\/\/api.w.org\/{rel}","templated":true}]}}