{"id":19501,"date":"2022-05-06T14:23:26","date_gmt":"2022-05-06T12:23:26","guid":{"rendered":"https:\/\/ak47.nu\/produkt\/hugo-de-payens-sword-france-1118-by-denix\/"},"modified":"2026-03-14T11:59:36","modified_gmt":"2026-03-14T10:59:36","slug":"epee-hugo-de-payens-france-1118","status":"publish","type":"product","link":"https:\/\/ak47.nu\/fr\/produit\/repliques\/replique-darmes-de-guerre\/epee-hugo-de-payens-france-1118\/","title":{"rendered":"\u00c9p\u00e9e d'Hugo de Payens, France 1118"},"content":{"rendered":"<h1>\u00c9p\u00e9e d'Hugo de Payens, France 1118 par Denix<\/h1>\n<h2>R\u00e9plique de l'\u00c9p\u00e9e d'Hugo de Payens<\/h2>\n<p>R\u00e9plique Denix de l'\u00e9p\u00e9e d'Hugo de Payens, utilis\u00e9e lors de la 1\u00e8re croisade en France, en 1118. Cette \u00e9p\u00e9e impressionnante est une r\u00e9plique d\u00e9taill\u00e9e de l'arme historique. Parfaite pour les collectionneurs et les passionn\u00e9s d'histoire qui souhaitent poss\u00e9der un morceau de l'\u00e9poque des croisades. Exposez cette magnifique \u00e9p\u00e9e chez vous ou utilisez-la dans le cadre d'une reconstitution historique.<\/p>\n<h3>Sp\u00e9cifications:<\/h3>\n<ul>\n <li><strong>Dimensions:<\/strong> 112 cm<\/li>\n <li><strong>Poids:<\/strong> 2,465 g<\/li>\n<\/ul>\n<p>Ajoutez cette \u00e9p\u00e9e unique \u00e0 votre collection d\u00e8s aujourd'hui. Explorez notre s\u00e9lection de <a href=\"https:\/\/ak47.nu\/fr\/butik\/\">r\u00e9pliques historiques<\/a> et trouvez d'autres tr\u00e9sors du pass\u00e9. Ne manquez pas l'occasion de poss\u00e9der un morceau d'histoire. Visitez notre page <a href=\"https:\/\/ak47.nu\/fr\/repliques\/replique-darmes-de-guerre\/\">d'armes de collection<\/a> pour voir notre gamme compl\u00e8te. Vous pouvez \u00e9galement visiter notre <a href=\"https:\/\/ak47.nu\/fr\/\">page d'accueil<\/a> pour d\u00e9couvrir d'autres produits fantastiques.<\/p>","protected":false},"excerpt":{"rendered":"<p>\u00c9p\u00e9e d&#8217;Hugo de Payens, France 1118 par Denix R\u00e9plique de l&#8217;\u00c9p\u00e9e d&#8217;Hugo de Payens R\u00e9plique Denix de l&#8217;\u00e9p\u00e9e d&#8217;Hugo de Payens, utilis\u00e9e lors de la 1\u00e8re croisade en France, en 1118. Cette \u00e9p\u00e9e impressionnante est une r\u00e9plique d\u00e9taill\u00e9e de l&#8217;arme historique. Parfaite pour les collectionneurs et les passionn\u00e9s d&#8217;histoire qui souhaitent poss\u00e9der un morceau de [&#8230;]","protected":false},"featured_media":19495,"template":"","meta":[],"product_brand":[],"product_cat":[448],"product_tag":[],"class_list":{"0":"post-19501","1":"product","2":"type-product","3":"status-publish","4":"has-post-thumbnail","6":"product_cat-ovriga-vapen-replikor","7":"pa_brand-denix","9":"first","10":"outofstock","11":"sale","12":"taxable","13":"shipping-taxable","14":"purchasable","15":"product-type-simple"},"_links":{"self":[{"href":"https:\/\/ak47.nu\/fr\/wp-json\/wp\/v2\/product\/19501","targetHints":{"allow":["GET"]}}],"collection":[{"href":"https:\/\/ak47.nu\/fr\/wp-json\/wp\/v2\/product"}],"about":[{"href":"https:\/\/ak47.nu\/fr\/wp-json\/wp\/v2\/types\/product"}],"wp:featuredmedia":[{"embeddable":true,"href":"https:\/\/ak47.nu\/fr\/wp-json\/wp\/v2\/media\/19495"}],"wp:attachment":[{"href":"https:\/\/ak47.nu\/fr\/wp-json\/wp\/v2\/media?parent=19501"}],"wp:term":[{"taxonomy":"product_brand","embeddable":true,"href":"https:\/\/ak47.nu\/fr\/wp-json\/wp\/v2\/product_brand?post=19501"},{"taxonomy":"product_cat","embeddable":true,"href":"https:\/\/ak47.nu\/fr\/wp-json\/wp\/v2\/product_cat?post=19501"},{"taxonomy":"product_tag","embeddable":true,"href":"https:\/\/ak47.nu\/fr\/wp-json\/wp\/v2\/product_tag?post=19501"}],"curies":[{"name":"wp","href":"https:\/\/api.w.org\/{rel}","templated":true}]}}