{"id":19518,"date":"2022-05-06T14:23:33","date_gmt":"2022-05-06T12:23:33","guid":{"rendered":"https:\/\/ak47.nu\/produkt\/leather-strap-to-mp40-replica\/"},"modified":"2025-12-03T19:46:54","modified_gmt":"2025-12-03T18:46:54","slug":"sangle-en-cuir-pour-replique-mp40","status":"publish","type":"product","link":"https:\/\/ak47.nu\/fr\/produit\/repliques\/tillbehor-replikor\/sangle-en-cuir-pour-replique-mp40\/","title":{"rendered":"Sangle en Cuir pour R\u00e9plique MP40"},"content":{"rendered":"<h1>Sangle en Cuir pour R\u00e9plique MP40<\/h1>\n<h2>Sangle en cuir authentique pour r\u00e9plique MP40<\/h2>\n<p>Cette sangle en cuir est sp\u00e9cialement con\u00e7ue pour s'adapter \u00e0 la r\u00e9plique MP40 de Denix, mais elle peut \u00e9galement \u00eatre utilis\u00e9e pour d'autres r\u00e9pliques avec le m\u00eame type de fixations. La sangle est fabriqu\u00e9e en cuir de haute qualit\u00e9 et ajoute une touche authentique \u00e0 votre r\u00e9plique. Veuillez noter que l'annonce concerne uniquement la sangle en cuir montr\u00e9e sur la photo, pas la r\u00e9plique elle-m\u00eame.<\/p>\n<p>Am\u00e9liorez l'apparence de votre r\u00e9plique MP40 avec cette sangle en cuir durable et bien fabriqu\u00e9e. Elle est facile \u00e0 installer et offre une fixation s\u00e9curis\u00e9e. D\u00e9couvrez notre gamme d'<a href=\"https:\/\/ak47.nu\/fr\/butik\/\">accessoires de r\u00e9pliques<\/a> pour compl\u00e9ter votre collection.<\/p>\n<ul>\n <li>Convient \u00e0 la r\u00e9plique MP40 de Denix et \u00e0 d'autres r\u00e9pliques avec la m\u00eame fixation<\/li>\n <li>Fabriqu\u00e9e en cuir de haute qualit\u00e9<\/li>\n <li>Offre un aspect authentique<\/li>\n <li>Facile \u00e0 installer<\/li>\n<\/ul>\n<p>D\u00e9couvrez d'autres <a href=\"https:\/\/ak47.nu\/fr\/repliques\/\">armes de r\u00e9plique<\/a> dans notre collection.  Pour plus d'informations sur notre entreprise, visitez <a href=\"https:\/\/ak47.nu\/fr\/\">notre site web<\/a>.<\/p>","protected":false},"excerpt":{"rendered":"<p>Sangle en Cuir pour R\u00e9plique MP40 Sangle en cuir authentique pour r\u00e9plique MP40 Cette sangle en cuir est sp\u00e9cialement con\u00e7ue pour s&#8217;adapter \u00e0 la r\u00e9plique MP40 de Denix, mais elle peut \u00e9galement \u00eatre utilis\u00e9e pour d&#8217;autres r\u00e9pliques avec le m\u00eame type de fixations. La sangle est fabriqu\u00e9e en cuir de haute qualit\u00e9 et ajoute une [&#8230;]","protected":false},"featured_media":19511,"template":"","meta":[],"product_brand":[],"product_cat":[449],"product_tag":[],"class_list":{"0":"post-19518","1":"product","2":"type-product","3":"status-publish","4":"has-post-thumbnail","6":"product_cat-tillbehor-replikor","7":"pa_brand-denix","9":"first","10":"outofstock","11":"sale","12":"taxable","13":"shipping-taxable","14":"purchasable","15":"product-type-simple"},"_links":{"self":[{"href":"https:\/\/ak47.nu\/fr\/wp-json\/wp\/v2\/product\/19518","targetHints":{"allow":["GET"]}}],"collection":[{"href":"https:\/\/ak47.nu\/fr\/wp-json\/wp\/v2\/product"}],"about":[{"href":"https:\/\/ak47.nu\/fr\/wp-json\/wp\/v2\/types\/product"}],"wp:featuredmedia":[{"embeddable":true,"href":"https:\/\/ak47.nu\/fr\/wp-json\/wp\/v2\/media\/19511"}],"wp:attachment":[{"href":"https:\/\/ak47.nu\/fr\/wp-json\/wp\/v2\/media?parent=19518"}],"wp:term":[{"taxonomy":"product_brand","embeddable":true,"href":"https:\/\/ak47.nu\/fr\/wp-json\/wp\/v2\/product_brand?post=19518"},{"taxonomy":"product_cat","embeddable":true,"href":"https:\/\/ak47.nu\/fr\/wp-json\/wp\/v2\/product_cat?post=19518"},{"taxonomy":"product_tag","embeddable":true,"href":"https:\/\/ak47.nu\/fr\/wp-json\/wp\/v2\/product_tag?post=19518"}],"curies":[{"name":"wp","href":"https:\/\/api.w.org\/{rel}","templated":true}]}}