{"id":19859,"date":"2022-05-07T10:39:54","date_gmt":"2022-05-07T08:39:54","guid":{"rendered":"https:\/\/ak47.nu\/produkt\/cyma-cm-125-black-elektrisk-6mm-airsoft-replica\/"},"modified":"2025-12-03T20:12:09","modified_gmt":"2025-12-03T19:12:09","slug":"cyma-cm-125-replique-pistolet-airsoft-electrique-noir","status":"publish","type":"product","link":"https:\/\/ak47.nu\/fr\/produit\/airsoft\/el-drivna\/pistoler\/cyma-cm-125-replique-pistolet-airsoft-electrique-noir\/","title":{"rendered":"CYMA CM.125 - R\u00e9plique de Pistolet Airsoft \u00c9lectrique Noir"},"content":{"rendered":"<h1>CYMA CM.125 - R\u00e9plique Airsoft 6mm \u00c9lectrique Noire<\/h1>\n<h2>R\u00e9plique de Pistolet \u00c9lectrique de CYMA<\/h2>\n<p>La r\u00e9plique CM125 de Cyma est une excellente alternative aux mod\u00e8les aliment\u00e9s au gaz vert. La partie sup\u00e9rieure de la r\u00e9plique est faite d'un alliage de zinc et d'aluminium, tandis que la poign\u00e9e du pistolet est en plastique durable. Aliment\u00e9e par une batterie de 7,2 V au lieu de gaz vert, elle fonctionne sur une base similaire aux carabines AEG. Le m\u00e9canisme de tir utilise un moteur \u00e9lectrique, plac\u00e9 verticalement dans la poign\u00e9e du pistolet, avec la batterie id\u00e9alement situ\u00e9e sous le cylindre. Tout comme l'original, il peut basculer entre les modes de tir semi-automatique et enti\u00e8rement automatique. Vous souhaitez explorer d'autres r\u00e9pliques d'airsoft? Consultez notre gamme d'<a href=\"https:\/\/ak47.nu\/fr\/butik\/\">autres mod\u00e8les<\/a>.<\/p>\n\n<h3>Caract\u00e9ristiques et Avantages<\/h3>\n<ul>\n    <li><strong>Alimentation \u00c9lectrique :<\/strong> \u00c9limine le besoin de gaz vert, offrant des performances plus constantes.<\/li>\n    <li><strong>Construction en M\u00e9tal et Plastique :<\/strong> Offre un \u00e9quilibre entre durabilit\u00e9 et conception l\u00e9g\u00e8re.<\/li>\n    <li><strong>Mode Semi-Automatique et Enti\u00e8rement Automatique :<\/strong> Flexibilit\u00e9 dans les situations de combat.<\/li>\n    <li><strong>Chargeur Low-Cap :<\/strong> Exp\u00e9rience r\u00e9aliste avec une capacit\u00e9 de 29 billes.<\/li>\n<\/ul>\n\n<h3>Le Paquet Comprend :<\/h3>\n<ul>\n    <li>1 x r\u00e9plique CM125<\/li>\n    <li>1 x Chargeur<\/li>\n    <li>1 x Chargeur de Chargeur<\/li>\n<\/ul>\n\n<p><strong>Remarque :<\/strong> Batterie non incluse. Tension de la batterie : 7,2 V. Ce mod\u00e8le n'a pas de fonction Blow Back. Version de la bo\u00eete de vitesses : Bo\u00eete de vitesses sp\u00e9ciale. Hop-Up : Oui. Fabriqu\u00e9 en plastique et en m\u00e9tal. Capacit\u00e9 du chargeur : 29 billes. Type de chargeur : Chargeur Low-Cap. Aliment\u00e9 par \u00e9lectricit\u00e9. Mode de tir : Simple, automatique. Vitesse : ~190 FPS. Fabricant : CYMA. Assurez-vous d'avoir les <a href=\"https:\/\/ak47.nu\/fr\/airsoft\/\">accessoires d'airsoft<\/a> appropri\u00e9s pour optimiser votre exp\u00e9rience. Pour plus d'informations, visitez notre <a href=\"https:\/\/ak47.nu\/fr\/\">page d'accueil<\/a>.<\/p>","protected":false},"excerpt":{"rendered":"<p>K\u00f6p CYMA CM.125 &#8211; black &#8211; Elektrisk 6mm Airsoft replica online hos. Vi erbjuder h\u00f6gkvalitativa och p\u00e5litliga airsoft-replikor till konkurrenskraftiga priser. Utforska v\u00e5rt breda utbud av CYMA CM.125 &#8211; black &#8211; Elektrisk 6mm Airsoft replicas och njut av autentiskt spel och realistiskt utseende. Best\u00e4ll nu och f\u00e5 snabb leverans och en fantastisk spelupplevelse.<\/p>","protected":false},"featured_media":19854,"template":"","meta":[],"product_brand":[],"product_cat":[399],"product_tag":[],"class_list":{"0":"post-19859","1":"product","2":"type-product","3":"status-publish","4":"has-post-thumbnail","6":"product_cat-pistoler","7":"pa_brand-cyma","9":"first","10":"instock","11":"sale","12":"taxable","13":"shipping-taxable","14":"purchasable","15":"product-type-simple"},"_links":{"self":[{"href":"https:\/\/ak47.nu\/fr\/wp-json\/wp\/v2\/product\/19859","targetHints":{"allow":["GET"]}}],"collection":[{"href":"https:\/\/ak47.nu\/fr\/wp-json\/wp\/v2\/product"}],"about":[{"href":"https:\/\/ak47.nu\/fr\/wp-json\/wp\/v2\/types\/product"}],"wp:featuredmedia":[{"embeddable":true,"href":"https:\/\/ak47.nu\/fr\/wp-json\/wp\/v2\/media\/19854"}],"wp:attachment":[{"href":"https:\/\/ak47.nu\/fr\/wp-json\/wp\/v2\/media?parent=19859"}],"wp:term":[{"taxonomy":"product_brand","embeddable":true,"href":"https:\/\/ak47.nu\/fr\/wp-json\/wp\/v2\/product_brand?post=19859"},{"taxonomy":"product_cat","embeddable":true,"href":"https:\/\/ak47.nu\/fr\/wp-json\/wp\/v2\/product_cat?post=19859"},{"taxonomy":"product_tag","embeddable":true,"href":"https:\/\/ak47.nu\/fr\/wp-json\/wp\/v2\/product_tag?post=19859"}],"curies":[{"name":"wp","href":"https:\/\/api.w.org\/{rel}","templated":true}]}}