{"id":19865,"date":"2022-05-07T10:39:59","date_gmt":"2022-05-07T08:39:59","guid":{"rendered":"https:\/\/ak47.nu\/produkt\/umarex-hk-p30-electric-airsoft-replica-6mm\/"},"modified":"2025-12-03T20:25:23","modified_gmt":"2025-12-03T19:25:23","slug":"umarex-hk-p30-replique-airsoft-electrique-6mm","status":"publish","type":"product","link":"https:\/\/ak47.nu\/fr\/produit\/airsoft\/el-drivna\/pistoler\/umarex-hk-p30-replique-airsoft-electrique-6mm\/","title":{"rendered":"UMAREX H&K P30 R&eacute;plique Airsoft &Eacute;lectrique 6mm"},"content":{"rendered":"<h1>UMAREX - H&K P30 - R&eacute;plique Airsoft &Eacute;lectrique 6mm<\/h1>\n<h2>R&eacute;plique Authentique H&K P30 avec Culasse Mobile &Eacute;lectrique<\/h2>\n<p>La r&eacute;plique de pistolet H&amp;K P30 est principalement fabriqu&eacute;e en plastique de haute qualit&eacute;. Cette r&eacute;plique airsoft est &eacute;quip&eacute;e d'une fonction EBB (culasse mobile &eacute;lectrique)- la glissi&egrave;re en plastique recule apr&egrave;s le dernier tir, comme dans la vraie arme &agrave; feu.  Cela procure une sensation r&eacute;aliste et une exp&eacute;rience plus engageante. D&eacute;couvrez notre gamme d'<a href=\"https:\/\/ak47.nu\/fr\/butik\/\">autres pistolets airsoft<\/a> pour trouver le mod&egrave;le qui vous convient. Explorez toute notre s&eacute;lection de <a href=\"https:\/\/ak47.nu\/fr\/airsoft\/\">r&eacute;pliques airsoft<\/a> sur notre site web.<\/p>\n<h3>Caract&eacute;ristiques et Fonctions<\/h3>\n<ul>\n <li><b>Culasse Mobile &Eacute;lectrique (EBB) :<\/b> La glissi&egrave;re en plastique bouge de mani&egrave;re r&eacute;aliste &agrave; chaque tir.<\/li>\n <li><b>Capacit&eacute; du Chargeur :<\/b> Chaque chargeur peut contenir 16 billes BB.<\/li>\n <li><b>Aliment&eacute; par Piles AAA :<\/b> Acc&egrave;s facile au compartiment des piles dans la poign&eacute;e pour des changements de piles rapides; aliment&eacute; par quatre piles AAA.<\/li>\n <li><b>Construction :<\/b> Fabriqu&eacute; en plastique et en m&eacute;tal de haute qualit&eacute; pour une durabilit&eacute; et un r&eacute;alisme accrus.<\/li>\n <li><b>Deux Chargeurs Inclus :<\/b> Vous obtenez deux chargeurs- r&eacute;duisant ainsi le besoin de recharger aussi souvent.<\/li>\n<\/ul>\n<h3>Sp&eacute;cifications<\/h3>\n<ul>\n <li><b>Propulsion :<\/b> &Eacute;lectrique<\/li>\n <li><b>Type de Tir :<\/b> Simple, auto<\/li>\n <li><b>Vitesse :<\/b> ~170 FPS (Pieds Par Seconde)<\/li>\n <li><b>Poids :<\/b> 287 g<\/li>\n <li><b>Mat&eacute;riau :<\/b> Plastique + m&eacute;tal<\/li>\n <li><b>Type de Chargeur :<\/b> Chargeur Low-Cap<\/li>\n<\/ul>\n<p>Les deux chargeurs inclus vous permettent de passer plus de temps &agrave; tirer et moins de temps &agrave; recharger.  Le fonctionnement &eacute;lectrique offre des performances fiables et constantes. Visitez notre <a href=\"https:\/\/ak47.nu\/fr\/\">page d'accueil<\/a> pour voir nos offres.<\/p>","protected":false},"excerpt":{"rendered":"<p>K\u00f6p UMAREX &#8211; H&amp;K P30 &#8211; Electric Airsoft Replica 6mm online f\u00f6r en realistisk och sp\u00e4nnande airsoft-upplevelse. V\u00e5r elektriska airsoft-replika av H&amp;K P30 \u00e4r tillverkad av h\u00f6gkvalitativa material och ger en autentisk k\u00e4nsla och precision. Best\u00e4ll nu f\u00f6r att bli en del av den popul\u00e4ra airsoft-v\u00e4rlden och njut av sp\u00e4nnande strider med denna p\u00e5litliga och kraftfulla 6mm-replika.<\/p>","protected":false},"featured_media":19860,"template":"","meta":[],"product_brand":[],"product_cat":[399],"product_tag":[],"class_list":{"0":"post-19865","1":"product","2":"type-product","3":"status-publish","4":"has-post-thumbnail","6":"product_cat-pistoler","7":"pa_brand-umarex","9":"first","10":"outofstock","11":"sale","12":"taxable","13":"shipping-taxable","14":"purchasable","15":"product-type-simple"},"_links":{"self":[{"href":"https:\/\/ak47.nu\/fr\/wp-json\/wp\/v2\/product\/19865","targetHints":{"allow":["GET"]}}],"collection":[{"href":"https:\/\/ak47.nu\/fr\/wp-json\/wp\/v2\/product"}],"about":[{"href":"https:\/\/ak47.nu\/fr\/wp-json\/wp\/v2\/types\/product"}],"wp:featuredmedia":[{"embeddable":true,"href":"https:\/\/ak47.nu\/fr\/wp-json\/wp\/v2\/media\/19860"}],"wp:attachment":[{"href":"https:\/\/ak47.nu\/fr\/wp-json\/wp\/v2\/media?parent=19865"}],"wp:term":[{"taxonomy":"product_brand","embeddable":true,"href":"https:\/\/ak47.nu\/fr\/wp-json\/wp\/v2\/product_brand?post=19865"},{"taxonomy":"product_cat","embeddable":true,"href":"https:\/\/ak47.nu\/fr\/wp-json\/wp\/v2\/product_cat?post=19865"},{"taxonomy":"product_tag","embeddable":true,"href":"https:\/\/ak47.nu\/fr\/wp-json\/wp\/v2\/product_tag?post=19865"}],"curies":[{"name":"wp","href":"https:\/\/api.w.org\/{rel}","templated":true}]}}