{"id":19871,"date":"2022-05-07T10:40:06","date_gmt":"2022-05-07T08:40:06","guid":{"rendered":"https:\/\/ak47.nu\/produkt\/cyma-cm-127-tan-elektrisk-6mm-airsoft\/"},"modified":"2025-12-03T20:12:12","modified_gmt":"2025-12-03T19:12:12","slug":"cyma-cm-127-tan-pistolet-airsoft-electrique","status":"publish","type":"product","link":"https:\/\/ak47.nu\/fr\/produit\/airsoft\/el-drivna\/pistoler\/cyma-cm-127-tan-pistolet-airsoft-electrique\/","title":{"rendered":"Pistolet Airsoft \u00c9lectrique 6mm CYMA CM.127 Tan"},"content":{"rendered":"<h1>Pistolet Airsoft \u00c9lectrique 6mm CYMA CM.127 Tan<\/h1>\n<h2>R\u00e9plique de pistolet \u00e9lectrique polyvalente pour tous les temps<\/h2>\n<p>Le CM127 de Cyma est une r\u00e9plique de pistolet \u00e9lectrique qui offre une excellente alternative aux mod\u00e8les \u00e0 gaz. Cette r\u00e9plique est principalement fabriqu\u00e9e en polym\u00e8re durable, y compris le cadre, la glissi\u00e8re et la d\u00e9tente. \u00c0 l'arri\u00e8re de la glissi\u00e8re, on trouve une plaque ail\u00e9e avec un s\u00e9lecteur de tir r\u00e9glable pour un meilleur contr\u00f4le. Le cran de s\u00fbret\u00e9 est id\u00e9alement situ\u00e9 sur le c\u00f4t\u00e9 droit du cadre. Avec la possibilit\u00e9 de tirer en modes semi-auto et full-auto, ce pistolet airsoft offre une flexibilit\u00e9 accrue dans diverses situations de jeu. Vous voulez voir plus de pistolets\u00a0? Consultez notre s\u00e9lection de <a href=\"https:\/\/ak47.nu\/fr\/butik\/\">pistolets airsoft<\/a>.<\/p>\n<h3>Fonctionnalit\u00e9s qui am\u00e9liorent votre jeu<\/h3>\n<ul>\n <li><strong>Modes doubles\u00a0:<\/strong> choisissez entre le semi-auto pour un tir de pr\u00e9cision et le full-auto pour un tir rapide.<\/li>\n <li><strong>Construction en polym\u00e8re\u00a0:<\/strong> construction l\u00e9g\u00e8re et durable, parfaite pour une utilisation \u00e0 long terme.<\/li>\n <li><strong>Hop-Up r\u00e9glable\u00a0:<\/strong> am\u00e9liorez la pr\u00e9cision et la port\u00e9e en r\u00e9glant le syst\u00e8me Hop-Up.<\/li>\n<\/ul>\n<p>Cette r\u00e9plique est aliment\u00e9e par une batterie qui peut \u00eatre facilement remplac\u00e9e sous la glissi\u00e8re factice, ce qui rend la maintenance rapide et facile. Gr\u00e2ce au moteur \u00e9lectrique, vous pouvez utiliser le pistolet dans toutes les conditions m\u00e9t\u00e9orologiques, contrairement aux alternatives \u00e0 gaz. Pour r\u00e9gler le syst\u00e8me Hop-Up, retirez simplement la glissi\u00e8re. Visitez <a href=\"https:\/\/ak47.nu\/fr\/\">notre site Web<\/a> pour voir tous nos produits.<\/p>\n<h3>Caract\u00e9ristiques<\/h3>\n<ul>\n <li>Vitesse\u00a0: ~200 FPS<\/li>\n <li>Source d'alimentation\u00a0: \u00e9lectrique<\/li>\n <li>Bo\u00eete de vitesses\u00a0: sp\u00e9ciale<\/li>\n <li>Modes de tir\u00a0: semi, auto<\/li>\n <li>Longueur\u00a0: 205\u00a0mm<\/li>\n <li>Poids\u00a0: 577\u00a0g<\/li>\n <li>Capacit\u00e9 du chargeur\u00a0: 29\u00a0billes<\/li>\n <li>Hop-Up\u00a0: r\u00e9glable<\/li>\n <li>Mat\u00e9riau\u00a0: plastique + m\u00e9tal<\/li>\n <li>Batterie\u00a0: 7,2\u00a0V Ni-MH (incluse)<\/li>\n<\/ul>\n<p>L'ensemble comprend un chargeur en m\u00e9tal d'une capacit\u00e9 de 29\u00a0billes, ce qui vous assure d'avoir suffisamment de munitions pour chaque escarmouche. De plus, cette r\u00e9plique est compatible avec les chargeurs AEP standard de Cyma. Vous recherchez des accessoires\u00a0? Consultez notre cat\u00e9gorie <a href=\"https:\/\/ak47.nu\/fr\/airsoft\/\">Accessoires Airsoft<\/a>.<\/p>\n<h3>Inclus dans l'emballage\u00a0:<\/h3>\n<ul>\n <li>R\u00e9plique CM127<\/li>\n <li>Chargeur<\/li>\n <li>Chargeur rapide de chargeur<\/li>\n <li>Batterie<\/li>\n <li>Chargeur (norme europ\u00e9enne)<\/li>\n <li>Tige de nettoyage<\/li>\n<\/ul>","protected":false},"excerpt":{"rendered":"<p>K\u00f6p CYMA CM.127 Tan &#8211; En elektrisk 6mm Airsoft-pistol. Utforska v\u00e5rt breda sortiment av Airsoft-vapen och utrustning. Best\u00e4ll nu f\u00f6r snabb leverans och konkurrenskraftiga priser.<\/p>","protected":false},"featured_media":19866,"template":"","meta":[],"product_brand":[],"product_cat":[399],"product_tag":[],"class_list":{"0":"post-19871","1":"product","2":"type-product","3":"status-publish","4":"has-post-thumbnail","6":"product_cat-pistoler","7":"pa_brand-cyma","9":"first","10":"outofstock","11":"taxable","12":"shipping-taxable","13":"purchasable","14":"product-type-simple"},"_links":{"self":[{"href":"https:\/\/ak47.nu\/fr\/wp-json\/wp\/v2\/product\/19871","targetHints":{"allow":["GET"]}}],"collection":[{"href":"https:\/\/ak47.nu\/fr\/wp-json\/wp\/v2\/product"}],"about":[{"href":"https:\/\/ak47.nu\/fr\/wp-json\/wp\/v2\/types\/product"}],"wp:featuredmedia":[{"embeddable":true,"href":"https:\/\/ak47.nu\/fr\/wp-json\/wp\/v2\/media\/19866"}],"wp:attachment":[{"href":"https:\/\/ak47.nu\/fr\/wp-json\/wp\/v2\/media?parent=19871"}],"wp:term":[{"taxonomy":"product_brand","embeddable":true,"href":"https:\/\/ak47.nu\/fr\/wp-json\/wp\/v2\/product_brand?post=19871"},{"taxonomy":"product_cat","embeddable":true,"href":"https:\/\/ak47.nu\/fr\/wp-json\/wp\/v2\/product_cat?post=19871"},{"taxonomy":"product_tag","embeddable":true,"href":"https:\/\/ak47.nu\/fr\/wp-json\/wp\/v2\/product_tag?post=19871"}],"curies":[{"name":"wp","href":"https:\/\/api.w.org\/{rel}","templated":true}]}}