{"id":19913,"date":"2022-05-07T10:41:49","date_gmt":"2022-05-07T08:41:49","guid":{"rendered":"https:\/\/ak47.nu\/produkt\/well-p-361-1911-a2-spring-operated-airsoft-6mm\/"},"modified":"2025-08-21T10:56:46","modified_gmt":"2025-08-21T08:56:46","slug":"well-p-361-1911-a2-airsoft-a-ressort-6mm","status":"publish","type":"product","link":"https:\/\/ak47.nu\/fr\/produit\/airsoft\/fjader\/pistoler-fjader\/well-p-361-1911-a2-airsoft-a-ressort-6mm\/","title":{"rendered":"WELL P-361 1911-A2 Airsoft \u00e0 Ressort 6mm"},"content":{"rendered":"<h1>WELL - P-361 1911-A2 Airsoft \u00e0 Ressort 6mm<\/h1>\n<h2>R\u00e9plique de Pistolet M1911A2<\/h2>\n<p>Le M1911A2 est une r\u00e9plique \u00e0 ressort, ce qui signifie que la glissi\u00e8re doit \u00eatre tir\u00e9e vers l'arri\u00e8re apr\u00e8s chaque tir. Le squelette et la glissi\u00e8re sont enti\u00e8rement en m\u00e9tal, ce qui permet \u00e0 la r\u00e9plique de tenir parfaitement dans la main de l'utilisateur et lui donne un aspect solide. Les pi\u00e8ces en polym\u00e8re comprennent les rev\u00eatements lat\u00e9raux de la poign\u00e9e, le chargeur et le canon ext\u00e9rieur. Tout comme l'arme \u00e0 feu d'origine, le M1911A2 a \u00e9t\u00e9 \u00e9quip\u00e9 de deux s\u00e9curit\u00e9s - un verrou de glissi\u00e8re et une s\u00e9curit\u00e9 de poign\u00e9e \u00e0 l'arri\u00e8re de la poign\u00e9e.<\/p>\n<p>La capacit\u00e9 du chargeur unique est de 42 BBs.<\/p>\n<h3>L'ensemble comprend :<\/h3>\n<ul>\n <li>Une r\u00e9plique<\/li>\n <li>Un chargeur<\/li>\n <li>Un manuel<\/li>\n <li>Un paquet de BBs<\/li>\n<\/ul>\n<p>D\u00e9couvrez notre large s\u00e9lection de <a href=\"https:\/\/ak47.nu\/fr\/butik\/\">r\u00e9pliques d'airsoft authentiques<\/a> pour agr\u00e9menter votre collection. Parcourez notre gamme de <a href=\"https:\/\/ak47.nu\/fr\/airsoft\/\">pistolets airsoft<\/a> et d\u00e9couvrez d'autres options. Visitez notre <a href=\"https:\/\/ak47.nu\/fr\/\">page d'accueil<\/a> pour d\u00e9couvrir toute notre gamme de produits.<\/p>","protected":false},"excerpt":{"rendered":"<p>WELL &#8211; P-361 1911-A2 Airsoft \u00e0 Ressort 6mm R\u00e9plique de Pistolet M1911A2 Le M1911A2 est une r\u00e9plique \u00e0 ressort, ce qui signifie que la glissi\u00e8re doit \u00eatre tir\u00e9e vers l&#8217;arri\u00e8re apr\u00e8s chaque tir. Le squelette et la glissi\u00e8re sont enti\u00e8rement en m\u00e9tal, ce qui permet \u00e0 la r\u00e9plique de tenir parfaitement dans la main de [&#8230;]","protected":false},"featured_media":56515,"template":"","meta":[],"product_brand":[],"product_cat":[368,417,418],"product_tag":[],"class_list":{"0":"post-19913","1":"product","2":"type-product","3":"status-publish","4":"has-post-thumbnail","6":"product_cat-airsoft","7":"product_cat-fjader","8":"product_cat-pistoler-fjader","9":"pa_brand-well","11":"first","12":"outofstock","13":"sale","14":"taxable","15":"shipping-taxable","16":"purchasable","17":"product-type-simple"},"_links":{"self":[{"href":"https:\/\/ak47.nu\/fr\/wp-json\/wp\/v2\/product\/19913","targetHints":{"allow":["GET"]}}],"collection":[{"href":"https:\/\/ak47.nu\/fr\/wp-json\/wp\/v2\/product"}],"about":[{"href":"https:\/\/ak47.nu\/fr\/wp-json\/wp\/v2\/types\/product"}],"wp:featuredmedia":[{"embeddable":true,"href":"https:\/\/ak47.nu\/fr\/wp-json\/wp\/v2\/media\/56515"}],"wp:attachment":[{"href":"https:\/\/ak47.nu\/fr\/wp-json\/wp\/v2\/media?parent=19913"}],"wp:term":[{"taxonomy":"product_brand","embeddable":true,"href":"https:\/\/ak47.nu\/fr\/wp-json\/wp\/v2\/product_brand?post=19913"},{"taxonomy":"product_cat","embeddable":true,"href":"https:\/\/ak47.nu\/fr\/wp-json\/wp\/v2\/product_cat?post=19913"},{"taxonomy":"product_tag","embeddable":true,"href":"https:\/\/ak47.nu\/fr\/wp-json\/wp\/v2\/product_tag?post=19913"}],"curies":[{"name":"wp","href":"https:\/\/api.w.org\/{rel}","templated":true}]}}