{"id":19965,"date":"2022-05-07T10:42:39","date_gmt":"2022-05-07T08:42:39","guid":{"rendered":"https:\/\/ak47.nu\/produkt\/well-p-361-1911-a1-spring-operated-airsoft-6mm\/"},"modified":"2025-12-03T20:06:08","modified_gmt":"2025-12-03T19:06:08","slug":"well-p-361-1911-a1-pistolet-airsoft-ressort","status":"publish","type":"product","link":"https:\/\/ak47.nu\/fr\/produit\/airsoft\/fjader\/pistoler-fjader\/well-p-361-1911-a1-pistolet-airsoft-ressort\/","title":{"rendered":"WELL P-361 1911-A1 Pistolet Airsoft \u00e0 Ressort | 0.5J"},"content":{"rendered":"<h1>WELL P-361 - 0,5J - 1911-A1 Airsoft 6mm \u00e0 Ressort<\/h1>\n<h2>R\u00e9plique R\u00e9aliste du M1911A1<\/h2>\n<p>Le M1911A1 est une r\u00e9plique \u00e0 ressort, ce qui signifie que la culasse doit \u00eatre tir\u00e9e vers l'arri\u00e8re apr\u00e8s chaque tir. Le squelette et la culasse sont enti\u00e8rement fabriqu\u00e9s en m\u00e9tal, ce qui permet \u00e0 la r\u00e9plique de tenir parfaitement dans la main de l'utilisateur et lui conf\u00e8re un aspect solide. Les pi\u00e8ces en polym\u00e8re comprennent les rev\u00eatements lat\u00e9raux de la poign\u00e9e, le chargeur et le canon externe. Tout comme l'arme \u00e0 feu d'origine, le M1911A1 a \u00e9t\u00e9 \u00e9quip\u00e9 de deux s\u00e9curit\u00e9s - un verrou de culasse et une s\u00e9curit\u00e9 de poign\u00e9e \u00e0 l'arri\u00e8re de la poign\u00e9e.<\/p>\n<h3>Caract\u00e9ristiques du WELL P-361<\/h3>\n<ul>\n <li>M\u00e9canisme \u00e0 ressort<\/li>\n <li>Construction enti\u00e8rement m\u00e9tallique (cadre et culasse)<\/li>\n <li>Deux s\u00e9curit\u00e9s : verrou de culasse et s\u00e9curit\u00e9 de poign\u00e9e<\/li>\n <li>Capacit\u00e9 du chargeur : 42 BBs<\/li>\n<\/ul>\n\n<p>Le chargeur a une conception unique de remplissage pour les BBs. L'ensemble comprend : la r\u00e9plique, un chargeur, un manuel et un pack de BBs.<\/p>\n\n<p>D\u00e9couvrez la sensation d'un M1911A1 classique dans une version airsoft avec cette r\u00e9plique de WELL. La construction m\u00e9tallique solide et les d\u00e9tails authentiques en font un excellent choix pour les collectionneurs et les passionn\u00e9s d'airsoft. Armez la culasse, s\u00e9curisez votre tir et dominez le terrain d'airsoft. <a href=\"https:\/\/ak47.nu\/fr\/butik\/\">Explorez notre gamme de pistolets airsoft<\/a> pour trouver d'autres options. Ne manquez pas non plus nos <a href=\"https:\/\/ak47.nu\/fr\/airsoft\/\">accessoires airsoft<\/a> pour optimiser votre exp\u00e9rience. Visitez <a href=\"https:\/\/ak47.nu\/fr\/\">notre page d'accueil<\/a> pour voir notre gamme compl\u00e8te.<\/p>","protected":false},"excerpt":{"rendered":"<p>WELL P-361 &#8211; 0,5J &#8211; 1911-A1 Airsoft 6mm \u00e0 Ressort R\u00e9plique R\u00e9aliste du M1911A1 Le M1911A1 est une r\u00e9plique \u00e0 ressort, ce qui signifie que la culasse doit \u00eatre tir\u00e9e vers l&#8217;arri\u00e8re apr\u00e8s chaque tir. Le squelette et la culasse sont enti\u00e8rement fabriqu\u00e9s en m\u00e9tal, ce qui permet \u00e0 la r\u00e9plique de tenir parfaitement dans [&#8230;]","protected":false},"featured_media":19961,"template":"","meta":[],"product_brand":[],"product_cat":[418],"product_tag":[],"class_list":{"0":"post-19965","1":"product","2":"type-product","3":"status-publish","4":"has-post-thumbnail","6":"product_cat-pistoler-fjader","7":"pa_brand-well","8":"pa_farg-svart","10":"first","11":"outofstock","12":"sale","13":"taxable","14":"shipping-taxable","15":"purchasable","16":"product-type-simple"},"_links":{"self":[{"href":"https:\/\/ak47.nu\/fr\/wp-json\/wp\/v2\/product\/19965","targetHints":{"allow":["GET"]}}],"collection":[{"href":"https:\/\/ak47.nu\/fr\/wp-json\/wp\/v2\/product"}],"about":[{"href":"https:\/\/ak47.nu\/fr\/wp-json\/wp\/v2\/types\/product"}],"wp:featuredmedia":[{"embeddable":true,"href":"https:\/\/ak47.nu\/fr\/wp-json\/wp\/v2\/media\/19961"}],"wp:attachment":[{"href":"https:\/\/ak47.nu\/fr\/wp-json\/wp\/v2\/media?parent=19965"}],"wp:term":[{"taxonomy":"product_brand","embeddable":true,"href":"https:\/\/ak47.nu\/fr\/wp-json\/wp\/v2\/product_brand?post=19965"},{"taxonomy":"product_cat","embeddable":true,"href":"https:\/\/ak47.nu\/fr\/wp-json\/wp\/v2\/product_cat?post=19965"},{"taxonomy":"product_tag","embeddable":true,"href":"https:\/\/ak47.nu\/fr\/wp-json\/wp\/v2\/product_tag?post=19965"}],"curies":[{"name":"wp","href":"https:\/\/api.w.org\/{rel}","templated":true}]}}